{"id":4747,"date":"2024-09-06T08:53:54","date_gmt":"2024-09-06T08:53:54","guid":{"rendered":"https:\/\/forumgirona.cat\/?page_id=4747"},"modified":"2024-09-06T08:55:51","modified_gmt":"2024-09-06T08:55:51","slug":"centro-desintoxicacion-en-platja-d-aro","status":"publish","type":"page","link":"https:\/\/forummontau.com\/girona\/centro-desintoxicacion-en-platja-d-aro\/","title":{"rendered":"Centro desintoxicaci\u00f3n en Platja d&#8217;Aro"},"content":{"rendered":"\t\t<div data-elementor-type=\"wp-page\" data-elementor-id=\"4747\" class=\"elementor elementor-4747\" data-elementor-post-type=\"page\">\n\t\t\t\t\t\t<section class=\"elementor-section elementor-top-section elementor-element elementor-element-36e5295 elementor-section-content-middle elementor-section-full_width elementor-section-items-stretch elementor-section-height-min-height elementor-section-height-default qodef-elementor-content-no elementor-invisible\" data-id=\"36e5295\" data-element_type=\"section\" data-e-type=\"section\" data-settings=\"{&quot;background_background&quot;:&quot;classic&quot;,&quot;animation&quot;:&quot;fadeInUp&quot;}\">\n\t\t\t\t\t\t<div class=\"elementor-container elementor-column-gap-default\">\n\t\t\t\t\t<div class=\"elementor-column elementor-col-50 elementor-top-column elementor-element elementor-element-27103dd\" data-id=\"27103dd\" data-element_type=\"column\" data-e-type=\"column\" data-settings=\"{&quot;background_background&quot;:&quot;classic&quot;}\">\n\t\t\t<div class=\"elementor-widget-wrap elementor-element-populated\">\n\t\t\t\t\t\t<div class=\"elementor-element elementor-element-1d2b624c elementor-widget elementor-widget-heading\" data-id=\"1d2b624c\" data-element_type=\"widget\" data-e-type=\"widget\" data-widget_type=\"heading.default\">\n\t\t\t\t<div class=\"elementor-widget-container\">\n\t\t\t\t\t<h1 class=\"elementor-heading-title elementor-size-default\">Centro de desintoxicaci\u00f3n en Platja d'Aro<\/h1>\t\t\t\t<\/div>\n\t\t\t\t<\/div>\n\t\t\t\t<div class=\"elementor-element elementor-element-1710236 elementor-widget elementor-widget-heading\" data-id=\"1710236\" data-element_type=\"widget\" data-e-type=\"widget\" data-widget_type=\"heading.default\">\n\t\t\t\t<div class=\"elementor-widget-container\">\n\t\t\t\t\t<p class=\"elementor-heading-title elementor-size-default\">\u00bfCrees que has desarrollado una adicci\u00f3n o sospechas que un familiar\/conocido puede tenerla?<\/p>\t\t\t\t<\/div>\n\t\t\t\t<\/div>\n\t\t\t\t<div class=\"elementor-element elementor-element-1e286d4a elementor-widget elementor-widget-heading\" data-id=\"1e286d4a\" data-element_type=\"widget\" data-e-type=\"widget\" data-widget_type=\"heading.default\">\n\t\t\t\t<div class=\"elementor-widget-container\">\n\t\t\t\t\t<p class=\"elementor-heading-title elementor-size-default\">Da el primer paso<\/p>\t\t\t\t<\/div>\n\t\t\t\t<\/div>\n\t\t\t\t<div class=\"elementor-element elementor-element-27170d24 elementor-widget elementor-widget-heading\" data-id=\"27170d24\" data-element_type=\"widget\" data-e-type=\"widget\" data-widget_type=\"heading.default\">\n\t\t\t\t<div class=\"elementor-widget-container\">\n\t\t\t\t\t<p class=\"elementor-heading-title elementor-size-default\">900 802 408<\/p>\t\t\t\t<\/div>\n\t\t\t\t<\/div>\n\t\t\t\t<div class=\"elementor-element elementor-element-79e5845e elementor-widget elementor-widget-heading\" data-id=\"79e5845e\" data-element_type=\"widget\" data-e-type=\"widget\" data-widget_type=\"heading.default\">\n\t\t\t\t<div class=\"elementor-widget-container\">\n\t\t\t\t\t<p class=\"elementor-heading-title elementor-size-default\">1\u00aa Visita gratuita <\/p>\t\t\t\t<\/div>\n\t\t\t\t<\/div>\n\t\t\t\t<div class=\"elementor-element elementor-element-29da9668 elementor-widget elementor-widget-heading\" data-id=\"29da9668\" data-element_type=\"widget\" data-e-type=\"widget\" data-widget_type=\"heading.default\">\n\t\t\t\t<div class=\"elementor-widget-container\">\n\t\t\t\t\t<p class=\"elementor-heading-title elementor-size-default\">Llama ahora sin compromiso. <br>\nTe acompa\u00f1amos desde el primer d\u00eda<\/p>\t\t\t\t<\/div>\n\t\t\t\t<\/div>\n\t\t\t\t\t<\/div>\n\t\t<\/div>\n\t\t\t\t<div class=\"elementor-column elementor-col-50 elementor-top-column elementor-element elementor-element-3fd0f3ae\" data-id=\"3fd0f3ae\" data-element_type=\"column\" data-e-type=\"column\" data-settings=\"{&quot;background_background&quot;:&quot;classic&quot;}\">\n\t\t\t<div class=\"elementor-widget-wrap elementor-element-populated\">\n\t\t\t\t\t\t<div class=\"elementor-element elementor-element-7d819459 elementor-widget elementor-widget-spacer\" data-id=\"7d819459\" data-element_type=\"widget\" data-e-type=\"widget\" data-widget_type=\"spacer.default\">\n\t\t\t\t<div class=\"elementor-widget-container\">\n\t\t\t\t\t\t\t<div class=\"elementor-spacer\">\n\t\t\t<div class=\"elementor-spacer-inner\"><\/div>\n\t\t<\/div>\n\t\t\t\t\t\t<\/div>\n\t\t\t\t<\/div>\n\t\t\t\t\t<\/div>\n\t\t<\/div>\n\t\t\t\t\t<\/div>\n\t\t<\/section>\n\t\t\t\t<section class=\"elementor-section elementor-top-section elementor-element elementor-element-42b77ea8 elementor-section-full_width elementor-section-content-middle elementor-section-stretched elementor-section-height-default elementor-section-height-default qodef-elementor-content-no elementor-invisible\" data-id=\"42b77ea8\" data-element_type=\"section\" data-e-type=\"section\" data-settings=\"{&quot;animation&quot;:&quot;fadeInUp&quot;,&quot;stretch_section&quot;:&quot;section-stretched&quot;}\">\n\t\t\t\t\t\t<div class=\"elementor-container elementor-column-gap-default\">\n\t\t\t\t\t<div class=\"elementor-column elementor-col-100 elementor-top-column elementor-element elementor-element-3a50450d\" data-id=\"3a50450d\" data-element_type=\"column\" data-e-type=\"column\">\n\t\t\t<div class=\"elementor-widget-wrap elementor-element-populated\">\n\t\t\t\t\t\t<div class=\"elementor-element elementor-element-7ec9c6a2 elementor-widget elementor-widget-heading\" data-id=\"7ec9c6a2\" data-element_type=\"widget\" data-e-type=\"widget\" data-widget_type=\"heading.default\">\n\t\t\t\t<div class=\"elementor-widget-container\">\n\t\t\t\t\t<h2 class=\"elementor-heading-title elementor-size-default\">Tratamiento integral desintoxicaci\u00f3n en Platja d'Aro<\/h2>\t\t\t\t<\/div>\n\t\t\t\t<\/div>\n\t\t\t\t<div class=\"elementor-element elementor-element-15113445 elementor-widget elementor-widget-spacer\" data-id=\"15113445\" data-element_type=\"widget\" data-e-type=\"widget\" data-widget_type=\"spacer.default\">\n\t\t\t\t<div class=\"elementor-widget-container\">\n\t\t\t\t\t\t\t<div class=\"elementor-spacer\">\n\t\t\t<div class=\"elementor-spacer-inner\"><\/div>\n\t\t<\/div>\n\t\t\t\t\t\t<\/div>\n\t\t\t\t<\/div>\n\t\t\t\t<div class=\"elementor-element elementor-element-4908f1c4 elementor-widget elementor-widget-text-editor\" data-id=\"4908f1c4\" data-element_type=\"widget\" data-e-type=\"widget\" data-widget_type=\"text-editor.default\">\n\t\t\t\t<div class=\"elementor-widget-container\">\n\t\t\t\t\t\t\t\t\t<p>Sabemos que el camino hacia la <strong>recuperaci\u00f3n<\/strong> puede parecer dif\u00edcil y, a veces, solitario, pero no tienes que enfrentarlo solo. Nuestros centro de desintoxicaci\u00f3n te ofrece un tratamiento integral y personalizado, asegurando que cada aspecto de tu recuperaci\u00f3n sea tratado con el mayor cuidado y profesionalismo.<\/p><p>Nuestro enfoque en la <strong>atenci\u00f3n integral<\/strong> significa que consideramos todas las facetas de tu bienestar: f\u00edsico, emocional y psicol\u00f3gico. Desde el primer momento te proporcionamos un plan de tratamiento dise\u00f1ado espec\u00edficamente para tus necesidades. Este enfoque personalizado es lo que nos permite ayudarte a recuperar no solo tu salud, sino tambi\u00e9n tu felicidad y bienestar a largo plazo.<\/p><p>Contamos con un <strong>equipo humano y cercano<\/strong>, compuesto por profesionales con m\u00e1s de 20 a\u00f1os de experiencia en el sector de la desintoxicaci\u00f3n y la recuperaci\u00f3n de adicciones.\u00a0<\/p><p>Nuestros expertos, que incluyen m\u00e9dicos, psic\u00f3logos, est\u00e1n dedicados a proporcionarte el <strong>apoyo constante<\/strong> que necesitas. En Forum Salud Mental, cada paciente forma parte de nuestra familia, y estamos comprometidos a estar a tu lado en cada paso del camino hacia tu recuperaci\u00f3n.<\/p><p>Sabemos que cambiar tu vida es posible porque hemos ayudado a miles de personas a lograrlo.\u00a0<\/p>\t\t\t\t\t\t\t\t<\/div>\n\t\t\t\t<\/div>\n\t\t\t\t<div class=\"elementor-element elementor-element-6a0b6c20 elementor-widget elementor-widget-heading\" data-id=\"6a0b6c20\" data-element_type=\"widget\" data-e-type=\"widget\" data-widget_type=\"heading.default\">\n\t\t\t\t<div class=\"elementor-widget-container\">\n\t\t\t\t\t<p class=\"elementor-heading-title elementor-size-default\">\u00a1Tu nuevo comienzo empieza aqu\u00ed!<\/p>\t\t\t\t<\/div>\n\t\t\t\t<\/div>\n\t\t\t\t\t<\/div>\n\t\t<\/div>\n\t\t\t\t\t<\/div>\n\t\t<\/section>\n\t\t\t\t<\/div>\n\t\t","protected":false},"excerpt":{"rendered":"<p>Centro de desintoxicaci\u00f3n en Platja d&#8217;Aro \u00bfCrees que has desarrollado una adicci\u00f3n o sospechas que un familiar\/conocido puede tenerla? Da el primer paso 900 802 408 1\u00aa Visita gratuita Llama ahora sin compromiso. Te acompa\u00f1amos desde el primer d\u00eda Tratamiento integral desintoxicaci\u00f3n en Platja d&#8217;Aro Sabemos que el camino hacia la recuperaci\u00f3n puede parecer dif\u00edcil [&hellip;]<\/p>\n","protected":false},"author":2,"featured_media":0,"parent":0,"menu_order":0,"comment_status":"closed","ping_status":"closed","template":"elementor_header_footer","meta":{"ocean_post_layout":"","ocean_both_sidebars_style":"","ocean_both_sidebars_content_width":0,"ocean_both_sidebars_sidebars_width":0,"ocean_sidebar":"","ocean_second_sidebar":"","ocean_disable_margins":"enable","ocean_add_body_class":"","ocean_shortcode_before_top_bar":"","ocean_shortcode_after_top_bar":"","ocean_shortcode_before_header":"","ocean_shortcode_after_header":"","ocean_has_shortcode":"","ocean_shortcode_after_title":"","ocean_shortcode_before_footer_widgets":"","ocean_shortcode_after_footer_widgets":"","ocean_shortcode_before_footer_bottom":"","ocean_shortcode_after_footer_bottom":"","ocean_display_top_bar":"default","ocean_display_header":"default","ocean_header_style":"","ocean_center_header_left_menu":"","ocean_custom_header_template":"","ocean_custom_logo":0,"ocean_custom_retina_logo":0,"ocean_custom_logo_max_width":0,"ocean_custom_logo_tablet_max_width":0,"ocean_custom_logo_mobile_max_width":0,"ocean_custom_logo_max_height":0,"ocean_custom_logo_tablet_max_height":0,"ocean_custom_logo_mobile_max_height":0,"ocean_header_custom_menu":"","ocean_menu_typo_font_family":"","ocean_menu_typo_font_subset":"","ocean_menu_typo_font_size":0,"ocean_menu_typo_font_size_tablet":0,"ocean_menu_typo_font_size_mobile":0,"ocean_menu_typo_font_size_unit":"px","ocean_menu_typo_font_weight":"","ocean_menu_typo_font_weight_tablet":"","ocean_menu_typo_font_weight_mobile":"","ocean_menu_typo_transform":"","ocean_menu_typo_transform_tablet":"","ocean_menu_typo_transform_mobile":"","ocean_menu_typo_line_height":0,"ocean_menu_typo_line_height_tablet":0,"ocean_menu_typo_line_height_mobile":0,"ocean_menu_typo_line_height_unit":"","ocean_menu_typo_spacing":0,"ocean_menu_typo_spacing_tablet":0,"ocean_menu_typo_spacing_mobile":0,"ocean_menu_typo_spacing_unit":"","ocean_menu_link_color":"","ocean_menu_link_color_hover":"","ocean_menu_link_color_active":"","ocean_menu_link_background":"","ocean_menu_link_hover_background":"","ocean_menu_link_active_background":"","ocean_menu_social_links_bg":"","ocean_menu_social_hover_links_bg":"","ocean_menu_social_links_color":"","ocean_menu_social_hover_links_color":"","ocean_disable_title":"default","ocean_disable_heading":"default","ocean_post_title":"","ocean_post_subheading":"","ocean_post_title_style":"","ocean_post_title_background_color":"","ocean_post_title_background":0,"ocean_post_title_bg_image_position":"","ocean_post_title_bg_image_attachment":"","ocean_post_title_bg_image_repeat":"","ocean_post_title_bg_image_size":"","ocean_post_title_height":0,"ocean_post_title_bg_overlay":0.5,"ocean_post_title_bg_overlay_color":"","ocean_disable_breadcrumbs":"default","ocean_breadcrumbs_color":"","ocean_breadcrumbs_separator_color":"","ocean_breadcrumbs_links_color":"","ocean_breadcrumbs_links_hover_color":"","ocean_display_footer_widgets":"default","ocean_display_footer_bottom":"default","ocean_custom_footer_template":"","footnotes":""},"class_list":["post-4747","page","type-page","status-publish","hentry","entry"],"yoast_head":"<!-- This site is optimized with the Yoast SEO plugin v27.5 - https:\/\/yoast.com\/product\/yoast-seo-wordpress\/ -->\n<title>Centro desintoxicaci\u00f3n en Platja d&#039;Aro - Forum Salud Mental Girona<\/title>\n<meta name=\"description\" content=\"\ud83c\udf1f Centro de desintoxicaci\u00f3n en Platja d&#039;Aro para ayudarte a superar la adicci\u00f3n. Con m\u00e1s de 20 a\u00f1os de experiencia, nuestro equipo humano y cercano \ud83e\udd1d conoce perfectamente lo que est\u00e1s viviendo y te acompa\u00f1ar\u00e1 en el proceso de recuperaci\u00f3n.\" \/>\n<meta name=\"robots\" content=\"index, follow, max-snippet:-1, max-image-preview:large, max-video-preview:-1\" \/>\n<link rel=\"canonical\" href=\"https:\/\/forummontau.com\/girona\/centro-desintoxicacion-en-platja-d-aro\/\" \/>\n<meta property=\"og:locale\" content=\"es_ES\" \/>\n<meta property=\"og:type\" content=\"article\" \/>\n<meta property=\"og:title\" content=\"Centro desintoxicaci\u00f3n en Platja d&#039;Aro - Forum Salud Mental Girona\" \/>\n<meta property=\"og:description\" content=\"\ud83c\udf1f Centro de desintoxicaci\u00f3n en Platja d&#039;Aro para ayudarte a superar la adicci\u00f3n. Con m\u00e1s de 20 a\u00f1os de experiencia, nuestro equipo humano y cercano \ud83e\udd1d conoce perfectamente lo que est\u00e1s viviendo y te acompa\u00f1ar\u00e1 en el proceso de recuperaci\u00f3n.\" \/>\n<meta property=\"og:url\" content=\"https:\/\/forummontau.com\/girona\/centro-desintoxicacion-en-platja-d-aro\/\" \/>\n<meta property=\"og:site_name\" content=\"Forum Salud Mental Girona\" \/>\n<meta property=\"article:modified_time\" content=\"2024-09-06T08:55:51+00:00\" \/>\n<meta name=\"twitter:card\" content=\"summary_large_image\" \/>\n<meta name=\"twitter:label1\" content=\"Tiempo de lectura\" \/>\n\t<meta name=\"twitter:data1\" content=\"2 minutos\" \/>\n<script type=\"application\/ld+json\" class=\"yoast-schema-graph\">{\"@context\":\"https:\\\/\\\/schema.org\",\"@graph\":[{\"@type\":\"WebPage\",\"@id\":\"https:\\\/\\\/forummontau.com\\\/girona\\\/centro-desintoxicacion-en-platja-d-aro\\\/\",\"url\":\"https:\\\/\\\/forummontau.com\\\/girona\\\/centro-desintoxicacion-en-platja-d-aro\\\/\",\"name\":\"Centro desintoxicaci\u00f3n en Platja d'Aro - Forum Salud Mental Girona\",\"isPartOf\":{\"@id\":\"https:\\\/\\\/forummontau.com\\\/girona\\\/#website\"},\"datePublished\":\"2024-09-06T08:53:54+00:00\",\"dateModified\":\"2024-09-06T08:55:51+00:00\",\"description\":\"\ud83c\udf1f Centro de desintoxicaci\u00f3n en Platja d'Aro para ayudarte a superar la adicci\u00f3n. Con m\u00e1s de 20 a\u00f1os de experiencia, nuestro equipo humano y cercano \ud83e\udd1d conoce perfectamente lo que est\u00e1s viviendo y te acompa\u00f1ar\u00e1 en el proceso de recuperaci\u00f3n.\",\"breadcrumb\":{\"@id\":\"https:\\\/\\\/forummontau.com\\\/girona\\\/centro-desintoxicacion-en-platja-d-aro\\\/#breadcrumb\"},\"inLanguage\":\"es\",\"potentialAction\":[{\"@type\":\"ReadAction\",\"target\":[\"https:\\\/\\\/forummontau.com\\\/girona\\\/centro-desintoxicacion-en-platja-d-aro\\\/\"]}]},{\"@type\":\"BreadcrumbList\",\"@id\":\"https:\\\/\\\/forummontau.com\\\/girona\\\/centro-desintoxicacion-en-platja-d-aro\\\/#breadcrumb\",\"itemListElement\":[{\"@type\":\"ListItem\",\"position\":1,\"name\":\"Portada\",\"item\":\"https:\\\/\\\/forummontau.com\\\/girona\\\/centre-desintoxicacio-i-addiccions-girona\\\/\"},{\"@type\":\"ListItem\",\"position\":2,\"name\":\"Centro desintoxicaci\u00f3n en Platja d&#8217;Aro\"}]},{\"@type\":\"WebSite\",\"@id\":\"https:\\\/\\\/forummontau.com\\\/girona\\\/#website\",\"url\":\"https:\\\/\\\/forummontau.com\\\/girona\\\/\",\"name\":\"Forum Salud Mental Girona\",\"description\":\"Centro de Desintoxicaci\u00f3n y Adicciones en Girona\",\"publisher\":{\"@id\":\"https:\\\/\\\/forummontau.com\\\/girona\\\/#organization\"},\"potentialAction\":[{\"@type\":\"SearchAction\",\"target\":{\"@type\":\"EntryPoint\",\"urlTemplate\":\"https:\\\/\\\/forummontau.com\\\/girona\\\/?s={search_term_string}\"},\"query-input\":{\"@type\":\"PropertyValueSpecification\",\"valueRequired\":true,\"valueName\":\"search_term_string\"}}],\"inLanguage\":\"es\"},{\"@type\":\"Organization\",\"@id\":\"https:\\\/\\\/forummontau.com\\\/girona\\\/#organization\",\"name\":\"Forum Salud Mental Girona\",\"url\":\"https:\\\/\\\/forummontau.com\\\/girona\\\/\",\"logo\":{\"@type\":\"ImageObject\",\"inLanguage\":\"es\",\"@id\":\"https:\\\/\\\/forummontau.com\\\/girona\\\/#\\\/schema\\\/logo\\\/image\\\/\",\"url\":\"https:\\\/\\\/forummontau.com\\\/girona\\\/wp-content\\\/uploads\\\/sites\\\/6\\\/2020\\\/02\\\/girona_forum.png\",\"contentUrl\":\"https:\\\/\\\/forummontau.com\\\/girona\\\/wp-content\\\/uploads\\\/sites\\\/6\\\/2020\\\/02\\\/girona_forum.png\",\"width\":215,\"height\":119,\"caption\":\"Forum Salud Mental Girona\"},\"image\":{\"@id\":\"https:\\\/\\\/forummontau.com\\\/girona\\\/#\\\/schema\\\/logo\\\/image\\\/\"}}]}<\/script>\n<!-- \/ Yoast SEO plugin. -->","yoast_head_json":{"title":"Centro desintoxicaci\u00f3n en Platja d'Aro - Forum Salud Mental Girona","description":"\ud83c\udf1f Centro de desintoxicaci\u00f3n en Platja d'Aro para ayudarte a superar la adicci\u00f3n. Con m\u00e1s de 20 a\u00f1os de experiencia, nuestro equipo humano y cercano \ud83e\udd1d conoce perfectamente lo que est\u00e1s viviendo y te acompa\u00f1ar\u00e1 en el proceso de recuperaci\u00f3n.","robots":{"index":"index","follow":"follow","max-snippet":"max-snippet:-1","max-image-preview":"max-image-preview:large","max-video-preview":"max-video-preview:-1"},"canonical":"https:\/\/forummontau.com\/girona\/centro-desintoxicacion-en-platja-d-aro\/","og_locale":"es_ES","og_type":"article","og_title":"Centro desintoxicaci\u00f3n en Platja d'Aro - Forum Salud Mental Girona","og_description":"\ud83c\udf1f Centro de desintoxicaci\u00f3n en Platja d'Aro para ayudarte a superar la adicci\u00f3n. Con m\u00e1s de 20 a\u00f1os de experiencia, nuestro equipo humano y cercano \ud83e\udd1d conoce perfectamente lo que est\u00e1s viviendo y te acompa\u00f1ar\u00e1 en el proceso de recuperaci\u00f3n.","og_url":"https:\/\/forummontau.com\/girona\/centro-desintoxicacion-en-platja-d-aro\/","og_site_name":"Forum Salud Mental Girona","article_modified_time":"2024-09-06T08:55:51+00:00","twitter_card":"summary_large_image","twitter_misc":{"Tiempo de lectura":"2 minutos"},"schema":{"@context":"https:\/\/schema.org","@graph":[{"@type":"WebPage","@id":"https:\/\/forummontau.com\/girona\/centro-desintoxicacion-en-platja-d-aro\/","url":"https:\/\/forummontau.com\/girona\/centro-desintoxicacion-en-platja-d-aro\/","name":"Centro desintoxicaci\u00f3n en Platja d'Aro - Forum Salud Mental Girona","isPartOf":{"@id":"https:\/\/forummontau.com\/girona\/#website"},"datePublished":"2024-09-06T08:53:54+00:00","dateModified":"2024-09-06T08:55:51+00:00","description":"\ud83c\udf1f Centro de desintoxicaci\u00f3n en Platja d'Aro para ayudarte a superar la adicci\u00f3n. Con m\u00e1s de 20 a\u00f1os de experiencia, nuestro equipo humano y cercano \ud83e\udd1d conoce perfectamente lo que est\u00e1s viviendo y te acompa\u00f1ar\u00e1 en el proceso de recuperaci\u00f3n.","breadcrumb":{"@id":"https:\/\/forummontau.com\/girona\/centro-desintoxicacion-en-platja-d-aro\/#breadcrumb"},"inLanguage":"es","potentialAction":[{"@type":"ReadAction","target":["https:\/\/forummontau.com\/girona\/centro-desintoxicacion-en-platja-d-aro\/"]}]},{"@type":"BreadcrumbList","@id":"https:\/\/forummontau.com\/girona\/centro-desintoxicacion-en-platja-d-aro\/#breadcrumb","itemListElement":[{"@type":"ListItem","position":1,"name":"Portada","item":"https:\/\/forummontau.com\/girona\/centre-desintoxicacio-i-addiccions-girona\/"},{"@type":"ListItem","position":2,"name":"Centro desintoxicaci\u00f3n en Platja d&#8217;Aro"}]},{"@type":"WebSite","@id":"https:\/\/forummontau.com\/girona\/#website","url":"https:\/\/forummontau.com\/girona\/","name":"Forum Salud Mental Girona","description":"Centro de Desintoxicaci\u00f3n y Adicciones en Girona","publisher":{"@id":"https:\/\/forummontau.com\/girona\/#organization"},"potentialAction":[{"@type":"SearchAction","target":{"@type":"EntryPoint","urlTemplate":"https:\/\/forummontau.com\/girona\/?s={search_term_string}"},"query-input":{"@type":"PropertyValueSpecification","valueRequired":true,"valueName":"search_term_string"}}],"inLanguage":"es"},{"@type":"Organization","@id":"https:\/\/forummontau.com\/girona\/#organization","name":"Forum Salud Mental Girona","url":"https:\/\/forummontau.com\/girona\/","logo":{"@type":"ImageObject","inLanguage":"es","@id":"https:\/\/forummontau.com\/girona\/#\/schema\/logo\/image\/","url":"https:\/\/forummontau.com\/girona\/wp-content\/uploads\/sites\/6\/2020\/02\/girona_forum.png","contentUrl":"https:\/\/forummontau.com\/girona\/wp-content\/uploads\/sites\/6\/2020\/02\/girona_forum.png","width":215,"height":119,"caption":"Forum Salud Mental Girona"},"image":{"@id":"https:\/\/forummontau.com\/girona\/#\/schema\/logo\/image\/"}}]}},"_links":{"self":[{"href":"https:\/\/forummontau.com\/girona\/wp-json\/wp\/v2\/pages\/4747","targetHints":{"allow":["GET"]}}],"collection":[{"href":"https:\/\/forummontau.com\/girona\/wp-json\/wp\/v2\/pages"}],"about":[{"href":"https:\/\/forummontau.com\/girona\/wp-json\/wp\/v2\/types\/page"}],"author":[{"embeddable":true,"href":"https:\/\/forummontau.com\/girona\/wp-json\/wp\/v2\/users\/2"}],"replies":[{"embeddable":true,"href":"https:\/\/forummontau.com\/girona\/wp-json\/wp\/v2\/comments?post=4747"}],"version-history":[{"count":4,"href":"https:\/\/forummontau.com\/girona\/wp-json\/wp\/v2\/pages\/4747\/revisions"}],"predecessor-version":[{"id":4752,"href":"https:\/\/forummontau.com\/girona\/wp-json\/wp\/v2\/pages\/4747\/revisions\/4752"}],"wp:attachment":[{"href":"https:\/\/forummontau.com\/girona\/wp-json\/wp\/v2\/media?parent=4747"}],"curies":[{"name":"wp","href":"https:\/\/api.w.org\/{rel}","templated":true}]}}