{"id":48,"date":"2018-01-29T17:20:44","date_gmt":"2018-01-29T17:20:44","guid":{"rendered":"https:\/\/forumgirona.cat\/?page_id=48"},"modified":"2023-09-21T15:07:10","modified_gmt":"2023-09-21T15:07:10","slug":"blog-catala","status":"publish","type":"page","link":"https:\/\/forummontau.com\/girona\/blog-catala\/","title":{"rendered":"Actualitat"},"content":{"rendered":"\t\t<div data-elementor-type=\"wp-post\" data-elementor-id=\"48\" class=\"elementor elementor-48\" data-elementor-post-type=\"page\">\n\t\t\t\t\t\t<section class=\"elementor-section elementor-top-section elementor-element elementor-element-2634e25 elementor-section-boxed elementor-section-height-default elementor-section-height-default qodef-elementor-content-no\" data-id=\"2634e25\" data-element_type=\"section\" data-e-type=\"section\">\n\t\t\t\t\t\t<div class=\"elementor-container elementor-column-gap-default\">\n\t\t\t\t\t<div class=\"elementor-column elementor-col-100 elementor-top-column elementor-element elementor-element-162c45b\" data-id=\"162c45b\" data-element_type=\"column\" data-e-type=\"column\">\n\t\t\t<div class=\"elementor-widget-wrap elementor-element-populated\">\n\t\t\t\t\t\t<div class=\"elementor-element elementor-element-1706aa2 elementor-grid-3 elementor-grid-tablet-2 elementor-grid-mobile-1 elementor-posts--thumbnail-top elementor-widget elementor-widget-posts\" data-id=\"1706aa2\" data-element_type=\"widget\" data-e-type=\"widget\" data-settings=\"{&quot;pagination_type&quot;:&quot;numbers&quot;,&quot;classic_columns&quot;:&quot;3&quot;,&quot;classic_columns_tablet&quot;:&quot;2&quot;,&quot;classic_columns_mobile&quot;:&quot;1&quot;,&quot;classic_row_gap&quot;:{&quot;unit&quot;:&quot;px&quot;,&quot;size&quot;:35,&quot;sizes&quot;:[]},&quot;classic_row_gap_tablet&quot;:{&quot;unit&quot;:&quot;px&quot;,&quot;size&quot;:&quot;&quot;,&quot;sizes&quot;:[]},&quot;classic_row_gap_mobile&quot;:{&quot;unit&quot;:&quot;px&quot;,&quot;size&quot;:&quot;&quot;,&quot;sizes&quot;:[]}}\" data-widget_type=\"posts.classic\">\n\t\t\t\t<div class=\"elementor-widget-container\">\n\t\t\t\t\t\t\t<div class=\"elementor-posts-container elementor-posts elementor-posts--skin-classic elementor-grid\" role=\"list\">\n\t\t\t\t<article class=\"elementor-post elementor-grid-item post-5128 post type-post status-publish format-standard has-post-thumbnail hentry category-sin-categoria-ca tag-addiccions-girona-ca entry has-media\" role=\"listitem\">\n\t\t\t\t<a class=\"elementor-post__thumbnail__link\" href=\"https:\/\/forummontau.com\/girona\/com-convencer-un-familiar-perque-vagi-a-rehabilitacio-quan-no-vol-anar-hi\/\" tabindex=\"-1\" >\n\t\t\t<div class=\"elementor-post__thumbnail\"><img fetchpriority=\"high\" decoding=\"async\" width=\"300\" height=\"200\" src=\"https:\/\/forummontau.com\/girona\/wp-content\/uploads\/sites\/6\/2026\/04\/como-convencer-familiar-a-rehabilitarse-300x200.webp\" class=\"attachment-medium size-medium wp-image-5126\" alt=\"\" srcset=\"https:\/\/forummontau.com\/girona\/wp-content\/uploads\/sites\/6\/2026\/04\/como-convencer-familiar-a-rehabilitarse-300x200.webp 300w, https:\/\/forummontau.com\/girona\/wp-content\/uploads\/sites\/6\/2026\/04\/como-convencer-familiar-a-rehabilitarse-768x512.webp 768w, https:\/\/forummontau.com\/girona\/wp-content\/uploads\/sites\/6\/2026\/04\/como-convencer-familiar-a-rehabilitarse.webp 1000w\" sizes=\"(max-width: 300px) 100vw, 300px\" \/><\/div>\n\t\t<\/a>\n\t\t\t\t<div class=\"elementor-post__text\">\n\t\t\t\t<h3 class=\"elementor-post__title\">\n\t\t\t<a href=\"https:\/\/forummontau.com\/girona\/com-convencer-un-familiar-perque-vagi-a-rehabilitacio-quan-no-vol-anar-hi\/\" >\n\t\t\t\tCom conv\u00e8ncer un familiar perqu\u00e8 vagi a rehabilitaci\u00f3 (quan no vol anar-hi)\t\t\t<\/a>\n\t\t<\/h3>\n\t\t\t\t<div class=\"elementor-post__meta-data\">\n\t\t\t\t\t<span class=\"elementor-post-date\">\n\t\t\t30\/04\/2026\t\t<\/span>\n\t\t\t\t<\/div>\n\t\t\t\t<div class=\"elementor-post__excerpt\">\n\t\t\t<p>Si est\u00e0s llegint aix\u00f2, probablement portes setmanes o mesos en una situaci\u00f3 que t&#8217;esgota: veus que alg\u00fa que estimes t\u00e9 un problema amb l&#8217;alcohol o<\/p>\n\t\t<\/div>\n\t\t\t\t<\/div>\n\t\t\t\t<\/article>\n\t\t\t\t<article class=\"elementor-post elementor-grid-item post-5125 post type-post status-publish format-standard has-post-thumbnail hentry category-adiccion category-familia-2 tag-addiccions-girona tag-forum-girona entry has-media\" role=\"listitem\">\n\t\t\t\t<a class=\"elementor-post__thumbnail__link\" href=\"https:\/\/forummontau.com\/girona\/como-convencer-a-un-familiar-para-que-vaya-a-rehabilitacion-cuando-no-quiere-ir\/\" tabindex=\"-1\" >\n\t\t\t<div class=\"elementor-post__thumbnail\"><img fetchpriority=\"high\" decoding=\"async\" width=\"300\" height=\"200\" src=\"https:\/\/forummontau.com\/girona\/wp-content\/uploads\/sites\/6\/2026\/04\/como-convencer-familiar-a-rehabilitarse-300x200.webp\" class=\"attachment-medium size-medium wp-image-5126\" alt=\"\" srcset=\"https:\/\/forummontau.com\/girona\/wp-content\/uploads\/sites\/6\/2026\/04\/como-convencer-familiar-a-rehabilitarse-300x200.webp 300w, https:\/\/forummontau.com\/girona\/wp-content\/uploads\/sites\/6\/2026\/04\/como-convencer-familiar-a-rehabilitarse-768x512.webp 768w, https:\/\/forummontau.com\/girona\/wp-content\/uploads\/sites\/6\/2026\/04\/como-convencer-familiar-a-rehabilitarse.webp 1000w\" sizes=\"(max-width: 300px) 100vw, 300px\" \/><\/div>\n\t\t<\/a>\n\t\t\t\t<div class=\"elementor-post__text\">\n\t\t\t\t<h3 class=\"elementor-post__title\">\n\t\t\t<a href=\"https:\/\/forummontau.com\/girona\/como-convencer-a-un-familiar-para-que-vaya-a-rehabilitacion-cuando-no-quiere-ir\/\" >\n\t\t\t\tC\u00f3mo convencer a un familiar para que vaya a rehabilitaci\u00f3n (cuando no quiere ir)\t\t\t<\/a>\n\t\t<\/h3>\n\t\t\t\t<div class=\"elementor-post__meta-data\">\n\t\t\t\t\t<span class=\"elementor-post-date\">\n\t\t\t30\/04\/2026\t\t<\/span>\n\t\t\t\t<\/div>\n\t\t\t\t<div class=\"elementor-post__excerpt\">\n\t\t\t<p>Si est\u00e1s leyendo esto, probablemente llevas semanas o meses en una situaci\u00f3n que te agota: ves que alguien que quieres tiene un problema con el<\/p>\n\t\t<\/div>\n\t\t\t\t<\/div>\n\t\t\t\t<\/article>\n\t\t\t\t<article class=\"elementor-post elementor-grid-item post-5122 post type-post status-publish format-standard has-post-thumbnail hentry category-addiccio-funcional tag-forum-girona-ca entry has-media\" role=\"listitem\">\n\t\t\t\t<a class=\"elementor-post__thumbnail__link\" href=\"https:\/\/forummontau.com\/girona\/addiccio-funcional-quan-ningu-detecta-el-problema-a-temps\/\" tabindex=\"-1\" >\n\t\t\t<div class=\"elementor-post__thumbnail\"><img decoding=\"async\" width=\"300\" height=\"200\" src=\"https:\/\/forummontau.com\/girona\/wp-content\/uploads\/sites\/6\/2026\/03\/adiccion-funiconal-300x200.webp\" class=\"attachment-medium size-medium wp-image-5120\" alt=\"\" srcset=\"https:\/\/forummontau.com\/girona\/wp-content\/uploads\/sites\/6\/2026\/03\/adiccion-funiconal-300x200.webp 300w, https:\/\/forummontau.com\/girona\/wp-content\/uploads\/sites\/6\/2026\/03\/adiccion-funiconal-768x512.webp 768w, https:\/\/forummontau.com\/girona\/wp-content\/uploads\/sites\/6\/2026\/03\/adiccion-funiconal.webp 1000w\" sizes=\"(max-width: 300px) 100vw, 300px\" \/><\/div>\n\t\t<\/a>\n\t\t\t\t<div class=\"elementor-post__text\">\n\t\t\t\t<h3 class=\"elementor-post__title\">\n\t\t\t<a href=\"https:\/\/forummontau.com\/girona\/addiccio-funcional-quan-ningu-detecta-el-problema-a-temps\/\" >\n\t\t\t\tAddicci\u00f3 funcional: quan ning\u00fa detecta el problema a temps\t\t\t<\/a>\n\t\t<\/h3>\n\t\t\t\t<div class=\"elementor-post__meta-data\">\n\t\t\t\t\t<span class=\"elementor-post-date\">\n\t\t\t31\/03\/2026\t\t<\/span>\n\t\t\t\t<\/div>\n\t\t\t\t<div class=\"elementor-post__excerpt\">\n\t\t\t<p>No totes les addiccions encaixen amb la imatge que solem tenir d\u2019elles. De vegades no hi ha un deteriorament evident ni una p\u00e8rdua total de<\/p>\n\t\t<\/div>\n\t\t\t\t<\/div>\n\t\t\t\t<\/article>\n\t\t\t\t<article class=\"elementor-post elementor-grid-item post-5119 post type-post status-publish format-standard has-post-thumbnail hentry category-adiccion-funcional category-senales-alerta-adiccion tag-adicciones-girona tag-forum-girona entry has-media\" role=\"listitem\">\n\t\t\t\t<a class=\"elementor-post__thumbnail__link\" href=\"https:\/\/forummontau.com\/girona\/adiccion-funcional-cuando-nadie-detecta-el-problema-a-tiempo\/\" tabindex=\"-1\" >\n\t\t\t<div class=\"elementor-post__thumbnail\"><img decoding=\"async\" width=\"300\" height=\"200\" src=\"https:\/\/forummontau.com\/girona\/wp-content\/uploads\/sites\/6\/2026\/03\/adiccion-funiconal-300x200.webp\" class=\"attachment-medium size-medium wp-image-5120\" alt=\"\" srcset=\"https:\/\/forummontau.com\/girona\/wp-content\/uploads\/sites\/6\/2026\/03\/adiccion-funiconal-300x200.webp 300w, https:\/\/forummontau.com\/girona\/wp-content\/uploads\/sites\/6\/2026\/03\/adiccion-funiconal-768x512.webp 768w, https:\/\/forummontau.com\/girona\/wp-content\/uploads\/sites\/6\/2026\/03\/adiccion-funiconal.webp 1000w\" sizes=\"(max-width: 300px) 100vw, 300px\" \/><\/div>\n\t\t<\/a>\n\t\t\t\t<div class=\"elementor-post__text\">\n\t\t\t\t<h3 class=\"elementor-post__title\">\n\t\t\t<a href=\"https:\/\/forummontau.com\/girona\/adiccion-funcional-cuando-nadie-detecta-el-problema-a-tiempo\/\" >\n\t\t\t\tAdicci\u00f3n funcional: cuando nadie detecta el problema a tiempo\t\t\t<\/a>\n\t\t<\/h3>\n\t\t\t\t<div class=\"elementor-post__meta-data\">\n\t\t\t\t\t<span class=\"elementor-post-date\">\n\t\t\t31\/03\/2026\t\t<\/span>\n\t\t\t\t<\/div>\n\t\t\t\t<div class=\"elementor-post__excerpt\">\n\t\t\t<p>No todas las adicciones encajan en la imagen que solemos tener de ellas. A veces no hay un deterioro evidente, ni una p\u00e9rdida total de<\/p>\n\t\t<\/div>\n\t\t\t\t<\/div>\n\t\t\t\t<\/article>\n\t\t\t\t<article class=\"elementor-post elementor-grid-item post-5019 post type-post status-publish format-standard has-post-thumbnail hentry category-sin-categoria-ca entry has-media\" role=\"listitem\">\n\t\t\t\t<a class=\"elementor-post__thumbnail__link\" href=\"https:\/\/forummontau.com\/girona\/la-coaddiccio-quan-el-patiment-de-laddicte-tambe-afecta-la-familia\/\" tabindex=\"-1\" >\n\t\t\t<div class=\"elementor-post__thumbnail\"><img decoding=\"async\" width=\"300\" height=\"200\" src=\"https:\/\/forummontau.com\/girona\/wp-content\/uploads\/sites\/6\/2025\/10\/familiares-de-adictos-y-coadiccion-300x200.webp\" class=\"attachment-medium size-medium wp-image-5017\" alt=\"familiares de adictos\" srcset=\"https:\/\/forummontau.com\/girona\/wp-content\/uploads\/sites\/6\/2025\/10\/familiares-de-adictos-y-coadiccion-300x200.webp 300w, https:\/\/forummontau.com\/girona\/wp-content\/uploads\/sites\/6\/2025\/10\/familiares-de-adictos-y-coadiccion-768x512.webp 768w, https:\/\/forummontau.com\/girona\/wp-content\/uploads\/sites\/6\/2025\/10\/familiares-de-adictos-y-coadiccion.webp 1000w\" sizes=\"(max-width: 300px) 100vw, 300px\" \/><\/div>\n\t\t<\/a>\n\t\t\t\t<div class=\"elementor-post__text\">\n\t\t\t\t<h3 class=\"elementor-post__title\">\n\t\t\t<a href=\"https:\/\/forummontau.com\/girona\/la-coaddiccio-quan-el-patiment-de-laddicte-tambe-afecta-la-familia\/\" >\n\t\t\t\tLa coaddicci\u00f3: quan el patiment de l\u2019addicte tamb\u00e9 afecta la fam\u00edlia\t\t\t<\/a>\n\t\t<\/h3>\n\t\t\t\t<div class=\"elementor-post__meta-data\">\n\t\t\t\t\t<span class=\"elementor-post-date\">\n\t\t\t23\/10\/2025\t\t<\/span>\n\t\t\t\t<\/div>\n\t\t\t\t<div class=\"elementor-post__excerpt\">\n\t\t\t<p>Qu\u00e8 \u00e9s la coaddicci\u00f3? La coaddicci\u00f3 \u00e9s un estat emocional i conductual que desenvolupen moltes persones properes a alg\u00fa amb una addicci\u00f3. Es tracta d\u2019una<\/p>\n\t\t<\/div>\n\t\t\t\t<\/div>\n\t\t\t\t<\/article>\n\t\t\t\t<article class=\"elementor-post elementor-grid-item post-5016 post type-post status-publish format-standard has-post-thumbnail hentry category-forum-salud-mental-girona tag-adicciones-y-familia tag-coadiccion entry has-media\" role=\"listitem\">\n\t\t\t\t<a class=\"elementor-post__thumbnail__link\" href=\"https:\/\/forummontau.com\/girona\/la-coadiccion-cuando-el-sufrimiento-del-adicto-tambien-lo-vive-la-familia\/\" tabindex=\"-1\" >\n\t\t\t<div class=\"elementor-post__thumbnail\"><img decoding=\"async\" width=\"300\" height=\"200\" src=\"https:\/\/forummontau.com\/girona\/wp-content\/uploads\/sites\/6\/2025\/10\/familiares-de-adictos-y-coadiccion-300x200.webp\" class=\"attachment-medium size-medium wp-image-5017\" alt=\"familiares de adictos\" srcset=\"https:\/\/forummontau.com\/girona\/wp-content\/uploads\/sites\/6\/2025\/10\/familiares-de-adictos-y-coadiccion-300x200.webp 300w, https:\/\/forummontau.com\/girona\/wp-content\/uploads\/sites\/6\/2025\/10\/familiares-de-adictos-y-coadiccion-768x512.webp 768w, https:\/\/forummontau.com\/girona\/wp-content\/uploads\/sites\/6\/2025\/10\/familiares-de-adictos-y-coadiccion.webp 1000w\" sizes=\"(max-width: 300px) 100vw, 300px\" \/><\/div>\n\t\t<\/a>\n\t\t\t\t<div class=\"elementor-post__text\">\n\t\t\t\t<h3 class=\"elementor-post__title\">\n\t\t\t<a href=\"https:\/\/forummontau.com\/girona\/la-coadiccion-cuando-el-sufrimiento-del-adicto-tambien-lo-vive-la-familia\/\" >\n\t\t\t\tLa coadicci\u00f3n: cuando el sufrimiento del adicto tambi\u00e9n lo vive la familia\t\t\t<\/a>\n\t\t<\/h3>\n\t\t\t\t<div class=\"elementor-post__meta-data\">\n\t\t\t\t\t<span class=\"elementor-post-date\">\n\t\t\t23\/10\/2025\t\t<\/span>\n\t\t\t\t<\/div>\n\t\t\t\t<div class=\"elementor-post__excerpt\">\n\t\t\t<p>\u00bfQu\u00e9 es la coadicci\u00f3n? La coadicci\u00f3n es un estado emocional y conductual que desarrollan muchas personas cercanas a alguien con una adicci\u00f3n. Se trata de<\/p>\n\t\t<\/div>\n\t\t\t\t<\/div>\n\t\t\t\t<\/article>\n\t\t\t\t<\/div>\n\t\t\n\t\t\t\t<div class=\"e-load-more-anchor\" data-page=\"1\" data-max-page=\"30\" data-next-page=\"https:\/\/forummontau.com\/girona\/wp-json\/wp\/v2\/pages\/48\/page\/2\/\"><\/div>\n\t\t\t\t<nav class=\"elementor-pagination\" aria-label=\"Paginaci\u00f3n\">\n\t\t\t<span aria-current=\"page\" class=\"page-numbers current\"><span class=\"elementor-screen-only\">P\u00e1gina<\/span>1<\/span>\n<a class=\"page-numbers\" href=\"https:\/\/forummontau.com\/girona\/wp-json\/wp\/v2\/pages\/48\/page\/2\/\"><span class=\"elementor-screen-only\">P\u00e1gina<\/span>2<\/a>\n<a class=\"page-numbers\" href=\"https:\/\/forummontau.com\/girona\/wp-json\/wp\/v2\/pages\/48\/page\/3\/\"><span class=\"elementor-screen-only\">P\u00e1gina<\/span>3<\/a>\n<a class=\"page-numbers\" href=\"https:\/\/forummontau.com\/girona\/wp-json\/wp\/v2\/pages\/48\/page\/4\/\"><span class=\"elementor-screen-only\">P\u00e1gina<\/span>4<\/a>\n<a class=\"page-numbers\" href=\"https:\/\/forummontau.com\/girona\/wp-json\/wp\/v2\/pages\/48\/page\/5\/\"><span class=\"elementor-screen-only\">P\u00e1gina<\/span>5<\/a>\t\t<\/nav>\n\t\t\t\t\t\t<\/div>\n\t\t\t\t<\/div>\n\t\t\t\t\t<\/div>\n\t\t<\/div>\n\t\t\t\t\t<\/div>\n\t\t<\/section>\n\t\t\t\t<\/div>\n\t\t","protected":false},"excerpt":{"rendered":"","protected":false},"author":2,"featured_media":0,"parent":0,"menu_order":0,"comment_status":"closed","ping_status":"closed","template":"","meta":{"ocean_post_layout":"","ocean_both_sidebars_style":"","ocean_both_sidebars_content_width":0,"ocean_both_sidebars_sidebars_width":0,"ocean_sidebar":"0","ocean_second_sidebar":"0","ocean_disable_margins":"enable","ocean_add_body_class":"","ocean_shortcode_before_top_bar":"","ocean_shortcode_after_top_bar":"","ocean_shortcode_before_header":"","ocean_shortcode_after_header":"","ocean_has_shortcode":"","ocean_shortcode_after_title":"","ocean_shortcode_before_footer_widgets":"","ocean_shortcode_after_footer_widgets":"","ocean_shortcode_before_footer_bottom":"","ocean_shortcode_after_footer_bottom":"","ocean_display_top_bar":"default","ocean_display_header":"default","ocean_header_style":"","ocean_center_header_left_menu":"0","ocean_custom_header_template":"0","ocean_custom_logo":0,"ocean_custom_retina_logo":0,"ocean_custom_logo_max_width":0,"ocean_custom_logo_tablet_max_width":0,"ocean_custom_logo_mobile_max_width":0,"ocean_custom_logo_max_height":0,"ocean_custom_logo_tablet_max_height":0,"ocean_custom_logo_mobile_max_height":0,"ocean_header_custom_menu":"0","ocean_menu_typo_font_family":"0","ocean_menu_typo_font_subset":"","ocean_menu_typo_font_size":0,"ocean_menu_typo_font_size_tablet":0,"ocean_menu_typo_font_size_mobile":0,"ocean_menu_typo_font_size_unit":"px","ocean_menu_typo_font_weight":"","ocean_menu_typo_font_weight_tablet":"","ocean_menu_typo_font_weight_mobile":"","ocean_menu_typo_transform":"","ocean_menu_typo_transform_tablet":"","ocean_menu_typo_transform_mobile":"","ocean_menu_typo_line_height":0,"ocean_menu_typo_line_height_tablet":0,"ocean_menu_typo_line_height_mobile":0,"ocean_menu_typo_line_height_unit":"","ocean_menu_typo_spacing":0,"ocean_menu_typo_spacing_tablet":0,"ocean_menu_typo_spacing_mobile":0,"ocean_menu_typo_spacing_unit":"","ocean_menu_link_color":"","ocean_menu_link_color_hover":"","ocean_menu_link_color_active":"","ocean_menu_link_background":"","ocean_menu_link_hover_background":"","ocean_menu_link_active_background":"","ocean_menu_social_links_bg":"","ocean_menu_social_hover_links_bg":"","ocean_menu_social_links_color":"","ocean_menu_social_hover_links_color":"","ocean_disable_title":"on","ocean_disable_heading":"default","ocean_post_title":"","ocean_post_subheading":"","ocean_post_title_style":"","ocean_post_title_background_color":"","ocean_post_title_background":0,"ocean_post_title_bg_image_position":"","ocean_post_title_bg_image_attachment":"","ocean_post_title_bg_image_repeat":"","ocean_post_title_bg_image_size":"","ocean_post_title_height":0,"ocean_post_title_bg_overlay":0.5,"ocean_post_title_bg_overlay_color":"","ocean_disable_breadcrumbs":"default","ocean_breadcrumbs_color":"","ocean_breadcrumbs_separator_color":"","ocean_breadcrumbs_links_color":"","ocean_breadcrumbs_links_hover_color":"","ocean_display_footer_widgets":"default","ocean_display_footer_bottom":"default","ocean_custom_footer_template":"0","footnotes":""},"class_list":["post-48","page","type-page","status-publish","hentry","entry","has-media"],"yoast_head":"<!-- This site is optimized with the Yoast SEO plugin v27.5 - https:\/\/yoast.com\/product\/yoast-seo-wordpress\/ -->\n<title>Tota l&#039;actualitat sobre addiccions - Forum Salud Mental Girona<\/title>\n<meta name=\"description\" content=\"En el nostre blog trobar\u00e0s informaci\u00f3 relativa a addiccions a sust\u00e0ncies, comportamentals, estudis, tractaments...\" \/>\n<meta name=\"robots\" content=\"index, follow, max-snippet:-1, max-image-preview:large, max-video-preview:-1\" \/>\n<link rel=\"canonical\" href=\"https:\/\/forummontau.com\/girona\/blog-catala\/\" \/>\n<meta property=\"og:locale\" content=\"es_ES\" \/>\n<meta property=\"og:type\" content=\"article\" \/>\n<meta property=\"og:title\" content=\"Tota l&#039;actualitat sobre addiccions - Forum Salud Mental Girona\" \/>\n<meta property=\"og:description\" content=\"En el nostre blog trobar\u00e0s informaci\u00f3 relativa a addiccions a sust\u00e0ncies, comportamentals, estudis, tractaments...\" \/>\n<meta property=\"og:url\" content=\"https:\/\/forummontau.com\/girona\/blog-catala\/\" \/>\n<meta property=\"og:site_name\" content=\"Forum Salud Mental Girona\" \/>\n<meta property=\"article:modified_time\" content=\"2023-09-21T15:07:10+00:00\" \/>\n<meta name=\"twitter:card\" content=\"summary_large_image\" \/>\n<script type=\"application\/ld+json\" class=\"yoast-schema-graph\">{\"@context\":\"https:\\\/\\\/schema.org\",\"@graph\":[{\"@type\":\"WebPage\",\"@id\":\"https:\\\/\\\/forummontau.com\\\/girona\\\/blog-catala\\\/\",\"url\":\"https:\\\/\\\/forummontau.com\\\/girona\\\/blog-catala\\\/\",\"name\":\"Tota l'actualitat sobre addiccions - Forum Salud Mental Girona\",\"isPartOf\":{\"@id\":\"https:\\\/\\\/forummontau.com\\\/girona\\\/#website\"},\"datePublished\":\"2018-01-29T17:20:44+00:00\",\"dateModified\":\"2023-09-21T15:07:10+00:00\",\"description\":\"En el nostre blog trobar\u00e0s informaci\u00f3 relativa a addiccions a sust\u00e0ncies, comportamentals, estudis, tractaments...\",\"breadcrumb\":{\"@id\":\"https:\\\/\\\/forummontau.com\\\/girona\\\/blog-catala\\\/#breadcrumb\"},\"inLanguage\":\"es\",\"potentialAction\":[{\"@type\":\"ReadAction\",\"target\":[\"https:\\\/\\\/forummontau.com\\\/girona\\\/blog-catala\\\/\"]}]},{\"@type\":\"BreadcrumbList\",\"@id\":\"https:\\\/\\\/forummontau.com\\\/girona\\\/blog-catala\\\/#breadcrumb\",\"itemListElement\":[{\"@type\":\"ListItem\",\"position\":1,\"name\":\"Portada\",\"item\":\"https:\\\/\\\/forummontau.com\\\/girona\\\/centre-desintoxicacio-i-addiccions-girona\\\/\"},{\"@type\":\"ListItem\",\"position\":2,\"name\":\"Actualitat\"}]},{\"@type\":\"WebSite\",\"@id\":\"https:\\\/\\\/forummontau.com\\\/girona\\\/#website\",\"url\":\"https:\\\/\\\/forummontau.com\\\/girona\\\/\",\"name\":\"Forum Salud Mental Girona\",\"description\":\"Centro de Desintoxicaci\u00f3n y Adicciones en Girona\",\"publisher\":{\"@id\":\"https:\\\/\\\/forummontau.com\\\/girona\\\/#organization\"},\"potentialAction\":[{\"@type\":\"SearchAction\",\"target\":{\"@type\":\"EntryPoint\",\"urlTemplate\":\"https:\\\/\\\/forummontau.com\\\/girona\\\/?s={search_term_string}\"},\"query-input\":{\"@type\":\"PropertyValueSpecification\",\"valueRequired\":true,\"valueName\":\"search_term_string\"}}],\"inLanguage\":\"es\"},{\"@type\":\"Organization\",\"@id\":\"https:\\\/\\\/forummontau.com\\\/girona\\\/#organization\",\"name\":\"Forum Salud Mental Girona\",\"url\":\"https:\\\/\\\/forummontau.com\\\/girona\\\/\",\"logo\":{\"@type\":\"ImageObject\",\"inLanguage\":\"es\",\"@id\":\"https:\\\/\\\/forummontau.com\\\/girona\\\/#\\\/schema\\\/logo\\\/image\\\/\",\"url\":\"https:\\\/\\\/forummontau.com\\\/girona\\\/wp-content\\\/uploads\\\/sites\\\/6\\\/2020\\\/02\\\/girona_forum.png\",\"contentUrl\":\"https:\\\/\\\/forummontau.com\\\/girona\\\/wp-content\\\/uploads\\\/sites\\\/6\\\/2020\\\/02\\\/girona_forum.png\",\"width\":215,\"height\":119,\"caption\":\"Forum Salud Mental Girona\"},\"image\":{\"@id\":\"https:\\\/\\\/forummontau.com\\\/girona\\\/#\\\/schema\\\/logo\\\/image\\\/\"}}]}<\/script>\n<!-- \/ Yoast SEO plugin. -->","yoast_head_json":{"title":"Tota l'actualitat sobre addiccions - Forum Salud Mental Girona","description":"En el nostre blog trobar\u00e0s informaci\u00f3 relativa a addiccions a sust\u00e0ncies, comportamentals, estudis, tractaments...","robots":{"index":"index","follow":"follow","max-snippet":"max-snippet:-1","max-image-preview":"max-image-preview:large","max-video-preview":"max-video-preview:-1"},"canonical":"https:\/\/forummontau.com\/girona\/blog-catala\/","og_locale":"es_ES","og_type":"article","og_title":"Tota l'actualitat sobre addiccions - Forum Salud Mental Girona","og_description":"En el nostre blog trobar\u00e0s informaci\u00f3 relativa a addiccions a sust\u00e0ncies, comportamentals, estudis, tractaments...","og_url":"https:\/\/forummontau.com\/girona\/blog-catala\/","og_site_name":"Forum Salud Mental Girona","article_modified_time":"2023-09-21T15:07:10+00:00","twitter_card":"summary_large_image","schema":{"@context":"https:\/\/schema.org","@graph":[{"@type":"WebPage","@id":"https:\/\/forummontau.com\/girona\/blog-catala\/","url":"https:\/\/forummontau.com\/girona\/blog-catala\/","name":"Tota l'actualitat sobre addiccions - Forum Salud Mental Girona","isPartOf":{"@id":"https:\/\/forummontau.com\/girona\/#website"},"datePublished":"2018-01-29T17:20:44+00:00","dateModified":"2023-09-21T15:07:10+00:00","description":"En el nostre blog trobar\u00e0s informaci\u00f3 relativa a addiccions a sust\u00e0ncies, comportamentals, estudis, tractaments...","breadcrumb":{"@id":"https:\/\/forummontau.com\/girona\/blog-catala\/#breadcrumb"},"inLanguage":"es","potentialAction":[{"@type":"ReadAction","target":["https:\/\/forummontau.com\/girona\/blog-catala\/"]}]},{"@type":"BreadcrumbList","@id":"https:\/\/forummontau.com\/girona\/blog-catala\/#breadcrumb","itemListElement":[{"@type":"ListItem","position":1,"name":"Portada","item":"https:\/\/forummontau.com\/girona\/centre-desintoxicacio-i-addiccions-girona\/"},{"@type":"ListItem","position":2,"name":"Actualitat"}]},{"@type":"WebSite","@id":"https:\/\/forummontau.com\/girona\/#website","url":"https:\/\/forummontau.com\/girona\/","name":"Forum Salud Mental Girona","description":"Centro de Desintoxicaci\u00f3n y Adicciones en Girona","publisher":{"@id":"https:\/\/forummontau.com\/girona\/#organization"},"potentialAction":[{"@type":"SearchAction","target":{"@type":"EntryPoint","urlTemplate":"https:\/\/forummontau.com\/girona\/?s={search_term_string}"},"query-input":{"@type":"PropertyValueSpecification","valueRequired":true,"valueName":"search_term_string"}}],"inLanguage":"es"},{"@type":"Organization","@id":"https:\/\/forummontau.com\/girona\/#organization","name":"Forum Salud Mental Girona","url":"https:\/\/forummontau.com\/girona\/","logo":{"@type":"ImageObject","inLanguage":"es","@id":"https:\/\/forummontau.com\/girona\/#\/schema\/logo\/image\/","url":"https:\/\/forummontau.com\/girona\/wp-content\/uploads\/sites\/6\/2020\/02\/girona_forum.png","contentUrl":"https:\/\/forummontau.com\/girona\/wp-content\/uploads\/sites\/6\/2020\/02\/girona_forum.png","width":215,"height":119,"caption":"Forum Salud Mental Girona"},"image":{"@id":"https:\/\/forummontau.com\/girona\/#\/schema\/logo\/image\/"}}]}},"_links":{"self":[{"href":"https:\/\/forummontau.com\/girona\/wp-json\/wp\/v2\/pages\/48","targetHints":{"allow":["GET"]}}],"collection":[{"href":"https:\/\/forummontau.com\/girona\/wp-json\/wp\/v2\/pages"}],"about":[{"href":"https:\/\/forummontau.com\/girona\/wp-json\/wp\/v2\/types\/page"}],"author":[{"embeddable":true,"href":"https:\/\/forummontau.com\/girona\/wp-json\/wp\/v2\/users\/2"}],"replies":[{"embeddable":true,"href":"https:\/\/forummontau.com\/girona\/wp-json\/wp\/v2\/comments?post=48"}],"version-history":[{"count":3,"href":"https:\/\/forummontau.com\/girona\/wp-json\/wp\/v2\/pages\/48\/revisions"}],"predecessor-version":[{"id":2177,"href":"https:\/\/forummontau.com\/girona\/wp-json\/wp\/v2\/pages\/48\/revisions\/2177"}],"wp:attachment":[{"href":"https:\/\/forummontau.com\/girona\/wp-json\/wp\/v2\/media?parent=48"}],"curies":[{"name":"wp","href":"https:\/\/api.w.org\/{rel}","templated":true}]}}