{"id":2802,"date":"2023-05-19T11:22:20","date_gmt":"2023-05-19T11:22:20","guid":{"rendered":"https:\/\/www.adiccionesalicante.com\/?page_id=2338"},"modified":"2023-05-19T11:22:20","modified_gmt":"2023-05-19T11:22:20","slug":"depresion-y-estado-del-animo","status":"publish","type":"page","link":"https:\/\/forummontau.com\/madrid\/depresion-y-estado-del-animo\/","title":{"rendered":"Depresi\u00f3n y estado de \u00e1nimo"},"content":{"rendered":"\t\t<div data-elementor-type=\"wp-page\" data-elementor-id=\"2802\" class=\"elementor elementor-2802\" data-elementor-post-type=\"page\">\n\t\t\t\t\t\t<section class=\"elementor-section elementor-top-section elementor-element elementor-element-6773a479 elementor-section-content-middle elementor-section-full_width elementor-section-items-stretch elementor-section-height-min-height elementor-section-height-default qodef-elementor-content-no elementor-invisible\" data-id=\"6773a479\" data-element_type=\"section\" data-e-type=\"section\" data-settings=\"{&quot;background_background&quot;:&quot;classic&quot;,&quot;animation&quot;:&quot;fadeInUp&quot;}\">\n\t\t\t\t\t\t<div class=\"elementor-container elementor-column-gap-default\">\n\t\t\t\t\t<div class=\"elementor-column elementor-col-50 elementor-top-column elementor-element elementor-element-4dae2b0e\" data-id=\"4dae2b0e\" data-element_type=\"column\" data-e-type=\"column\" data-settings=\"{&quot;background_background&quot;:&quot;classic&quot;}\">\n\t\t\t<div class=\"elementor-widget-wrap elementor-element-populated\">\n\t\t\t\t\t\t<div class=\"elementor-element elementor-element-15e983d3 elementor-widget elementor-widget-heading\" data-id=\"15e983d3\" data-element_type=\"widget\" data-e-type=\"widget\" data-widget_type=\"heading.default\">\n\t\t\t\t<div class=\"elementor-widget-container\">\n\t\t\t\t\t<h1 class=\"elementor-heading-title elementor-size-default\">Tratamiento de la Depresi\u00f3n en Alicante<\/h1>\t\t\t\t<\/div>\n\t\t\t\t<\/div>\n\t\t\t\t<div class=\"elementor-element elementor-element-4e45f510 elementor-widget elementor-widget-heading\" data-id=\"4e45f510\" data-element_type=\"widget\" data-e-type=\"widget\" data-widget_type=\"heading.default\">\n\t\t\t\t<div class=\"elementor-widget-container\">\n\t\t\t\t\t<p class=\"elementor-heading-title elementor-size-default\">Experimentar tristeza o desesperanza como respuesta a factores estresantes, o acontecimientos negativos, o como una fluctuaci\u00f3n del estado de \u00e1nimo, es normal pero cuando emociones afectan de manera grave al funcionamiento de la persona, hay que buscar ayuda.<\/p>\t\t\t\t<\/div>\n\t\t\t\t<\/div>\n\t\t\t\t<div class=\"elementor-element elementor-element-3444a23b elementor-widget elementor-widget-heading\" data-id=\"3444a23b\" data-element_type=\"widget\" data-e-type=\"widget\" data-widget_type=\"heading.default\">\n\t\t\t\t<div class=\"elementor-widget-container\">\n\t\t\t\t\t<p class=\"elementor-heading-title elementor-size-default\">Ll\u00e1manos<\/p>\t\t\t\t<\/div>\n\t\t\t\t<\/div>\n\t\t\t\t<div class=\"elementor-element elementor-element-9b7be87 elementor-widget elementor-widget-heading\" data-id=\"9b7be87\" data-element_type=\"widget\" data-e-type=\"widget\" data-widget_type=\"heading.default\">\n\t\t\t\t<div class=\"elementor-widget-container\">\n\t\t\t\t\t<p class=\"elementor-heading-title elementor-size-default\">671 67 77 00<\/p>\t\t\t\t<\/div>\n\t\t\t\t<\/div>\n\t\t\t\t\t<\/div>\n\t\t<\/div>\n\t\t\t\t<div class=\"elementor-column elementor-col-50 elementor-top-column elementor-element elementor-element-cdf0388\" data-id=\"cdf0388\" data-element_type=\"column\" data-e-type=\"column\" data-settings=\"{&quot;background_background&quot;:&quot;classic&quot;}\">\n\t\t\t<div class=\"elementor-widget-wrap elementor-element-populated\">\n\t\t\t\t\t\t<div class=\"elementor-element elementor-element-e4ec10c elementor-widget elementor-widget-spacer\" data-id=\"e4ec10c\" data-element_type=\"widget\" data-e-type=\"widget\" data-widget_type=\"spacer.default\">\n\t\t\t\t<div class=\"elementor-widget-container\">\n\t\t\t\t\t\t\t<div class=\"elementor-spacer\">\n\t\t\t<div class=\"elementor-spacer-inner\"><\/div>\n\t\t<\/div>\n\t\t\t\t\t\t<\/div>\n\t\t\t\t<\/div>\n\t\t\t\t\t<\/div>\n\t\t<\/div>\n\t\t\t\t\t<\/div>\n\t\t<\/section>\n\t\t\t\t<section class=\"elementor-section elementor-top-section elementor-element elementor-element-57aee97d elementor-section-full_width elementor-section-content-middle elementor-section-height-default elementor-section-height-default qodef-elementor-content-no elementor-invisible\" data-id=\"57aee97d\" data-element_type=\"section\" data-e-type=\"section\" data-settings=\"{&quot;animation&quot;:&quot;fadeInUp&quot;}\">\n\t\t\t\t\t\t<div class=\"elementor-container elementor-column-gap-default\">\n\t\t\t\t\t<div class=\"elementor-column elementor-col-100 elementor-top-column elementor-element elementor-element-2210f538\" data-id=\"2210f538\" data-element_type=\"column\" data-e-type=\"column\">\n\t\t\t<div class=\"elementor-widget-wrap elementor-element-populated\">\n\t\t\t\t\t\t<div class=\"elementor-element elementor-element-55db3982 elementor-widget elementor-widget-heading\" data-id=\"55db3982\" data-element_type=\"widget\" data-e-type=\"widget\" data-widget_type=\"heading.default\">\n\t\t\t\t<div class=\"elementor-widget-container\">\n\t\t\t\t\t<h2 class=\"elementor-heading-title elementor-size-default\">Tratamiento de la Depresi\u00f3n y el Estado de \u00e1nimo<\/h2>\t\t\t\t<\/div>\n\t\t\t\t<\/div>\n\t\t\t\t<div class=\"elementor-element elementor-element-2af342f5 elementor-widget elementor-widget-spacer\" data-id=\"2af342f5\" data-element_type=\"widget\" data-e-type=\"widget\" data-widget_type=\"spacer.default\">\n\t\t\t\t<div class=\"elementor-widget-container\">\n\t\t\t\t\t\t\t<div class=\"elementor-spacer\">\n\t\t\t<div class=\"elementor-spacer-inner\"><\/div>\n\t\t<\/div>\n\t\t\t\t\t\t<\/div>\n\t\t\t\t<\/div>\n\t\t\t\t<div class=\"elementor-element elementor-element-4ed693b1 elementor-widget elementor-widget-text-editor\" data-id=\"4ed693b1\" data-element_type=\"widget\" data-e-type=\"widget\" data-widget_type=\"text-editor.default\">\n\t\t\t\t<div class=\"elementor-widget-container\">\n\t\t\t\t\t\t\t\t\tLos sentimientos negativos son inherentes al ser humano. Cualquier persona ha experimentado tristeza, desesperanza o abatimiento como respuesta a factores estresantes, acontecimientos negativos, o simplemente como una fluctuaci\u00f3n del estado de \u00e1nimo habitual. Normalmente, estas emociones negativas son pasajeras y afectan de manera moderada. Incluso, en determinadas ocasiones, estas emociones negativas son necesarias, ya que preparan al organismo para que lleve a cabo conductas eficaces que respondan a las demandas del entorno y movilicen la energ\u00eda necesaria para ello.\t\t\t\t\t\t\t\t<\/div>\n\t\t\t\t<\/div>\n\t\t\t\t<div class=\"elementor-element elementor-element-1a826852 elementor-widget elementor-widget-spacer\" data-id=\"1a826852\" data-element_type=\"widget\" data-e-type=\"widget\" data-widget_type=\"spacer.default\">\n\t\t\t\t<div class=\"elementor-widget-container\">\n\t\t\t\t\t\t\t<div class=\"elementor-spacer\">\n\t\t\t<div class=\"elementor-spacer-inner\"><\/div>\n\t\t<\/div>\n\t\t\t\t\t\t<\/div>\n\t\t\t\t<\/div>\n\t\t\t\t\t<\/div>\n\t\t<\/div>\n\t\t\t\t\t<\/div>\n\t\t<\/section>\n\t\t\t\t<section class=\"elementor-section elementor-top-section elementor-element elementor-element-66ec707f elementor-section-full_width elementor-section-content-middle elementor-section-height-default elementor-section-height-default qodef-elementor-content-no\" data-id=\"66ec707f\" data-element_type=\"section\" data-e-type=\"section\" data-settings=\"{&quot;animation&quot;:&quot;none&quot;}\">\n\t\t\t\t\t\t<div class=\"elementor-container elementor-column-gap-narrow\">\n\t\t\t\t\t<div class=\"elementor-column elementor-col-50 elementor-top-column elementor-element elementor-element-286dbe28\" data-id=\"286dbe28\" data-element_type=\"column\" data-e-type=\"column\">\n\t\t\t<div class=\"elementor-widget-wrap elementor-element-populated\">\n\t\t\t\t\t\t<div class=\"elementor-element elementor-element-6e27d872 elementor-invisible elementor-widget elementor-widget-image\" data-id=\"6e27d872\" data-element_type=\"widget\" data-e-type=\"widget\" data-settings=\"{&quot;_animation&quot;:&quot;fadeInLeft&quot;}\" data-widget_type=\"image.default\">\n\t\t\t\t<div class=\"elementor-widget-container\">\n\t\t\t\t\t\t\t\t\t\t\t\t\t\t\t<img decoding=\"async\" src=\"https:\/\/www.adiccionesalicante.com\/wp-content\/uploads\/sites\/10\/2023\/05\/depresion_y_animo.png\" title=\"\" alt=\"\" loading=\"lazy\" \/>\t\t\t\t\t\t\t\t\t\t\t\t\t\t\t<\/div>\n\t\t\t\t<\/div>\n\t\t\t\t\t<\/div>\n\t\t<\/div>\n\t\t\t\t<div class=\"elementor-column elementor-col-50 elementor-top-column elementor-element elementor-element-2804e487 elementor-invisible\" data-id=\"2804e487\" data-element_type=\"column\" data-e-type=\"column\" data-settings=\"{&quot;animation&quot;:&quot;fadeInRight&quot;}\">\n\t\t\t<div class=\"elementor-widget-wrap elementor-element-populated\">\n\t\t\t\t\t\t<div class=\"elementor-element elementor-element-c686174 elementor-widget elementor-widget-text-editor\" data-id=\"c686174\" data-element_type=\"widget\" data-e-type=\"widget\" data-widget_type=\"text-editor.default\">\n\t\t\t\t<div class=\"elementor-widget-container\">\n\t\t\t\t\t\t\t\t\t<p>Cuando hablamos de un trastorno del estado de \u00e1nimo o depresivo, estas emociones van m\u00e1s all\u00e1 de las fluctuaciones normales del \u00e1nimo y afectan de manera grave al funcionamiento de la persona.<\/p><p><span style=\"font-size: 16px; color: var( --e-global-color-text );\">Para el tratamiento de la depresi\u00f3n se abordan los diferentes niveles desde una perspectiva cognitivo-conductual.<\/span><\/p><p><span style=\"font-size: 16px; color: var( --e-global-color-text );\">La autoestima y el autoconcepto, las habilidades sociales, la relaci\u00f3n del paciente con su entorno cercano y la motivaci\u00f3n conductual, son aspectos importantes en la depresi\u00f3n, por lo que es imprescindible el aprendizaje de herramientas para gestionarlo. C\u00f3mo maneja la persona sus emociones, identificarlas o reconocer las suyas propias y las de los dem\u00e1s, reaccionar de manera adecuada ante estas emociones y ser capaz de comunicarlas son aspectos a trabajar en el trastorno depresivo.<\/span><\/p>\t\t\t\t\t\t\t\t<\/div>\n\t\t\t\t<\/div>\n\t\t\t\t\t<\/div>\n\t\t<\/div>\n\t\t\t\t\t<\/div>\n\t\t<\/section>\n\t\t\t\t<\/div>\n\t\t","protected":false},"excerpt":{"rendered":"<p>Tratamiento de la Depresi\u00f3n en Alicante Experimentar tristeza o desesperanza como respuesta a factores estresantes, o acontecimientos negativos, o como una fluctuaci\u00f3n del estado de \u00e1nimo, es normal pero cuando emociones afectan de manera grave al funcionamiento de la persona, hay que buscar ayuda. Ll\u00e1manos 671 67 77 00 Tratamiento de la Depresi\u00f3n y el [&hellip;]<\/p>\n","protected":false},"author":2,"featured_media":0,"parent":0,"menu_order":0,"comment_status":"closed","ping_status":"closed","template":"","meta":{"ocean_post_layout":"full-screen","ocean_both_sidebars_style":"","ocean_both_sidebars_content_width":0,"ocean_both_sidebars_sidebars_width":0,"ocean_sidebar":"0","ocean_second_sidebar":"0","ocean_disable_margins":"enable","ocean_add_body_class":"","ocean_shortcode_before_top_bar":"","ocean_shortcode_after_top_bar":"","ocean_shortcode_before_header":"","ocean_shortcode_after_header":"","ocean_has_shortcode":"","ocean_shortcode_after_title":"","ocean_shortcode_before_footer_widgets":"","ocean_shortcode_after_footer_widgets":"","ocean_shortcode_before_footer_bottom":"","ocean_shortcode_after_footer_bottom":"","ocean_display_top_bar":"default","ocean_display_header":"default","ocean_header_style":"","ocean_center_header_left_menu":"0","ocean_custom_header_template":"0","ocean_custom_logo":0,"ocean_custom_retina_logo":0,"ocean_custom_logo_max_width":0,"ocean_custom_logo_tablet_max_width":0,"ocean_custom_logo_mobile_max_width":0,"ocean_custom_logo_max_height":0,"ocean_custom_logo_tablet_max_height":0,"ocean_custom_logo_mobile_max_height":0,"ocean_header_custom_menu":"0","ocean_menu_typo_font_family":"0","ocean_menu_typo_font_subset":"","ocean_menu_typo_font_size":0,"ocean_menu_typo_font_size_tablet":0,"ocean_menu_typo_font_size_mobile":0,"ocean_menu_typo_font_size_unit":"px","ocean_menu_typo_font_weight":"","ocean_menu_typo_font_weight_tablet":"","ocean_menu_typo_font_weight_mobile":"","ocean_menu_typo_transform":"","ocean_menu_typo_transform_tablet":"","ocean_menu_typo_transform_mobile":"","ocean_menu_typo_line_height":0,"ocean_menu_typo_line_height_tablet":0,"ocean_menu_typo_line_height_mobile":0,"ocean_menu_typo_line_height_unit":"","ocean_menu_typo_spacing":0,"ocean_menu_typo_spacing_tablet":0,"ocean_menu_typo_spacing_mobile":0,"ocean_menu_typo_spacing_unit":"","ocean_menu_link_color":"","ocean_menu_link_color_hover":"","ocean_menu_link_color_active":"","ocean_menu_link_background":"","ocean_menu_link_hover_background":"","ocean_menu_link_active_background":"","ocean_menu_social_links_bg":"","ocean_menu_social_hover_links_bg":"","ocean_menu_social_links_color":"","ocean_menu_social_hover_links_color":"","ocean_disable_title":"default","ocean_disable_heading":"default","ocean_post_title":"","ocean_post_subheading":"","ocean_post_title_style":"","ocean_post_title_background_color":"","ocean_post_title_background":0,"ocean_post_title_bg_image_position":"","ocean_post_title_bg_image_attachment":"","ocean_post_title_bg_image_repeat":"","ocean_post_title_bg_image_size":"","ocean_post_title_height":0,"ocean_post_title_bg_overlay":0.5,"ocean_post_title_bg_overlay_color":"","ocean_disable_breadcrumbs":"default","ocean_breadcrumbs_color":"","ocean_breadcrumbs_separator_color":"","ocean_breadcrumbs_links_color":"","ocean_breadcrumbs_links_hover_color":"","ocean_display_footer_widgets":"default","ocean_display_footer_bottom":"default","ocean_custom_footer_template":"0","footnotes":""},"class_list":["post-2802","page","type-page","status-publish","hentry","entry"],"yoast_head":"<!-- This site is optimized with the Yoast SEO plugin v27.5 - https:\/\/yoast.com\/product\/yoast-seo-wordpress\/ -->\n<title>Depresi\u00f3n y estado de \u00e1nimo - Forum Salud Mental Madrid<\/title>\n<meta name=\"description\" content=\"Enfoque integral y personalizado para abordar la depresi\u00f3n y mejorar tu estado de \u00e1nimo. A trav\u00e9s de terapias basadas en la evidencia y herramientas efectivas, te ayudamos a tu equilibrio emocional.\" \/>\n<meta name=\"robots\" content=\"index, follow, max-snippet:-1, max-image-preview:large, max-video-preview:-1\" \/>\n<link rel=\"canonical\" href=\"https:\/\/forummontau.com\/madrid\/depresion-y-estado-del-animo\/\" \/>\n<meta property=\"og:locale\" content=\"es_ES\" \/>\n<meta property=\"og:type\" content=\"article\" \/>\n<meta property=\"og:title\" content=\"Depresi\u00f3n y estado de \u00e1nimo - Forum Salud Mental Madrid\" \/>\n<meta property=\"og:description\" content=\"Enfoque integral y personalizado para abordar la depresi\u00f3n y mejorar tu estado de \u00e1nimo. A trav\u00e9s de terapias basadas en la evidencia y herramientas efectivas, te ayudamos a tu equilibrio emocional.\" \/>\n<meta property=\"og:url\" content=\"https:\/\/forummontau.com\/madrid\/depresion-y-estado-del-animo\/\" \/>\n<meta property=\"og:site_name\" content=\"Forum Salud Mental Madrid\" \/>\n<meta property=\"og:image\" content=\"http:\/\/www.adiccionesalicante.com\/wp-content\/uploads\/sites\/10\/2023\/05\/depresion_y_animo.png\" \/>\n<meta name=\"twitter:card\" content=\"summary_large_image\" \/>\n<meta name=\"twitter:label1\" content=\"Tiempo de lectura\" \/>\n\t<meta name=\"twitter:data1\" content=\"2 minutos\" \/>\n<script type=\"application\/ld+json\" class=\"yoast-schema-graph\">{\"@context\":\"https:\\\/\\\/schema.org\",\"@graph\":[{\"@type\":\"WebPage\",\"@id\":\"https:\\\/\\\/forummontau.com\\\/madrid\\\/depresion-y-estado-del-animo\\\/\",\"url\":\"https:\\\/\\\/forummontau.com\\\/madrid\\\/depresion-y-estado-del-animo\\\/\",\"name\":\"Depresi\u00f3n y estado de \u00e1nimo - Forum Salud Mental Madrid\",\"isPartOf\":{\"@id\":\"\\\/#website\"},\"primaryImageOfPage\":{\"@id\":\"https:\\\/\\\/forummontau.com\\\/madrid\\\/depresion-y-estado-del-animo\\\/#primaryimage\"},\"image\":{\"@id\":\"https:\\\/\\\/forummontau.com\\\/madrid\\\/depresion-y-estado-del-animo\\\/#primaryimage\"},\"thumbnailUrl\":\"http:\\\/\\\/www.adiccionesalicante.com\\\/wp-content\\\/uploads\\\/sites\\\/10\\\/2023\\\/05\\\/depresion_y_animo.png\",\"datePublished\":\"2023-05-19T11:22:20+00:00\",\"description\":\"Enfoque integral y personalizado para abordar la depresi\u00f3n y mejorar tu estado de \u00e1nimo. A trav\u00e9s de terapias basadas en la evidencia y herramientas efectivas, te ayudamos a tu equilibrio emocional.\",\"breadcrumb\":{\"@id\":\"https:\\\/\\\/forummontau.com\\\/madrid\\\/depresion-y-estado-del-animo\\\/#breadcrumb\"},\"inLanguage\":\"es\",\"potentialAction\":[{\"@type\":\"ReadAction\",\"target\":[\"https:\\\/\\\/forummontau.com\\\/madrid\\\/depresion-y-estado-del-animo\\\/\"]}]},{\"@type\":\"ImageObject\",\"inLanguage\":\"es\",\"@id\":\"https:\\\/\\\/forummontau.com\\\/madrid\\\/depresion-y-estado-del-animo\\\/#primaryimage\",\"url\":\"http:\\\/\\\/www.adiccionesalicante.com\\\/wp-content\\\/uploads\\\/sites\\\/10\\\/2023\\\/05\\\/depresion_y_animo.png\",\"contentUrl\":\"http:\\\/\\\/www.adiccionesalicante.com\\\/wp-content\\\/uploads\\\/sites\\\/10\\\/2023\\\/05\\\/depresion_y_animo.png\"},{\"@type\":\"BreadcrumbList\",\"@id\":\"https:\\\/\\\/forummontau.com\\\/madrid\\\/depresion-y-estado-del-animo\\\/#breadcrumb\",\"itemListElement\":[{\"@type\":\"ListItem\",\"position\":1,\"name\":\"Portada\",\"item\":\"https:\\\/\\\/forummontau.com\\\/madrid\\\/\"},{\"@type\":\"ListItem\",\"position\":2,\"name\":\"Depresi\u00f3n y estado de \u00e1nimo\"}]},{\"@type\":\"WebSite\",\"@id\":\"\\\/#website\",\"url\":\"\\\/\",\"name\":\"Forum Salud Mental Madrid\",\"description\":\"Centro Desintoxicaci\u00f3n y Adicciones en Madrid\",\"publisher\":{\"@id\":\"\\\/#organization\"},\"potentialAction\":[{\"@type\":\"SearchAction\",\"target\":{\"@type\":\"EntryPoint\",\"urlTemplate\":\"\\\/?s={search_term_string}\"},\"query-input\":{\"@type\":\"PropertyValueSpecification\",\"valueRequired\":true,\"valueName\":\"search_term_string\"}}],\"inLanguage\":\"es\"},{\"@type\":\"Organization\",\"@id\":\"\\\/#organization\",\"name\":\"Forum Salud Mental Madrid\",\"url\":\"\\\/\",\"logo\":{\"@type\":\"ImageObject\",\"inLanguage\":\"es\",\"@id\":\"\\\/#\\\/schema\\\/logo\\\/image\\\/\",\"url\":\"https:\\\/\\\/forummontau.com\\\/madrid\\\/wp-content\\\/uploads\\\/sites\\\/10\\\/2020\\\/02\\\/madrid_forum.png\",\"contentUrl\":\"https:\\\/\\\/forummontau.com\\\/madrid\\\/wp-content\\\/uploads\\\/sites\\\/10\\\/2020\\\/02\\\/madrid_forum.png\",\"width\":215,\"height\":119,\"caption\":\"Forum Salud Mental Madrid\"},\"image\":{\"@id\":\"\\\/#\\\/schema\\\/logo\\\/image\\\/\"}}]}<\/script>\n<!-- \/ Yoast SEO plugin. -->","yoast_head_json":{"title":"Depresi\u00f3n y estado de \u00e1nimo - Forum Salud Mental Madrid","description":"Enfoque integral y personalizado para abordar la depresi\u00f3n y mejorar tu estado de \u00e1nimo. A trav\u00e9s de terapias basadas en la evidencia y herramientas efectivas, te ayudamos a tu equilibrio emocional.","robots":{"index":"index","follow":"follow","max-snippet":"max-snippet:-1","max-image-preview":"max-image-preview:large","max-video-preview":"max-video-preview:-1"},"canonical":"https:\/\/forummontau.com\/madrid\/depresion-y-estado-del-animo\/","og_locale":"es_ES","og_type":"article","og_title":"Depresi\u00f3n y estado de \u00e1nimo - Forum Salud Mental Madrid","og_description":"Enfoque integral y personalizado para abordar la depresi\u00f3n y mejorar tu estado de \u00e1nimo. A trav\u00e9s de terapias basadas en la evidencia y herramientas efectivas, te ayudamos a tu equilibrio emocional.","og_url":"https:\/\/forummontau.com\/madrid\/depresion-y-estado-del-animo\/","og_site_name":"Forum Salud Mental Madrid","og_image":[{"url":"http:\/\/www.adiccionesalicante.com\/wp-content\/uploads\/sites\/10\/2023\/05\/depresion_y_animo.png","type":"","width":"","height":""}],"twitter_card":"summary_large_image","twitter_misc":{"Tiempo de lectura":"2 minutos"},"schema":{"@context":"https:\/\/schema.org","@graph":[{"@type":"WebPage","@id":"https:\/\/forummontau.com\/madrid\/depresion-y-estado-del-animo\/","url":"https:\/\/forummontau.com\/madrid\/depresion-y-estado-del-animo\/","name":"Depresi\u00f3n y estado de \u00e1nimo - Forum Salud Mental Madrid","isPartOf":{"@id":"\/#website"},"primaryImageOfPage":{"@id":"https:\/\/forummontau.com\/madrid\/depresion-y-estado-del-animo\/#primaryimage"},"image":{"@id":"https:\/\/forummontau.com\/madrid\/depresion-y-estado-del-animo\/#primaryimage"},"thumbnailUrl":"http:\/\/www.adiccionesalicante.com\/wp-content\/uploads\/sites\/10\/2023\/05\/depresion_y_animo.png","datePublished":"2023-05-19T11:22:20+00:00","description":"Enfoque integral y personalizado para abordar la depresi\u00f3n y mejorar tu estado de \u00e1nimo. A trav\u00e9s de terapias basadas en la evidencia y herramientas efectivas, te ayudamos a tu equilibrio emocional.","breadcrumb":{"@id":"https:\/\/forummontau.com\/madrid\/depresion-y-estado-del-animo\/#breadcrumb"},"inLanguage":"es","potentialAction":[{"@type":"ReadAction","target":["https:\/\/forummontau.com\/madrid\/depresion-y-estado-del-animo\/"]}]},{"@type":"ImageObject","inLanguage":"es","@id":"https:\/\/forummontau.com\/madrid\/depresion-y-estado-del-animo\/#primaryimage","url":"http:\/\/www.adiccionesalicante.com\/wp-content\/uploads\/sites\/10\/2023\/05\/depresion_y_animo.png","contentUrl":"http:\/\/www.adiccionesalicante.com\/wp-content\/uploads\/sites\/10\/2023\/05\/depresion_y_animo.png"},{"@type":"BreadcrumbList","@id":"https:\/\/forummontau.com\/madrid\/depresion-y-estado-del-animo\/#breadcrumb","itemListElement":[{"@type":"ListItem","position":1,"name":"Portada","item":"https:\/\/forummontau.com\/madrid\/"},{"@type":"ListItem","position":2,"name":"Depresi\u00f3n y estado de \u00e1nimo"}]},{"@type":"WebSite","@id":"\/#website","url":"\/","name":"Forum Salud Mental Madrid","description":"Centro Desintoxicaci\u00f3n y Adicciones en Madrid","publisher":{"@id":"\/#organization"},"potentialAction":[{"@type":"SearchAction","target":{"@type":"EntryPoint","urlTemplate":"\/?s={search_term_string}"},"query-input":{"@type":"PropertyValueSpecification","valueRequired":true,"valueName":"search_term_string"}}],"inLanguage":"es"},{"@type":"Organization","@id":"\/#organization","name":"Forum Salud Mental Madrid","url":"\/","logo":{"@type":"ImageObject","inLanguage":"es","@id":"\/#\/schema\/logo\/image\/","url":"https:\/\/forummontau.com\/madrid\/wp-content\/uploads\/sites\/10\/2020\/02\/madrid_forum.png","contentUrl":"https:\/\/forummontau.com\/madrid\/wp-content\/uploads\/sites\/10\/2020\/02\/madrid_forum.png","width":215,"height":119,"caption":"Forum Salud Mental Madrid"},"image":{"@id":"\/#\/schema\/logo\/image\/"}}]}},"_links":{"self":[{"href":"https:\/\/forummontau.com\/madrid\/wp-json\/wp\/v2\/pages\/2802","targetHints":{"allow":["GET"]}}],"collection":[{"href":"https:\/\/forummontau.com\/madrid\/wp-json\/wp\/v2\/pages"}],"about":[{"href":"https:\/\/forummontau.com\/madrid\/wp-json\/wp\/v2\/types\/page"}],"author":[{"embeddable":true,"href":"https:\/\/forummontau.com\/madrid\/wp-json\/wp\/v2\/users\/2"}],"replies":[{"embeddable":true,"href":"https:\/\/forummontau.com\/madrid\/wp-json\/wp\/v2\/comments?post=2802"}],"version-history":[{"count":0,"href":"https:\/\/forummontau.com\/madrid\/wp-json\/wp\/v2\/pages\/2802\/revisions"}],"wp:attachment":[{"href":"https:\/\/forummontau.com\/madrid\/wp-json\/wp\/v2\/media?parent=2802"}],"curies":[{"name":"wp","href":"https:\/\/api.w.org\/{rel}","templated":true}]}}