{"id":86,"date":"2019-07-03T11:18:35","date_gmt":"2019-07-03T11:18:35","guid":{"rendered":"https:\/\/www.adiccionmalaga.com\/?page_id=86"},"modified":"2023-12-04T16:07:48","modified_gmt":"2023-12-04T16:07:48","slug":"estrategia-terapeutica","status":"publish","type":"page","link":"https:\/\/forummontau.com\/malaga\/estrategia-terapeutica\/","title":{"rendered":"Estrategia Terap\u00e9utica"},"content":{"rendered":"\t\t<div data-elementor-type=\"wp-post\" data-elementor-id=\"86\" class=\"elementor elementor-86\" data-elementor-post-type=\"page\">\n\t\t\t\t\t\t<section class=\"elementor-section elementor-top-section elementor-element elementor-element-11bf384b elementor-section-full_width elementor-section-height-min-height elementor-section-height-default elementor-section-items-middle qodef-elementor-content-no\" data-id=\"11bf384b\" data-element_type=\"section\" data-e-type=\"section\" data-settings=\"{&quot;background_background&quot;:&quot;classic&quot;}\">\n\t\t\t\t\t\t<div class=\"elementor-container elementor-column-gap-default\">\n\t\t\t\t\t<div class=\"elementor-column elementor-col-100 elementor-top-column elementor-element elementor-element-63135e9f\" data-id=\"63135e9f\" data-element_type=\"column\" data-e-type=\"column\">\n\t\t\t<div class=\"elementor-widget-wrap elementor-element-populated\">\n\t\t\t\t\t\t<div class=\"elementor-element elementor-element-59ed417f elementor-widget elementor-widget-heading\" data-id=\"59ed417f\" data-element_type=\"widget\" data-e-type=\"widget\" data-widget_type=\"heading.default\">\n\t\t\t\t<div class=\"elementor-widget-container\">\n\t\t\t\t\t<h2 class=\"elementor-heading-title elementor-size-default\">ESTRATEGIA TERAP\u00c9UTICA<\/h2>\t\t\t\t<\/div>\n\t\t\t\t<\/div>\n\t\t\t\t\t<\/div>\n\t\t<\/div>\n\t\t\t\t\t<\/div>\n\t\t<\/section>\n\t\t\t\t<section class=\"elementor-section elementor-top-section elementor-element elementor-element-f4e2264 elementor-section-boxed elementor-section-height-default elementor-section-height-default qodef-elementor-content-no\" data-id=\"f4e2264\" data-element_type=\"section\" data-e-type=\"section\">\n\t\t\t\t\t\t<div class=\"elementor-container elementor-column-gap-default\">\n\t\t\t\t\t<div class=\"elementor-column elementor-col-100 elementor-top-column elementor-element elementor-element-ce15ddc\" data-id=\"ce15ddc\" data-element_type=\"column\" data-e-type=\"column\">\n\t\t\t<div class=\"elementor-widget-wrap elementor-element-populated\">\n\t\t\t\t\t\t<div class=\"elementor-element elementor-element-6e9be0a elementor-widget elementor-widget-text-editor\" data-id=\"6e9be0a\" data-element_type=\"widget\" data-e-type=\"widget\" data-widget_type=\"text-editor.default\">\n\t\t\t\t<div class=\"elementor-widget-container\">\n\t\t\t\t\t\t\t\t\t<p>Dise\u00f1o e Implementaci\u00f3n de la Estrategia Terap\u00e9utica que se considere oportuna.<\/p><p>En caso de precisarse internamiento se informar\u00e1 y preparar\u00e1 al paciente y sus familiares del proceso de intervenci\u00f3n terap\u00e9utica para lograr la m\u00e1xima adherencia al tratamiento, se realizar\u00e1 el seguimiento durante el per\u00edodo y, de estimarse necesario, se acompa\u00f1ar\u00e1 dicho seguimiento de asistencia personalizada.<\/p>\t\t\t\t\t\t\t\t<\/div>\n\t\t\t\t<\/div>\n\t\t\t\t\t<\/div>\n\t\t<\/div>\n\t\t\t\t\t<\/div>\n\t\t<\/section>\n\t\t\t\t<\/div>\n\t\t","protected":false},"excerpt":{"rendered":"<p>ESTRATEGIA TERAP\u00c9UTICA Dise\u00f1o e Implementaci\u00f3n de la Estrategia Terap\u00e9utica que se considere oportuna. En caso de precisarse internamiento se informar\u00e1 y preparar\u00e1 al paciente y sus familiares del proceso de intervenci\u00f3n terap\u00e9utica para lograr la m\u00e1xima adherencia al tratamiento, se realizar\u00e1 el seguimiento durante el per\u00edodo y, de estimarse necesario, se acompa\u00f1ar\u00e1 dicho seguimiento de [&hellip;]<\/p>\n","protected":false},"author":2,"featured_media":0,"parent":0,"menu_order":0,"comment_status":"closed","ping_status":"closed","template":"","meta":{"ocean_post_layout":"full-screen","ocean_both_sidebars_style":"","ocean_both_sidebars_content_width":0,"ocean_both_sidebars_sidebars_width":0,"ocean_sidebar":"0","ocean_second_sidebar":"0","ocean_disable_margins":"enable","ocean_add_body_class":"","ocean_shortcode_before_top_bar":"","ocean_shortcode_after_top_bar":"","ocean_shortcode_before_header":"","ocean_shortcode_after_header":"","ocean_has_shortcode":"","ocean_shortcode_after_title":"","ocean_shortcode_before_footer_widgets":"","ocean_shortcode_after_footer_widgets":"","ocean_shortcode_before_footer_bottom":"","ocean_shortcode_after_footer_bottom":"","ocean_display_top_bar":"default","ocean_display_header":"default","ocean_header_style":"","ocean_center_header_left_menu":"0","ocean_custom_header_template":"0","ocean_custom_logo":0,"ocean_custom_retina_logo":0,"ocean_custom_logo_max_width":0,"ocean_custom_logo_tablet_max_width":0,"ocean_custom_logo_mobile_max_width":0,"ocean_custom_logo_max_height":0,"ocean_custom_logo_tablet_max_height":0,"ocean_custom_logo_mobile_max_height":0,"ocean_header_custom_menu":"0","ocean_menu_typo_font_family":"0","ocean_menu_typo_font_subset":"","ocean_menu_typo_font_size":0,"ocean_menu_typo_font_size_tablet":0,"ocean_menu_typo_font_size_mobile":0,"ocean_menu_typo_font_size_unit":"px","ocean_menu_typo_font_weight":"","ocean_menu_typo_font_weight_tablet":"","ocean_menu_typo_font_weight_mobile":"","ocean_menu_typo_transform":"","ocean_menu_typo_transform_tablet":"","ocean_menu_typo_transform_mobile":"","ocean_menu_typo_line_height":0,"ocean_menu_typo_line_height_tablet":0,"ocean_menu_typo_line_height_mobile":0,"ocean_menu_typo_line_height_unit":"","ocean_menu_typo_spacing":0,"ocean_menu_typo_spacing_tablet":0,"ocean_menu_typo_spacing_mobile":0,"ocean_menu_typo_spacing_unit":"","ocean_menu_link_color":"","ocean_menu_link_color_hover":"","ocean_menu_link_color_active":"","ocean_menu_link_background":"","ocean_menu_link_hover_background":"","ocean_menu_link_active_background":"","ocean_menu_social_links_bg":"","ocean_menu_social_hover_links_bg":"","ocean_menu_social_links_color":"","ocean_menu_social_hover_links_color":"","ocean_disable_title":"on","ocean_disable_heading":"default","ocean_post_title":"","ocean_post_subheading":"","ocean_post_title_style":"","ocean_post_title_background_color":"","ocean_post_title_background":0,"ocean_post_title_bg_image_position":"","ocean_post_title_bg_image_attachment":"","ocean_post_title_bg_image_repeat":"","ocean_post_title_bg_image_size":"","ocean_post_title_height":0,"ocean_post_title_bg_overlay":0.5,"ocean_post_title_bg_overlay_color":"","ocean_disable_breadcrumbs":"default","ocean_breadcrumbs_color":"","ocean_breadcrumbs_separator_color":"","ocean_breadcrumbs_links_color":"","ocean_breadcrumbs_links_hover_color":"","ocean_display_footer_widgets":"on","ocean_display_footer_bottom":"default","ocean_custom_footer_template":"0","footnotes":""},"class_list":["post-86","page","type-page","status-publish","hentry","entry"],"yoast_head":"<!-- This site is optimized with the Yoast SEO plugin v27.5 - https:\/\/yoast.com\/product\/yoast-seo-wordpress\/ -->\n<title>Estrategia Terap\u00e9utica Adicciones | Forum Salud Mental M\u00e1laga<\/title>\n<meta name=\"description\" content=\"Le orientaremos con la mejor terapia a seguir teniendo en cuenta aspectos como el entorno social, laboral y familiar...\" \/>\n<meta name=\"robots\" content=\"index, follow, max-snippet:-1, max-image-preview:large, max-video-preview:-1\" \/>\n<link rel=\"canonical\" href=\"https:\/\/forummontau.com\/malaga\/estrategia-terapeutica\/\" \/>\n<meta property=\"og:locale\" content=\"es_ES\" \/>\n<meta property=\"og:type\" content=\"article\" \/>\n<meta property=\"og:title\" content=\"Estrategia Terap\u00e9utica Adicciones | Forum Salud Mental M\u00e1laga\" \/>\n<meta property=\"og:description\" content=\"Le orientaremos con la mejor terapia a seguir teniendo en cuenta aspectos como el entorno social, laboral y familiar...\" \/>\n<meta property=\"og:url\" content=\"https:\/\/forummontau.com\/malaga\/estrategia-terapeutica\/\" \/>\n<meta property=\"og:site_name\" content=\"Forum Salud Mental M\u00e1laga\" \/>\n<meta property=\"article:modified_time\" content=\"2023-12-04T16:07:48+00:00\" \/>\n<meta name=\"twitter:card\" content=\"summary_large_image\" \/>\n<meta name=\"twitter:label1\" content=\"Tiempo de lectura\" \/>\n\t<meta name=\"twitter:data1\" content=\"1 minuto\" \/>\n<script type=\"application\/ld+json\" class=\"yoast-schema-graph\">{\"@context\":\"https:\\\/\\\/schema.org\",\"@graph\":[{\"@type\":\"WebPage\",\"@id\":\"https:\\\/\\\/forummontau.com\\\/malaga\\\/estrategia-terapeutica\\\/\",\"url\":\"https:\\\/\\\/forummontau.com\\\/malaga\\\/estrategia-terapeutica\\\/\",\"name\":\"Estrategia Terap\u00e9utica Adicciones | Forum Salud Mental M\u00e1laga\",\"isPartOf\":{\"@id\":\"https:\\\/\\\/forummontau.com\\\/malaga\\\/#website\"},\"datePublished\":\"2019-07-03T11:18:35+00:00\",\"dateModified\":\"2023-12-04T16:07:48+00:00\",\"description\":\"Le orientaremos con la mejor terapia a seguir teniendo en cuenta aspectos como el entorno social, laboral y familiar...\",\"breadcrumb\":{\"@id\":\"https:\\\/\\\/forummontau.com\\\/malaga\\\/estrategia-terapeutica\\\/#breadcrumb\"},\"inLanguage\":\"es\",\"potentialAction\":[{\"@type\":\"ReadAction\",\"target\":[\"https:\\\/\\\/forummontau.com\\\/malaga\\\/estrategia-terapeutica\\\/\"]}]},{\"@type\":\"BreadcrumbList\",\"@id\":\"https:\\\/\\\/forummontau.com\\\/malaga\\\/estrategia-terapeutica\\\/#breadcrumb\",\"itemListElement\":[{\"@type\":\"ListItem\",\"position\":1,\"name\":\"Portada\",\"item\":\"https:\\\/\\\/forummontau.com\\\/malaga\\\/\"},{\"@type\":\"ListItem\",\"position\":2,\"name\":\"Estrategia Terap\u00e9utica\"}]},{\"@type\":\"WebSite\",\"@id\":\"https:\\\/\\\/forummontau.com\\\/malaga\\\/#website\",\"url\":\"https:\\\/\\\/forummontau.com\\\/malaga\\\/\",\"name\":\"Forum Salud Mental M\u00e1laga\",\"description\":\"Centro Tratamiento Adicciones\",\"publisher\":{\"@id\":\"https:\\\/\\\/forummontau.com\\\/malaga\\\/#organization\"},\"potentialAction\":[{\"@type\":\"SearchAction\",\"target\":{\"@type\":\"EntryPoint\",\"urlTemplate\":\"https:\\\/\\\/forummontau.com\\\/malaga\\\/?s={search_term_string}\"},\"query-input\":{\"@type\":\"PropertyValueSpecification\",\"valueRequired\":true,\"valueName\":\"search_term_string\"}}],\"inLanguage\":\"es\"},{\"@type\":\"Organization\",\"@id\":\"https:\\\/\\\/forummontau.com\\\/malaga\\\/#organization\",\"name\":\"Forum Salud Mental M\u00e1laga\",\"url\":\"https:\\\/\\\/forummontau.com\\\/malaga\\\/\",\"logo\":{\"@type\":\"ImageObject\",\"inLanguage\":\"es\",\"@id\":\"https:\\\/\\\/forummontau.com\\\/malaga\\\/#\\\/schema\\\/logo\\\/image\\\/\",\"url\":\"https:\\\/\\\/forummontau.com\\\/malaga\\\/wp-content\\\/uploads\\\/sites\\\/11\\\/2020\\\/02\\\/malaga.png\",\"contentUrl\":\"https:\\\/\\\/forummontau.com\\\/malaga\\\/wp-content\\\/uploads\\\/sites\\\/11\\\/2020\\\/02\\\/malaga.png\",\"width\":214,\"height\":119,\"caption\":\"Forum Salud Mental M\u00e1laga\"},\"image\":{\"@id\":\"https:\\\/\\\/forummontau.com\\\/malaga\\\/#\\\/schema\\\/logo\\\/image\\\/\"}}]}<\/script>\n<!-- \/ Yoast SEO plugin. -->","yoast_head_json":{"title":"Estrategia Terap\u00e9utica Adicciones | Forum Salud Mental M\u00e1laga","description":"Le orientaremos con la mejor terapia a seguir teniendo en cuenta aspectos como el entorno social, laboral y familiar...","robots":{"index":"index","follow":"follow","max-snippet":"max-snippet:-1","max-image-preview":"max-image-preview:large","max-video-preview":"max-video-preview:-1"},"canonical":"https:\/\/forummontau.com\/malaga\/estrategia-terapeutica\/","og_locale":"es_ES","og_type":"article","og_title":"Estrategia Terap\u00e9utica Adicciones | Forum Salud Mental M\u00e1laga","og_description":"Le orientaremos con la mejor terapia a seguir teniendo en cuenta aspectos como el entorno social, laboral y familiar...","og_url":"https:\/\/forummontau.com\/malaga\/estrategia-terapeutica\/","og_site_name":"Forum Salud Mental M\u00e1laga","article_modified_time":"2023-12-04T16:07:48+00:00","twitter_card":"summary_large_image","twitter_misc":{"Tiempo de lectura":"1 minuto"},"schema":{"@context":"https:\/\/schema.org","@graph":[{"@type":"WebPage","@id":"https:\/\/forummontau.com\/malaga\/estrategia-terapeutica\/","url":"https:\/\/forummontau.com\/malaga\/estrategia-terapeutica\/","name":"Estrategia Terap\u00e9utica Adicciones | Forum Salud Mental M\u00e1laga","isPartOf":{"@id":"https:\/\/forummontau.com\/malaga\/#website"},"datePublished":"2019-07-03T11:18:35+00:00","dateModified":"2023-12-04T16:07:48+00:00","description":"Le orientaremos con la mejor terapia a seguir teniendo en cuenta aspectos como el entorno social, laboral y familiar...","breadcrumb":{"@id":"https:\/\/forummontau.com\/malaga\/estrategia-terapeutica\/#breadcrumb"},"inLanguage":"es","potentialAction":[{"@type":"ReadAction","target":["https:\/\/forummontau.com\/malaga\/estrategia-terapeutica\/"]}]},{"@type":"BreadcrumbList","@id":"https:\/\/forummontau.com\/malaga\/estrategia-terapeutica\/#breadcrumb","itemListElement":[{"@type":"ListItem","position":1,"name":"Portada","item":"https:\/\/forummontau.com\/malaga\/"},{"@type":"ListItem","position":2,"name":"Estrategia Terap\u00e9utica"}]},{"@type":"WebSite","@id":"https:\/\/forummontau.com\/malaga\/#website","url":"https:\/\/forummontau.com\/malaga\/","name":"Forum Salud Mental M\u00e1laga","description":"Centro Tratamiento Adicciones","publisher":{"@id":"https:\/\/forummontau.com\/malaga\/#organization"},"potentialAction":[{"@type":"SearchAction","target":{"@type":"EntryPoint","urlTemplate":"https:\/\/forummontau.com\/malaga\/?s={search_term_string}"},"query-input":{"@type":"PropertyValueSpecification","valueRequired":true,"valueName":"search_term_string"}}],"inLanguage":"es"},{"@type":"Organization","@id":"https:\/\/forummontau.com\/malaga\/#organization","name":"Forum Salud Mental M\u00e1laga","url":"https:\/\/forummontau.com\/malaga\/","logo":{"@type":"ImageObject","inLanguage":"es","@id":"https:\/\/forummontau.com\/malaga\/#\/schema\/logo\/image\/","url":"https:\/\/forummontau.com\/malaga\/wp-content\/uploads\/sites\/11\/2020\/02\/malaga.png","contentUrl":"https:\/\/forummontau.com\/malaga\/wp-content\/uploads\/sites\/11\/2020\/02\/malaga.png","width":214,"height":119,"caption":"Forum Salud Mental M\u00e1laga"},"image":{"@id":"https:\/\/forummontau.com\/malaga\/#\/schema\/logo\/image\/"}}]}},"_links":{"self":[{"href":"https:\/\/forummontau.com\/malaga\/wp-json\/wp\/v2\/pages\/86","targetHints":{"allow":["GET"]}}],"collection":[{"href":"https:\/\/forummontau.com\/malaga\/wp-json\/wp\/v2\/pages"}],"about":[{"href":"https:\/\/forummontau.com\/malaga\/wp-json\/wp\/v2\/types\/page"}],"author":[{"embeddable":true,"href":"https:\/\/forummontau.com\/malaga\/wp-json\/wp\/v2\/users\/2"}],"replies":[{"embeddable":true,"href":"https:\/\/forummontau.com\/malaga\/wp-json\/wp\/v2\/comments?post=86"}],"version-history":[{"count":3,"href":"https:\/\/forummontau.com\/malaga\/wp-json\/wp\/v2\/pages\/86\/revisions"}],"predecessor-version":[{"id":1324,"href":"https:\/\/forummontau.com\/malaga\/wp-json\/wp\/v2\/pages\/86\/revisions\/1324"}],"wp:attachment":[{"href":"https:\/\/forummontau.com\/malaga\/wp-json\/wp\/v2\/media?parent=86"}],"curies":[{"name":"wp","href":"https:\/\/api.w.org\/{rel}","templated":true}]}}