{"id":88,"date":"2019-07-03T11:19:09","date_gmt":"2019-07-03T11:19:09","guid":{"rendered":"https:\/\/www.adiccionmalaga.com\/?page_id=88"},"modified":"2023-06-23T10:20:45","modified_gmt":"2023-06-23T10:20:45","slug":"identificacion-y-diagnostico","status":"publish","type":"page","link":"https:\/\/forummontau.com\/malaga\/identificacion-y-diagnostico\/","title":{"rendered":"Identificaci\u00f3n y Diagn\u00f3stico"},"content":{"rendered":"\t\t<div data-elementor-type=\"wp-post\" data-elementor-id=\"88\" class=\"elementor elementor-88\" data-elementor-post-type=\"page\">\n\t\t\t\t\t\t<section class=\"elementor-section elementor-top-section elementor-element elementor-element-29434e5c elementor-section-full_width elementor-section-height-min-height elementor-section-height-default elementor-section-items-middle qodef-elementor-content-no\" data-id=\"29434e5c\" data-element_type=\"section\" data-e-type=\"section\" data-settings=\"{&quot;background_background&quot;:&quot;classic&quot;}\">\n\t\t\t\t\t\t<div class=\"elementor-container elementor-column-gap-default\">\n\t\t\t\t\t<div class=\"elementor-column elementor-col-100 elementor-top-column elementor-element elementor-element-5737f01\" data-id=\"5737f01\" data-element_type=\"column\" data-e-type=\"column\">\n\t\t\t<div class=\"elementor-widget-wrap elementor-element-populated\">\n\t\t\t\t\t\t<div class=\"elementor-element elementor-element-46a12275 elementor-widget elementor-widget-heading\" data-id=\"46a12275\" data-element_type=\"widget\" data-e-type=\"widget\" data-widget_type=\"heading.default\">\n\t\t\t\t<div class=\"elementor-widget-container\">\n\t\t\t\t\t<h2 class=\"elementor-heading-title elementor-size-default\">IDENTIFICACI\u00d3N Y DIAGN\u00d3STICO<\/h2>\t\t\t\t<\/div>\n\t\t\t\t<\/div>\n\t\t\t\t\t<\/div>\n\t\t<\/div>\n\t\t\t\t\t<\/div>\n\t\t<\/section>\n\t\t\t\t<section class=\"elementor-section elementor-top-section elementor-element elementor-element-ace6bbf elementor-section-boxed elementor-section-height-default elementor-section-height-default qodef-elementor-content-no\" data-id=\"ace6bbf\" data-element_type=\"section\" data-e-type=\"section\">\n\t\t\t\t\t\t<div class=\"elementor-container elementor-column-gap-default\">\n\t\t\t\t\t<div class=\"elementor-column elementor-col-100 elementor-top-column elementor-element elementor-element-bf91027\" data-id=\"bf91027\" data-element_type=\"column\" data-e-type=\"column\">\n\t\t\t<div class=\"elementor-widget-wrap elementor-element-populated\">\n\t\t\t\t\t\t<div class=\"elementor-element elementor-element-ebdd1df elementor-widget elementor-widget-text-editor\" data-id=\"ebdd1df\" data-element_type=\"widget\" data-e-type=\"widget\" data-widget_type=\"text-editor.default\">\n\t\t\t\t<div class=\"elementor-widget-container\">\n\t\t\t\t\t\t\t\t\t<p>Identificaci\u00f3n y diagn\u00f3stico de la dependencia y, en su caso, de posibles trastornos inducidos por consumo de sustancias. <br \/>Evaluaci\u00f3n de posibles alteraciones en el orden psicol\u00f3gico y social del paciente. <br \/><span style=\"font-size: 14px;\"><br \/>Propuesta de Tratamiento.<\/span><\/p><div class=\"entry\"><p>De no evidenciarse la presencia de los criterios diagn\u00f3sticos necesarios para el Trastorno de Dependencia, se identificar\u00e1n los factores de riesgo preexistentes y desencadenantes, as\u00ed como las variables causales modificables que mantienen la conducta problema, que fundamentar\u00e1n el Plan de Recomendaciones basado en la informaci\u00f3n obtenida en la consulta.<\/p><\/div>\t\t\t\t\t\t\t\t<\/div>\n\t\t\t\t<\/div>\n\t\t\t\t\t<\/div>\n\t\t<\/div>\n\t\t\t\t\t<\/div>\n\t\t<\/section>\n\t\t\t\t<\/div>\n\t\t","protected":false},"excerpt":{"rendered":"<p>IDENTIFICACI\u00d3N Y DIAGN\u00d3STICO Identificaci\u00f3n y diagn\u00f3stico de la dependencia y, en su caso, de posibles trastornos inducidos por consumo de sustancias. Evaluaci\u00f3n de posibles alteraciones en el orden psicol\u00f3gico y social del paciente. Propuesta de Tratamiento. De no evidenciarse la presencia de los criterios diagn\u00f3sticos necesarios para el Trastorno de Dependencia, se identificar\u00e1n los factores [&hellip;]<\/p>\n","protected":false},"author":2,"featured_media":0,"parent":0,"menu_order":0,"comment_status":"closed","ping_status":"closed","template":"","meta":{"ocean_post_layout":"full-screen","ocean_both_sidebars_style":"","ocean_both_sidebars_content_width":0,"ocean_both_sidebars_sidebars_width":0,"ocean_sidebar":"0","ocean_second_sidebar":"0","ocean_disable_margins":"enable","ocean_add_body_class":"","ocean_shortcode_before_top_bar":"","ocean_shortcode_after_top_bar":"","ocean_shortcode_before_header":"","ocean_shortcode_after_header":"","ocean_has_shortcode":"","ocean_shortcode_after_title":"","ocean_shortcode_before_footer_widgets":"","ocean_shortcode_after_footer_widgets":"","ocean_shortcode_before_footer_bottom":"","ocean_shortcode_after_footer_bottom":"","ocean_display_top_bar":"default","ocean_display_header":"default","ocean_header_style":"","ocean_center_header_left_menu":"0","ocean_custom_header_template":"0","ocean_custom_logo":0,"ocean_custom_retina_logo":0,"ocean_custom_logo_max_width":0,"ocean_custom_logo_tablet_max_width":0,"ocean_custom_logo_mobile_max_width":0,"ocean_custom_logo_max_height":0,"ocean_custom_logo_tablet_max_height":0,"ocean_custom_logo_mobile_max_height":0,"ocean_header_custom_menu":"0","ocean_menu_typo_font_family":"0","ocean_menu_typo_font_subset":"","ocean_menu_typo_font_size":0,"ocean_menu_typo_font_size_tablet":0,"ocean_menu_typo_font_size_mobile":0,"ocean_menu_typo_font_size_unit":"px","ocean_menu_typo_font_weight":"","ocean_menu_typo_font_weight_tablet":"","ocean_menu_typo_font_weight_mobile":"","ocean_menu_typo_transform":"","ocean_menu_typo_transform_tablet":"","ocean_menu_typo_transform_mobile":"","ocean_menu_typo_line_height":0,"ocean_menu_typo_line_height_tablet":0,"ocean_menu_typo_line_height_mobile":0,"ocean_menu_typo_line_height_unit":"","ocean_menu_typo_spacing":0,"ocean_menu_typo_spacing_tablet":0,"ocean_menu_typo_spacing_mobile":0,"ocean_menu_typo_spacing_unit":"","ocean_menu_link_color":"","ocean_menu_link_color_hover":"","ocean_menu_link_color_active":"","ocean_menu_link_background":"","ocean_menu_link_hover_background":"","ocean_menu_link_active_background":"","ocean_menu_social_links_bg":"","ocean_menu_social_hover_links_bg":"","ocean_menu_social_links_color":"","ocean_menu_social_hover_links_color":"","ocean_disable_title":"on","ocean_disable_heading":"default","ocean_post_title":"","ocean_post_subheading":"","ocean_post_title_style":"","ocean_post_title_background_color":"","ocean_post_title_background":0,"ocean_post_title_bg_image_position":"","ocean_post_title_bg_image_attachment":"","ocean_post_title_bg_image_repeat":"","ocean_post_title_bg_image_size":"","ocean_post_title_height":0,"ocean_post_title_bg_overlay":0.5,"ocean_post_title_bg_overlay_color":"","ocean_disable_breadcrumbs":"default","ocean_breadcrumbs_color":"","ocean_breadcrumbs_separator_color":"","ocean_breadcrumbs_links_color":"","ocean_breadcrumbs_links_hover_color":"","ocean_display_footer_widgets":"on","ocean_display_footer_bottom":"default","ocean_custom_footer_template":"0","footnotes":""},"class_list":["post-88","page","type-page","status-publish","hentry","entry"],"yoast_head":"<!-- This site is optimized with the Yoast SEO plugin v27.5 - https:\/\/yoast.com\/product\/yoast-seo-wordpress\/ -->\n<title>Identificaci\u00f3n y Diagn\u00f3stico - Forum Salud Mental M\u00e1laga<\/title>\n<meta name=\"description\" content=\"Tras una primera visita gratuita identificamos y diagnosticamos la dependencia y los posibles trastornos inducidos por consumo de sustancias para su posterior abordaje.\" \/>\n<meta name=\"robots\" content=\"index, follow, max-snippet:-1, max-image-preview:large, max-video-preview:-1\" \/>\n<link rel=\"canonical\" href=\"https:\/\/forummontau.com\/malaga\/identificacion-y-diagnostico\/\" \/>\n<meta property=\"og:locale\" content=\"es_ES\" \/>\n<meta property=\"og:type\" content=\"article\" \/>\n<meta property=\"og:title\" content=\"Identificaci\u00f3n y Diagn\u00f3stico - Forum Salud Mental M\u00e1laga\" \/>\n<meta property=\"og:description\" content=\"Tras una primera visita gratuita identificamos y diagnosticamos la dependencia y los posibles trastornos inducidos por consumo de sustancias para su posterior abordaje.\" \/>\n<meta property=\"og:url\" content=\"https:\/\/forummontau.com\/malaga\/identificacion-y-diagnostico\/\" \/>\n<meta property=\"og:site_name\" content=\"Forum Salud Mental M\u00e1laga\" \/>\n<meta property=\"article:modified_time\" content=\"2023-06-23T10:20:45+00:00\" \/>\n<meta name=\"twitter:card\" content=\"summary_large_image\" \/>\n<meta name=\"twitter:label1\" content=\"Tiempo de lectura\" \/>\n\t<meta name=\"twitter:data1\" content=\"1 minuto\" \/>\n<script type=\"application\/ld+json\" class=\"yoast-schema-graph\">{\"@context\":\"https:\\\/\\\/schema.org\",\"@graph\":[{\"@type\":\"WebPage\",\"@id\":\"https:\\\/\\\/forummontau.com\\\/malaga\\\/identificacion-y-diagnostico\\\/\",\"url\":\"https:\\\/\\\/forummontau.com\\\/malaga\\\/identificacion-y-diagnostico\\\/\",\"name\":\"Identificaci\u00f3n y Diagn\u00f3stico - Forum Salud Mental M\u00e1laga\",\"isPartOf\":{\"@id\":\"https:\\\/\\\/forummontau.com\\\/malaga\\\/#website\"},\"datePublished\":\"2019-07-03T11:19:09+00:00\",\"dateModified\":\"2023-06-23T10:20:45+00:00\",\"description\":\"Tras una primera visita gratuita identificamos y diagnosticamos la dependencia y los posibles trastornos inducidos por consumo de sustancias para su posterior abordaje.\",\"breadcrumb\":{\"@id\":\"https:\\\/\\\/forummontau.com\\\/malaga\\\/identificacion-y-diagnostico\\\/#breadcrumb\"},\"inLanguage\":\"es\",\"potentialAction\":[{\"@type\":\"ReadAction\",\"target\":[\"https:\\\/\\\/forummontau.com\\\/malaga\\\/identificacion-y-diagnostico\\\/\"]}]},{\"@type\":\"BreadcrumbList\",\"@id\":\"https:\\\/\\\/forummontau.com\\\/malaga\\\/identificacion-y-diagnostico\\\/#breadcrumb\",\"itemListElement\":[{\"@type\":\"ListItem\",\"position\":1,\"name\":\"Portada\",\"item\":\"https:\\\/\\\/forummontau.com\\\/malaga\\\/\"},{\"@type\":\"ListItem\",\"position\":2,\"name\":\"Identificaci\u00f3n y Diagn\u00f3stico\"}]},{\"@type\":\"WebSite\",\"@id\":\"https:\\\/\\\/forummontau.com\\\/malaga\\\/#website\",\"url\":\"https:\\\/\\\/forummontau.com\\\/malaga\\\/\",\"name\":\"Forum Salud Mental M\u00e1laga\",\"description\":\"Centro Tratamiento Adicciones\",\"publisher\":{\"@id\":\"https:\\\/\\\/forummontau.com\\\/malaga\\\/#organization\"},\"potentialAction\":[{\"@type\":\"SearchAction\",\"target\":{\"@type\":\"EntryPoint\",\"urlTemplate\":\"https:\\\/\\\/forummontau.com\\\/malaga\\\/?s={search_term_string}\"},\"query-input\":{\"@type\":\"PropertyValueSpecification\",\"valueRequired\":true,\"valueName\":\"search_term_string\"}}],\"inLanguage\":\"es\"},{\"@type\":\"Organization\",\"@id\":\"https:\\\/\\\/forummontau.com\\\/malaga\\\/#organization\",\"name\":\"Forum Salud Mental M\u00e1laga\",\"url\":\"https:\\\/\\\/forummontau.com\\\/malaga\\\/\",\"logo\":{\"@type\":\"ImageObject\",\"inLanguage\":\"es\",\"@id\":\"https:\\\/\\\/forummontau.com\\\/malaga\\\/#\\\/schema\\\/logo\\\/image\\\/\",\"url\":\"https:\\\/\\\/forummontau.com\\\/malaga\\\/wp-content\\\/uploads\\\/sites\\\/11\\\/2020\\\/02\\\/malaga.png\",\"contentUrl\":\"https:\\\/\\\/forummontau.com\\\/malaga\\\/wp-content\\\/uploads\\\/sites\\\/11\\\/2020\\\/02\\\/malaga.png\",\"width\":214,\"height\":119,\"caption\":\"Forum Salud Mental M\u00e1laga\"},\"image\":{\"@id\":\"https:\\\/\\\/forummontau.com\\\/malaga\\\/#\\\/schema\\\/logo\\\/image\\\/\"}}]}<\/script>\n<!-- \/ Yoast SEO plugin. -->","yoast_head_json":{"title":"Identificaci\u00f3n y Diagn\u00f3stico - Forum Salud Mental M\u00e1laga","description":"Tras una primera visita gratuita identificamos y diagnosticamos la dependencia y los posibles trastornos inducidos por consumo de sustancias para su posterior abordaje.","robots":{"index":"index","follow":"follow","max-snippet":"max-snippet:-1","max-image-preview":"max-image-preview:large","max-video-preview":"max-video-preview:-1"},"canonical":"https:\/\/forummontau.com\/malaga\/identificacion-y-diagnostico\/","og_locale":"es_ES","og_type":"article","og_title":"Identificaci\u00f3n y Diagn\u00f3stico - Forum Salud Mental M\u00e1laga","og_description":"Tras una primera visita gratuita identificamos y diagnosticamos la dependencia y los posibles trastornos inducidos por consumo de sustancias para su posterior abordaje.","og_url":"https:\/\/forummontau.com\/malaga\/identificacion-y-diagnostico\/","og_site_name":"Forum Salud Mental M\u00e1laga","article_modified_time":"2023-06-23T10:20:45+00:00","twitter_card":"summary_large_image","twitter_misc":{"Tiempo de lectura":"1 minuto"},"schema":{"@context":"https:\/\/schema.org","@graph":[{"@type":"WebPage","@id":"https:\/\/forummontau.com\/malaga\/identificacion-y-diagnostico\/","url":"https:\/\/forummontau.com\/malaga\/identificacion-y-diagnostico\/","name":"Identificaci\u00f3n y Diagn\u00f3stico - Forum Salud Mental M\u00e1laga","isPartOf":{"@id":"https:\/\/forummontau.com\/malaga\/#website"},"datePublished":"2019-07-03T11:19:09+00:00","dateModified":"2023-06-23T10:20:45+00:00","description":"Tras una primera visita gratuita identificamos y diagnosticamos la dependencia y los posibles trastornos inducidos por consumo de sustancias para su posterior abordaje.","breadcrumb":{"@id":"https:\/\/forummontau.com\/malaga\/identificacion-y-diagnostico\/#breadcrumb"},"inLanguage":"es","potentialAction":[{"@type":"ReadAction","target":["https:\/\/forummontau.com\/malaga\/identificacion-y-diagnostico\/"]}]},{"@type":"BreadcrumbList","@id":"https:\/\/forummontau.com\/malaga\/identificacion-y-diagnostico\/#breadcrumb","itemListElement":[{"@type":"ListItem","position":1,"name":"Portada","item":"https:\/\/forummontau.com\/malaga\/"},{"@type":"ListItem","position":2,"name":"Identificaci\u00f3n y Diagn\u00f3stico"}]},{"@type":"WebSite","@id":"https:\/\/forummontau.com\/malaga\/#website","url":"https:\/\/forummontau.com\/malaga\/","name":"Forum Salud Mental M\u00e1laga","description":"Centro Tratamiento Adicciones","publisher":{"@id":"https:\/\/forummontau.com\/malaga\/#organization"},"potentialAction":[{"@type":"SearchAction","target":{"@type":"EntryPoint","urlTemplate":"https:\/\/forummontau.com\/malaga\/?s={search_term_string}"},"query-input":{"@type":"PropertyValueSpecification","valueRequired":true,"valueName":"search_term_string"}}],"inLanguage":"es"},{"@type":"Organization","@id":"https:\/\/forummontau.com\/malaga\/#organization","name":"Forum Salud Mental M\u00e1laga","url":"https:\/\/forummontau.com\/malaga\/","logo":{"@type":"ImageObject","inLanguage":"es","@id":"https:\/\/forummontau.com\/malaga\/#\/schema\/logo\/image\/","url":"https:\/\/forummontau.com\/malaga\/wp-content\/uploads\/sites\/11\/2020\/02\/malaga.png","contentUrl":"https:\/\/forummontau.com\/malaga\/wp-content\/uploads\/sites\/11\/2020\/02\/malaga.png","width":214,"height":119,"caption":"Forum Salud Mental M\u00e1laga"},"image":{"@id":"https:\/\/forummontau.com\/malaga\/#\/schema\/logo\/image\/"}}]}},"_links":{"self":[{"href":"https:\/\/forummontau.com\/malaga\/wp-json\/wp\/v2\/pages\/88","targetHints":{"allow":["GET"]}}],"collection":[{"href":"https:\/\/forummontau.com\/malaga\/wp-json\/wp\/v2\/pages"}],"about":[{"href":"https:\/\/forummontau.com\/malaga\/wp-json\/wp\/v2\/types\/page"}],"author":[{"embeddable":true,"href":"https:\/\/forummontau.com\/malaga\/wp-json\/wp\/v2\/users\/2"}],"replies":[{"embeddable":true,"href":"https:\/\/forummontau.com\/malaga\/wp-json\/wp\/v2\/comments?post=88"}],"version-history":[{"count":3,"href":"https:\/\/forummontau.com\/malaga\/wp-json\/wp\/v2\/pages\/88\/revisions"}],"predecessor-version":[{"id":1327,"href":"https:\/\/forummontau.com\/malaga\/wp-json\/wp\/v2\/pages\/88\/revisions\/1327"}],"wp:attachment":[{"href":"https:\/\/forummontau.com\/malaga\/wp-json\/wp\/v2\/media?parent=88"}],"curies":[{"name":"wp","href":"https:\/\/api.w.org\/{rel}","templated":true}]}}