{"id":81,"date":"2019-07-03T11:17:07","date_gmt":"2019-07-03T11:17:07","guid":{"rendered":"https:\/\/www.adiccionesmurcia.com\/?page_id=81"},"modified":"2026-01-07T18:59:59","modified_gmt":"2026-01-07T17:59:59","slug":"servicios","status":"publish","type":"page","link":"https:\/\/forummontau.com\/murcia\/servicios\/","title":{"rendered":"Servicios"},"content":{"rendered":"\t\t<div data-elementor-type=\"wp-post\" data-elementor-id=\"81\" class=\"elementor elementor-81\" data-elementor-post-type=\"page\">\n\t\t\t\t\t\t<section class=\"elementor-section elementor-top-section elementor-element elementor-element-6ddf8b87 elementor-section-content-middle elementor-section-full_width elementor-section-items-stretch elementor-section-height-min-height elementor-section-stretched elementor-section-height-default qodef-elementor-content-no elementor-invisible\" data-id=\"6ddf8b87\" data-element_type=\"section\" data-e-type=\"section\" data-settings=\"{&quot;background_background&quot;:&quot;classic&quot;,&quot;animation&quot;:&quot;fadeInUp&quot;,&quot;stretch_section&quot;:&quot;section-stretched&quot;}\">\n\t\t\t\t\t\t<div class=\"elementor-container elementor-column-gap-default\">\n\t\t\t\t\t<div class=\"elementor-column elementor-col-50 elementor-top-column elementor-element elementor-element-d5999b6\" data-id=\"d5999b6\" data-element_type=\"column\" data-e-type=\"column\" data-settings=\"{&quot;background_background&quot;:&quot;classic&quot;}\">\n\t\t\t<div class=\"elementor-widget-wrap elementor-element-populated\">\n\t\t\t\t\t\t<div class=\"elementor-element elementor-element-60124670 elementor-widget elementor-widget-heading\" data-id=\"60124670\" data-element_type=\"widget\" data-e-type=\"widget\" data-widget_type=\"heading.default\">\n\t\t\t\t<div class=\"elementor-widget-container\">\n\t\t\t\t\t<h1 class=\"elementor-heading-title elementor-size-default\">\u00bfProblemas de adicci\u00f3n a sustancias o comportamentos?<\/h1>\t\t\t\t<\/div>\n\t\t\t\t<\/div>\n\t\t\t\t<div class=\"elementor-element elementor-element-57e8fc9c elementor-widget elementor-widget-heading\" data-id=\"57e8fc9c\" data-element_type=\"widget\" data-e-type=\"widget\" data-widget_type=\"heading.default\">\n\t\t\t\t<div class=\"elementor-widget-container\">\n\t\t\t\t\t<p class=\"elementor-heading-title elementor-size-default\">\u00bfCrees que has desarrollado adicci\u00f3n o sospechas que un familiar\/conocido puede tenerla?<\/p>\t\t\t\t<\/div>\n\t\t\t\t<\/div>\n\t\t\t\t<div class=\"elementor-element elementor-element-8c2564a elementor-widget elementor-widget-heading\" data-id=\"8c2564a\" data-element_type=\"widget\" data-e-type=\"widget\" data-widget_type=\"heading.default\">\n\t\t\t\t<div class=\"elementor-widget-container\">\n\t\t\t\t\t<h4 class=\"elementor-heading-title elementor-size-default\">Da el primer paso<\/h4>\t\t\t\t<\/div>\n\t\t\t\t<\/div>\n\t\t\t\t<div class=\"elementor-element elementor-element-4957597 elementor-widget elementor-widget-heading\" data-id=\"4957597\" data-element_type=\"widget\" data-e-type=\"widget\" data-widget_type=\"heading.default\">\n\t\t\t\t<div class=\"elementor-widget-container\">\n\t\t\t\t\t<p class=\"elementor-heading-title elementor-size-default\">900 802 408<\/p>\t\t\t\t<\/div>\n\t\t\t\t<\/div>\n\t\t\t\t<div class=\"elementor-element elementor-element-2deeb5dd elementor-widget elementor-widget-heading\" data-id=\"2deeb5dd\" data-element_type=\"widget\" data-e-type=\"widget\" data-widget_type=\"heading.default\">\n\t\t\t\t<div class=\"elementor-widget-container\">\n\t\t\t\t\t<h5 class=\"elementor-heading-title elementor-size-default\">1\u00aa Visita gratuita <\/h5>\t\t\t\t<\/div>\n\t\t\t\t<\/div>\n\t\t\t\t\t<\/div>\n\t\t<\/div>\n\t\t\t\t<div class=\"elementor-column elementor-col-50 elementor-top-column elementor-element elementor-element-1d7f948d\" data-id=\"1d7f948d\" data-element_type=\"column\" data-e-type=\"column\" data-settings=\"{&quot;background_background&quot;:&quot;classic&quot;}\">\n\t\t\t<div class=\"elementor-widget-wrap elementor-element-populated\">\n\t\t\t\t\t\t<div class=\"elementor-element elementor-element-68213151 elementor-widget elementor-widget-spacer\" data-id=\"68213151\" data-element_type=\"widget\" data-e-type=\"widget\" data-widget_type=\"spacer.default\">\n\t\t\t\t<div class=\"elementor-widget-container\">\n\t\t\t\t\t\t\t<div class=\"elementor-spacer\">\n\t\t\t<div class=\"elementor-spacer-inner\"><\/div>\n\t\t<\/div>\n\t\t\t\t\t\t<\/div>\n\t\t\t\t<\/div>\n\t\t\t\t\t<\/div>\n\t\t<\/div>\n\t\t\t\t\t<\/div>\n\t\t<\/section>\n\t\t\t\t<section class=\"elementor-section elementor-top-section elementor-element elementor-element-3f48c702 elementor-section-full_width elementor-section-content-middle elementor-section-stretched elementor-section-height-default elementor-section-height-default qodef-elementor-content-no elementor-invisible\" data-id=\"3f48c702\" data-element_type=\"section\" data-e-type=\"section\" data-settings=\"{&quot;animation&quot;:&quot;fadeInUp&quot;,&quot;stretch_section&quot;:&quot;section-stretched&quot;}\">\n\t\t\t\t\t\t<div class=\"elementor-container elementor-column-gap-default\">\n\t\t\t\t\t<div class=\"elementor-column elementor-col-100 elementor-top-column elementor-element elementor-element-6af6d80a\" data-id=\"6af6d80a\" data-element_type=\"column\" data-e-type=\"column\">\n\t\t\t<div class=\"elementor-widget-wrap elementor-element-populated\">\n\t\t\t\t\t\t<div class=\"elementor-element elementor-element-33eee4fd elementor-widget elementor-widget-heading\" data-id=\"33eee4fd\" data-element_type=\"widget\" data-e-type=\"widget\" data-widget_type=\"heading.default\">\n\t\t\t\t<div class=\"elementor-widget-container\">\n\t\t\t\t\t<h2 class=\"elementor-heading-title elementor-size-default\">Servicios que ofrecemos en nuestro centro de Alicante<\/h2>\t\t\t\t<\/div>\n\t\t\t\t<\/div>\n\t\t\t\t<div class=\"elementor-element elementor-element-4d50590d elementor-widget elementor-widget-text-editor\" data-id=\"4d50590d\" data-element_type=\"widget\" data-e-type=\"widget\" data-widget_type=\"text-editor.default\">\n\t\t\t\t<div class=\"elementor-widget-container\">\n\t\t\t\t\t\t\t\t\t<p>Forum Salud Mental Alicante est\u00e1 dedicado a las soluciones de problemas derivados del alcoholismo, consumo de psicof\u00e1rmacos depresores y estimulantes del Sistema Nervioso Central as\u00ed como conductas adictivas que repercuten en el d\u00eda a d\u00eda de los pacientes y sus familiares.<\/p><p>En concreto, se incluyen los siguientes servicios:<\/p>\t\t\t\t\t\t\t\t<\/div>\n\t\t\t\t<\/div>\n\t\t\t\t<div class=\"elementor-element elementor-element-6188d1b6 elementor-widget elementor-widget-heading\" data-id=\"6188d1b6\" data-element_type=\"widget\" data-e-type=\"widget\" data-widget_type=\"heading.default\">\n\t\t\t\t<div class=\"elementor-widget-container\">\n\t\t\t\t\t<h2 class=\"elementor-heading-title elementor-size-default\">Identificaci\u00f3n y diagn\u00f3stico de la adicci\u00f3n<\/h2>\t\t\t\t<\/div>\n\t\t\t\t<\/div>\n\t\t\t\t<div class=\"elementor-element elementor-element-589eae25 elementor-widget elementor-widget-text-editor\" data-id=\"589eae25\" data-element_type=\"widget\" data-e-type=\"widget\" data-widget_type=\"text-editor.default\">\n\t\t\t\t<div class=\"elementor-widget-container\">\n\t\t\t\t\t\t\t\t\t<p>Identificaci\u00f3n y diagn\u00f3stico de la dependencia. Evaluaci\u00f3n de posibles alteraciones en el orden psicol\u00f3gico y social del paciente.<\/p>\t\t\t\t\t\t\t\t<\/div>\n\t\t\t\t<\/div>\n\t\t\t\t<div class=\"elementor-element elementor-element-43292b71 elementor-widget elementor-widget-heading\" data-id=\"43292b71\" data-element_type=\"widget\" data-e-type=\"widget\" data-widget_type=\"heading.default\">\n\t\t\t\t<div class=\"elementor-widget-container\">\n\t\t\t\t\t<h2 class=\"elementor-heading-title elementor-size-default\">Estrategia terap\u00e9utica<\/h2>\t\t\t\t<\/div>\n\t\t\t\t<\/div>\n\t\t\t\t<div class=\"elementor-element elementor-element-5d444a6a elementor-widget elementor-widget-text-editor\" data-id=\"5d444a6a\" data-element_type=\"widget\" data-e-type=\"widget\" data-widget_type=\"text-editor.default\">\n\t\t\t\t<div class=\"elementor-widget-container\">\n\t\t\t\t\t\t\t\t\t<p>Dise\u00f1o de la Estrategia Terap\u00e9utica que se considere oportuna. En caso de precisarse internamiento se informar\u00e1 y preparar\u00e1 al paciente y sus familiares del proceso de intervenci\u00f3n terap\u00e9utica\u2026<\/p>\t\t\t\t\t\t\t\t<\/div>\n\t\t\t\t<\/div>\n\t\t\t\t<div class=\"elementor-element elementor-element-750b0272 elementor-widget elementor-widget-heading\" data-id=\"750b0272\" data-element_type=\"widget\" data-e-type=\"widget\" data-widget_type=\"heading.default\">\n\t\t\t\t<div class=\"elementor-widget-container\">\n\t\t\t\t\t<h2 class=\"elementor-heading-title elementor-size-default\">Rehabilitaci\u00f3n<\/h2>\t\t\t\t<\/div>\n\t\t\t\t<\/div>\n\t\t\t\t<div class=\"elementor-element elementor-element-30b40883 elementor-widget elementor-widget-text-editor\" data-id=\"30b40883\" data-element_type=\"widget\" data-e-type=\"widget\" data-widget_type=\"text-editor.default\">\n\t\t\t\t<div class=\"elementor-widget-container\">\n\t\t\t\t\t\t\t\t\t<p>Conjunto de actividades precisas para la normalizaci\u00f3n de la conducta del paciente una vez dado de alta en el centro, incluyendo, por tanto, las sesiones terap\u00e9uticas individuales y de grupo\u2026<\/p>\t\t\t\t\t\t\t\t<\/div>\n\t\t\t\t<\/div>\n\t\t\t\t<div class=\"elementor-element elementor-element-52366215 elementor-widget elementor-widget-spacer\" data-id=\"52366215\" data-element_type=\"widget\" data-e-type=\"widget\" data-widget_type=\"spacer.default\">\n\t\t\t\t<div class=\"elementor-widget-container\">\n\t\t\t\t\t\t\t<div class=\"elementor-spacer\">\n\t\t\t<div class=\"elementor-spacer-inner\"><\/div>\n\t\t<\/div>\n\t\t\t\t\t\t<\/div>\n\t\t\t\t<\/div>\n\t\t\t\t\t<\/div>\n\t\t<\/div>\n\t\t\t\t\t<\/div>\n\t\t<\/section>\n\t\t\t\t<\/div>\n\t\t","protected":false},"excerpt":{"rendered":"<p>\u00bfProblemas de adicci\u00f3n a sustancias o comportamentos? \u00bfCrees que has desarrollado adicci\u00f3n o sospechas que un familiar\/conocido puede tenerla? Da el primer paso 900 802 408 1\u00aa Visita gratuita Servicios que ofrecemos en nuestro centro de Alicante Forum Salud Mental Alicante est\u00e1 dedicado a las soluciones de problemas derivados del alcoholismo, consumo de psicof\u00e1rmacos depresores [&hellip;]<\/p>\n","protected":false},"author":2,"featured_media":0,"parent":0,"menu_order":0,"comment_status":"closed","ping_status":"closed","template":"","meta":{"ocean_post_layout":"full-screen","ocean_both_sidebars_style":"","ocean_both_sidebars_content_width":0,"ocean_both_sidebars_sidebars_width":0,"ocean_sidebar":"0","ocean_second_sidebar":"0","ocean_disable_margins":"enable","ocean_add_body_class":"","ocean_shortcode_before_top_bar":"","ocean_shortcode_after_top_bar":"","ocean_shortcode_before_header":"","ocean_shortcode_after_header":"","ocean_has_shortcode":"","ocean_shortcode_after_title":"","ocean_shortcode_before_footer_widgets":"","ocean_shortcode_after_footer_widgets":"","ocean_shortcode_before_footer_bottom":"","ocean_shortcode_after_footer_bottom":"","ocean_display_top_bar":"default","ocean_display_header":"default","ocean_header_style":"","ocean_center_header_left_menu":"0","ocean_custom_header_template":"0","ocean_custom_logo":0,"ocean_custom_retina_logo":0,"ocean_custom_logo_max_width":0,"ocean_custom_logo_tablet_max_width":0,"ocean_custom_logo_mobile_max_width":0,"ocean_custom_logo_max_height":0,"ocean_custom_logo_tablet_max_height":0,"ocean_custom_logo_mobile_max_height":0,"ocean_header_custom_menu":"0","ocean_menu_typo_font_family":"0","ocean_menu_typo_font_subset":"","ocean_menu_typo_font_size":0,"ocean_menu_typo_font_size_tablet":0,"ocean_menu_typo_font_size_mobile":0,"ocean_menu_typo_font_size_unit":"px","ocean_menu_typo_font_weight":"","ocean_menu_typo_font_weight_tablet":"","ocean_menu_typo_font_weight_mobile":"","ocean_menu_typo_transform":"","ocean_menu_typo_transform_tablet":"","ocean_menu_typo_transform_mobile":"","ocean_menu_typo_line_height":0,"ocean_menu_typo_line_height_tablet":0,"ocean_menu_typo_line_height_mobile":0,"ocean_menu_typo_line_height_unit":"","ocean_menu_typo_spacing":0,"ocean_menu_typo_spacing_tablet":0,"ocean_menu_typo_spacing_mobile":0,"ocean_menu_typo_spacing_unit":"","ocean_menu_link_color":"","ocean_menu_link_color_hover":"","ocean_menu_link_color_active":"","ocean_menu_link_background":"","ocean_menu_link_hover_background":"","ocean_menu_link_active_background":"","ocean_menu_social_links_bg":"","ocean_menu_social_hover_links_bg":"","ocean_menu_social_links_color":"","ocean_menu_social_hover_links_color":"","ocean_disable_title":"on","ocean_disable_heading":"default","ocean_post_title":"","ocean_post_subheading":"","ocean_post_title_style":"","ocean_post_title_background_color":"","ocean_post_title_background":0,"ocean_post_title_bg_image_position":"","ocean_post_title_bg_image_attachment":"","ocean_post_title_bg_image_repeat":"","ocean_post_title_bg_image_size":"","ocean_post_title_height":0,"ocean_post_title_bg_overlay":0.5,"ocean_post_title_bg_overlay_color":"","ocean_disable_breadcrumbs":"default","ocean_breadcrumbs_color":"","ocean_breadcrumbs_separator_color":"","ocean_breadcrumbs_links_color":"","ocean_breadcrumbs_links_hover_color":"","ocean_display_footer_widgets":"on","ocean_display_footer_bottom":"default","ocean_custom_footer_template":"0","footnotes":""},"class_list":["post-81","page","type-page","status-publish","hentry","entry"],"yoast_head":"<!-- This site is optimized with the Yoast SEO plugin v27.3 - https:\/\/yoast.com\/product\/yoast-seo-wordpress\/ -->\n<title>Forum Salud Mental Murcia - Servicios<\/title>\n<meta name=\"description\" content=\"En Forum Salud Mental Murcia ofrecemos los servicios de identificaci\u00f3n y diagn\u00f3stico, estrategia terap\u00e9utica y rehabilitaci\u00f3n.\" \/>\n<meta name=\"robots\" content=\"index, follow, max-snippet:-1, max-image-preview:large, max-video-preview:-1\" \/>\n<link rel=\"canonical\" href=\"https:\/\/forummontau.com\/murcia\/servicios\/\" \/>\n<meta property=\"og:locale\" content=\"es_ES\" \/>\n<meta property=\"og:type\" content=\"article\" \/>\n<meta property=\"og:title\" content=\"Forum Salud Mental Murcia - Servicios\" \/>\n<meta property=\"og:description\" content=\"En Forum Salud Mental Murcia ofrecemos los servicios de identificaci\u00f3n y diagn\u00f3stico, estrategia terap\u00e9utica y rehabilitaci\u00f3n.\" \/>\n<meta property=\"og:url\" content=\"https:\/\/forummontau.com\/murcia\/servicios\/\" \/>\n<meta property=\"og:site_name\" content=\"Forum Salud Mental Murcia\" \/>\n<meta property=\"article:modified_time\" content=\"2026-01-07T17:59:59+00:00\" \/>\n<meta name=\"twitter:card\" content=\"summary_large_image\" \/>\n<meta name=\"twitter:label1\" content=\"Tiempo de lectura\" \/>\n\t<meta name=\"twitter:data1\" content=\"1 minuto\" \/>\n<script type=\"application\/ld+json\" class=\"yoast-schema-graph\">{\"@context\":\"https:\\\/\\\/schema.org\",\"@graph\":[{\"@type\":\"WebPage\",\"@id\":\"https:\\\/\\\/forummontau.com\\\/murcia\\\/servicios\\\/\",\"url\":\"https:\\\/\\\/forummontau.com\\\/murcia\\\/servicios\\\/\",\"name\":\"Forum Salud Mental Murcia - Servicios\",\"isPartOf\":{\"@id\":\"https:\\\/\\\/forummontau.com\\\/murcia\\\/#website\"},\"datePublished\":\"2019-07-03T11:17:07+00:00\",\"dateModified\":\"2026-01-07T17:59:59+00:00\",\"description\":\"En Forum Salud Mental Murcia ofrecemos los servicios de identificaci\u00f3n y diagn\u00f3stico, estrategia terap\u00e9utica y rehabilitaci\u00f3n.\",\"breadcrumb\":{\"@id\":\"https:\\\/\\\/forummontau.com\\\/murcia\\\/servicios\\\/#breadcrumb\"},\"inLanguage\":\"es\",\"potentialAction\":[{\"@type\":\"ReadAction\",\"target\":[\"https:\\\/\\\/forummontau.com\\\/murcia\\\/servicios\\\/\"]}]},{\"@type\":\"BreadcrumbList\",\"@id\":\"https:\\\/\\\/forummontau.com\\\/murcia\\\/servicios\\\/#breadcrumb\",\"itemListElement\":[{\"@type\":\"ListItem\",\"position\":1,\"name\":\"Portada\",\"item\":\"https:\\\/\\\/forummontau.com\\\/murcia\\\/\"},{\"@type\":\"ListItem\",\"position\":2,\"name\":\"Servicios\"}]},{\"@type\":\"WebSite\",\"@id\":\"https:\\\/\\\/forummontau.com\\\/murcia\\\/#website\",\"url\":\"https:\\\/\\\/forummontau.com\\\/murcia\\\/\",\"name\":\"Forum Salud Mental Murcia\",\"description\":\"Centro Desintoxicaci\u00f3n y Adicciones en Murcia\",\"publisher\":{\"@id\":\"https:\\\/\\\/forummontau.com\\\/murcia\\\/#organization\"},\"potentialAction\":[{\"@type\":\"SearchAction\",\"target\":{\"@type\":\"EntryPoint\",\"urlTemplate\":\"https:\\\/\\\/forummontau.com\\\/murcia\\\/?s={search_term_string}\"},\"query-input\":{\"@type\":\"PropertyValueSpecification\",\"valueRequired\":true,\"valueName\":\"search_term_string\"}}],\"inLanguage\":\"es\"},{\"@type\":\"Organization\",\"@id\":\"https:\\\/\\\/forummontau.com\\\/murcia\\\/#organization\",\"name\":\"Forum Salud Mental Murcia\",\"url\":\"https:\\\/\\\/forummontau.com\\\/murcia\\\/\",\"logo\":{\"@type\":\"ImageObject\",\"inLanguage\":\"es\",\"@id\":\"https:\\\/\\\/forummontau.com\\\/murcia\\\/#\\\/schema\\\/logo\\\/image\\\/\",\"url\":\"https:\\\/\\\/forummontau.com\\\/murcia\\\/wp-content\\\/uploads\\\/sites\\\/12\\\/2020\\\/02\\\/forum_murcia.png\",\"contentUrl\":\"https:\\\/\\\/forummontau.com\\\/murcia\\\/wp-content\\\/uploads\\\/sites\\\/12\\\/2020\\\/02\\\/forum_murcia.png\",\"width\":214,\"height\":119,\"caption\":\"Forum Salud Mental Murcia\"},\"image\":{\"@id\":\"https:\\\/\\\/forummontau.com\\\/murcia\\\/#\\\/schema\\\/logo\\\/image\\\/\"}}]}<\/script>\n<!-- \/ Yoast SEO plugin. -->","yoast_head_json":{"title":"Forum Salud Mental Murcia - Servicios","description":"En Forum Salud Mental Murcia ofrecemos los servicios de identificaci\u00f3n y diagn\u00f3stico, estrategia terap\u00e9utica y rehabilitaci\u00f3n.","robots":{"index":"index","follow":"follow","max-snippet":"max-snippet:-1","max-image-preview":"max-image-preview:large","max-video-preview":"max-video-preview:-1"},"canonical":"https:\/\/forummontau.com\/murcia\/servicios\/","og_locale":"es_ES","og_type":"article","og_title":"Forum Salud Mental Murcia - Servicios","og_description":"En Forum Salud Mental Murcia ofrecemos los servicios de identificaci\u00f3n y diagn\u00f3stico, estrategia terap\u00e9utica y rehabilitaci\u00f3n.","og_url":"https:\/\/forummontau.com\/murcia\/servicios\/","og_site_name":"Forum Salud Mental Murcia","article_modified_time":"2026-01-07T17:59:59+00:00","twitter_card":"summary_large_image","twitter_misc":{"Tiempo de lectura":"1 minuto"},"schema":{"@context":"https:\/\/schema.org","@graph":[{"@type":"WebPage","@id":"https:\/\/forummontau.com\/murcia\/servicios\/","url":"https:\/\/forummontau.com\/murcia\/servicios\/","name":"Forum Salud Mental Murcia - Servicios","isPartOf":{"@id":"https:\/\/forummontau.com\/murcia\/#website"},"datePublished":"2019-07-03T11:17:07+00:00","dateModified":"2026-01-07T17:59:59+00:00","description":"En Forum Salud Mental Murcia ofrecemos los servicios de identificaci\u00f3n y diagn\u00f3stico, estrategia terap\u00e9utica y rehabilitaci\u00f3n.","breadcrumb":{"@id":"https:\/\/forummontau.com\/murcia\/servicios\/#breadcrumb"},"inLanguage":"es","potentialAction":[{"@type":"ReadAction","target":["https:\/\/forummontau.com\/murcia\/servicios\/"]}]},{"@type":"BreadcrumbList","@id":"https:\/\/forummontau.com\/murcia\/servicios\/#breadcrumb","itemListElement":[{"@type":"ListItem","position":1,"name":"Portada","item":"https:\/\/forummontau.com\/murcia\/"},{"@type":"ListItem","position":2,"name":"Servicios"}]},{"@type":"WebSite","@id":"https:\/\/forummontau.com\/murcia\/#website","url":"https:\/\/forummontau.com\/murcia\/","name":"Forum Salud Mental Murcia","description":"Centro Desintoxicaci\u00f3n y Adicciones en Murcia","publisher":{"@id":"https:\/\/forummontau.com\/murcia\/#organization"},"potentialAction":[{"@type":"SearchAction","target":{"@type":"EntryPoint","urlTemplate":"https:\/\/forummontau.com\/murcia\/?s={search_term_string}"},"query-input":{"@type":"PropertyValueSpecification","valueRequired":true,"valueName":"search_term_string"}}],"inLanguage":"es"},{"@type":"Organization","@id":"https:\/\/forummontau.com\/murcia\/#organization","name":"Forum Salud Mental Murcia","url":"https:\/\/forummontau.com\/murcia\/","logo":{"@type":"ImageObject","inLanguage":"es","@id":"https:\/\/forummontau.com\/murcia\/#\/schema\/logo\/image\/","url":"https:\/\/forummontau.com\/murcia\/wp-content\/uploads\/sites\/12\/2020\/02\/forum_murcia.png","contentUrl":"https:\/\/forummontau.com\/murcia\/wp-content\/uploads\/sites\/12\/2020\/02\/forum_murcia.png","width":214,"height":119,"caption":"Forum Salud Mental Murcia"},"image":{"@id":"https:\/\/forummontau.com\/murcia\/#\/schema\/logo\/image\/"}}]}},"_links":{"self":[{"href":"https:\/\/forummontau.com\/murcia\/wp-json\/wp\/v2\/pages\/81","targetHints":{"allow":["GET"]}}],"collection":[{"href":"https:\/\/forummontau.com\/murcia\/wp-json\/wp\/v2\/pages"}],"about":[{"href":"https:\/\/forummontau.com\/murcia\/wp-json\/wp\/v2\/types\/page"}],"author":[{"embeddable":true,"href":"https:\/\/forummontau.com\/murcia\/wp-json\/wp\/v2\/users\/2"}],"replies":[{"embeddable":true,"href":"https:\/\/forummontau.com\/murcia\/wp-json\/wp\/v2\/comments?post=81"}],"version-history":[{"count":8,"href":"https:\/\/forummontau.com\/murcia\/wp-json\/wp\/v2\/pages\/81\/revisions"}],"predecessor-version":[{"id":3636,"href":"https:\/\/forummontau.com\/murcia\/wp-json\/wp\/v2\/pages\/81\/revisions\/3636"}],"wp:attachment":[{"href":"https:\/\/forummontau.com\/murcia\/wp-json\/wp\/v2\/media?parent=81"}],"curies":[{"name":"wp","href":"https:\/\/api.w.org\/{rel}","templated":true}]}}