{"id":58,"date":"2018-01-29T17:22:53","date_gmt":"2018-01-29T17:22:53","guid":{"rendered":"https:\/\/www.forumcostabrava.com\/?page_id=58"},"modified":"2025-09-10T15:21:06","modified_gmt":"2025-09-10T15:21:06","slug":"identificacio-i-diagnostic","status":"publish","type":"page","link":"https:\/\/forummontau.com\/palamos\/identificacio-i-diagnostic\/","title":{"rendered":"Identificaci\u00f3 i diagn\u00f2stic"},"content":{"rendered":"\t\t<div data-elementor-type=\"wp-post\" data-elementor-id=\"58\" class=\"elementor elementor-58\" data-elementor-post-type=\"page\">\n\t\t\t\t\t\t<section class=\"elementor-section elementor-top-section elementor-element elementor-element-3d2570b elementor-section-content-middle elementor-section-full_width elementor-section-items-stretch elementor-section-height-min-height elementor-section-stretched elementor-section-height-default qodef-elementor-content-no elementor-invisible\" data-id=\"3d2570b\" data-element_type=\"section\" data-e-type=\"section\" data-settings=\"{&quot;background_background&quot;:&quot;classic&quot;,&quot;animation&quot;:&quot;fadeInUp&quot;,&quot;stretch_section&quot;:&quot;section-stretched&quot;}\">\n\t\t\t\t\t\t<div class=\"elementor-container elementor-column-gap-default\">\n\t\t\t\t\t<div class=\"elementor-column elementor-col-50 elementor-top-column elementor-element elementor-element-6c5d624a\" data-id=\"6c5d624a\" data-element_type=\"column\" data-e-type=\"column\" data-settings=\"{&quot;background_background&quot;:&quot;classic&quot;}\">\n\t\t\t<div class=\"elementor-widget-wrap elementor-element-populated\">\n\t\t\t\t\t\t<div class=\"elementor-element elementor-element-671cbbfe elementor-widget elementor-widget-heading\" data-id=\"671cbbfe\" data-element_type=\"widget\" data-e-type=\"widget\" data-widget_type=\"heading.default\">\n\t\t\t\t<div class=\"elementor-widget-container\">\n\t\t\t\t\t<h1 class=\"elementor-heading-title elementor-size-default\">Identificaci\u00f3 i diagn\u00f2stic<\/h1>\t\t\t\t<\/div>\n\t\t\t\t<\/div>\n\t\t\t\t<div class=\"elementor-element elementor-element-58a40a29 elementor-widget elementor-widget-heading\" data-id=\"58a40a29\" data-element_type=\"widget\" data-e-type=\"widget\" data-widget_type=\"heading.default\">\n\t\t\t\t<div class=\"elementor-widget-container\">\n\t\t\t\t\t<p class=\"elementor-heading-title elementor-size-default\">Un bon diagn\u00f2stic \u00e9s clau per a la correcta implementaci\u00f3 del tractament i recuperaci\u00f3 del pacient, per aix\u00f2 comptem amb un equip de professionals capacitats per diagnosticar patologies associades amb el consum i amb un equip terap\u00e8utic per abardar de forma integral.<\/p>\t\t\t\t<\/div>\n\t\t\t\t<\/div>\n\t\t\t\t<div class=\"elementor-element elementor-element-60e5c29c elementor-widget elementor-widget-heading\" data-id=\"60e5c29c\" data-element_type=\"widget\" data-e-type=\"widget\" data-widget_type=\"heading.default\">\n\t\t\t\t<div class=\"elementor-widget-container\">\n\t\t\t\t\t<h4 class=\"elementor-heading-title elementor-size-default\">Dona el primer pas<\/h4>\t\t\t\t<\/div>\n\t\t\t\t<\/div>\n\t\t\t\t<div class=\"elementor-element elementor-element-2b1431dd elementor-widget elementor-widget-heading\" data-id=\"2b1431dd\" data-element_type=\"widget\" data-e-type=\"widget\" data-widget_type=\"heading.default\">\n\t\t\t\t<div class=\"elementor-widget-container\">\n\t\t\t\t\t<h3 class=\"elementor-heading-title elementor-size-large\"><a href=\"tel:+34900802408\">900 802 408 <\/a><\/h3>\t\t\t\t<\/div>\n\t\t\t\t<\/div>\n\t\t\t\t<div class=\"elementor-element elementor-element-32037e6c elementor-widget elementor-widget-heading\" data-id=\"32037e6c\" data-element_type=\"widget\" data-e-type=\"widget\" data-widget_type=\"heading.default\">\n\t\t\t\t<div class=\"elementor-widget-container\">\n\t\t\t\t\t<h5 class=\"elementor-heading-title elementor-size-default\">1 Visita Gratu\u00efta<\/h5>\t\t\t\t<\/div>\n\t\t\t\t<\/div>\n\t\t\t\t\t<\/div>\n\t\t<\/div>\n\t\t\t\t<div class=\"elementor-column elementor-col-50 elementor-top-column elementor-element elementor-element-32237f94\" data-id=\"32237f94\" data-element_type=\"column\" data-e-type=\"column\" data-settings=\"{&quot;background_background&quot;:&quot;classic&quot;}\">\n\t\t\t<div class=\"elementor-widget-wrap elementor-element-populated\">\n\t\t\t\t\t\t<div class=\"elementor-element elementor-element-4c61640b elementor-widget elementor-widget-spacer\" data-id=\"4c61640b\" data-element_type=\"widget\" data-e-type=\"widget\" data-widget_type=\"spacer.default\">\n\t\t\t\t<div class=\"elementor-widget-container\">\n\t\t\t\t\t\t\t<div class=\"elementor-spacer\">\n\t\t\t<div class=\"elementor-spacer-inner\"><\/div>\n\t\t<\/div>\n\t\t\t\t\t\t<\/div>\n\t\t\t\t<\/div>\n\t\t\t\t\t<\/div>\n\t\t<\/div>\n\t\t\t\t\t<\/div>\n\t\t<\/section>\n\t\t\t\t<section class=\"elementor-section elementor-top-section elementor-element elementor-element-1a4fa981 elementor-section-full_width elementor-section-content-middle elementor-section-stretched elementor-section-height-default elementor-section-height-default qodef-elementor-content-no elementor-invisible\" data-id=\"1a4fa981\" data-element_type=\"section\" data-e-type=\"section\" data-settings=\"{&quot;animation&quot;:&quot;fadeInUp&quot;,&quot;stretch_section&quot;:&quot;section-stretched&quot;}\">\n\t\t\t\t\t\t<div class=\"elementor-container elementor-column-gap-default\">\n\t\t\t\t\t<div class=\"elementor-column elementor-col-100 elementor-top-column elementor-element elementor-element-f48dab8\" data-id=\"f48dab8\" data-element_type=\"column\" data-e-type=\"column\">\n\t\t\t<div class=\"elementor-widget-wrap elementor-element-populated\">\n\t\t\t\t\t\t<div class=\"elementor-element elementor-element-d0c3642 elementor-widget elementor-widget-heading\" data-id=\"d0c3642\" data-element_type=\"widget\" data-e-type=\"widget\" data-widget_type=\"heading.default\">\n\t\t\t\t<div class=\"elementor-widget-container\">\n\t\t\t\t\t<h2 class=\"elementor-heading-title elementor-size-default\">Identificaci\u00f3 i diagn\u00f2stic<\/h2>\t\t\t\t<\/div>\n\t\t\t\t<\/div>\n\t\t\t\t<div class=\"elementor-element elementor-element-1a6e10d9 elementor-widget elementor-widget-text-editor\" data-id=\"1a6e10d9\" data-element_type=\"widget\" data-e-type=\"widget\" data-widget_type=\"text-editor.default\">\n\t\t\t\t<div class=\"elementor-widget-container\">\n\t\t\t\t\t\t\t\t\t<p>Identificaci\u00f3 i diagn\u00f2stic de la depend\u00e8ncia i, si s&#8217;escau, de possibles trastorns indu\u00efts per consum de subst\u00e0ncies. Avaluaci\u00f3 de possibles alteracions en l&#8217;ordre psicol\u00f2gic i social del pacient.<\/p><p>A Forum Girona creiem que un bon diagn\u00f2stic \u00e9s clau per a la correcta implementaci\u00f3 del tractament i recuperaci\u00f3 del pacient, per aix\u00f2 comptem amb un equip de professionals capacitats per a diagnosticar patologies associades amb el consum i amb un equip terap\u00e8utic per abardar-les de forma integral.<\/p><p>Treballem la persona addicta de forma integral tenint en compte l\u2019entorn familiar, laboral i econ\u00f2mic. Entenem que una recuperaci\u00f3 integral s\u2019inicia despr\u00e9s d\u2019un bon diagn\u00f2stic i una correcta orientaci\u00f3 terap\u00e8utica i que l\u2019\u00e8xit de la recuperaci\u00f3 depen d\u2019un bon diagn\u00f2stic.<\/p><p>De no evidenciar-se la pres\u00e8ncia dels criteris diagn\u00f2stics necessaris per al Trastorn de Depend\u00e8ncia, s&#8217;identificaran els factors de risc preexistents i desencadenants, aix\u00ed com les variables causals modificables que mantenen la conducta problema, que fonamentaran el Pla de Recomanacions basat en la informaci\u00f3 obtinguda en la consulta.<br \/>En cas de precisar internament s&#8217;informar\u00e0 i preparar\u00e0 al pacient i els seus familiars del proc\u00e9s d&#8217;intervenci\u00f3 terap\u00e8utica per aconseguir la m\u00e0xima adher\u00e8ncia al tractament, es realitzar\u00e0 el seguiment durant el per\u00edode i, d&#8217;estimar-necessari, s&#8217;acompanyar\u00e0 aquest seguiment d&#8217;assist\u00e8ncia personalitzada.<\/p>\t\t\t\t\t\t\t\t<\/div>\n\t\t\t\t<\/div>\n\t\t\t\t<div class=\"elementor-element elementor-element-3e0dbe8a elementor-widget elementor-widget-spacer\" data-id=\"3e0dbe8a\" data-element_type=\"widget\" data-e-type=\"widget\" data-widget_type=\"spacer.default\">\n\t\t\t\t<div class=\"elementor-widget-container\">\n\t\t\t\t\t\t\t<div class=\"elementor-spacer\">\n\t\t\t<div class=\"elementor-spacer-inner\"><\/div>\n\t\t<\/div>\n\t\t\t\t\t\t<\/div>\n\t\t\t\t<\/div>\n\t\t\t\t\t<\/div>\n\t\t<\/div>\n\t\t\t\t\t<\/div>\n\t\t<\/section>\n\t\t\t\t<\/div>\n\t\t","protected":false},"excerpt":{"rendered":"<p>Identificaci\u00f3 i diagn\u00f2stic Un bon diagn\u00f2stic \u00e9s clau per a la correcta implementaci\u00f3 del tractament i recuperaci\u00f3 del pacient, per aix\u00f2 comptem amb un equip de professionals capacitats per diagnosticar patologies associades amb el consum i amb un equip terap\u00e8utic per abardar de forma integral. Dona el primer pas 900 802 408 1 Visita Gratu\u00efta [&hellip;]<\/p>\n","protected":false},"author":2,"featured_media":0,"parent":0,"menu_order":0,"comment_status":"closed","ping_status":"closed","template":"","meta":{"ocean_post_layout":"full-screen","ocean_both_sidebars_style":"","ocean_both_sidebars_content_width":0,"ocean_both_sidebars_sidebars_width":0,"ocean_sidebar":"0","ocean_second_sidebar":"0","ocean_disable_margins":"enable","ocean_add_body_class":"","ocean_shortcode_before_top_bar":"","ocean_shortcode_after_top_bar":"","ocean_shortcode_before_header":"","ocean_shortcode_after_header":"","ocean_has_shortcode":"","ocean_shortcode_after_title":"","ocean_shortcode_before_footer_widgets":"","ocean_shortcode_after_footer_widgets":"","ocean_shortcode_before_footer_bottom":"","ocean_shortcode_after_footer_bottom":"","ocean_display_top_bar":"default","ocean_display_header":"default","ocean_header_style":"","ocean_center_header_left_menu":"0","ocean_custom_header_template":"0","ocean_custom_logo":0,"ocean_custom_retina_logo":0,"ocean_custom_logo_max_width":0,"ocean_custom_logo_tablet_max_width":0,"ocean_custom_logo_mobile_max_width":0,"ocean_custom_logo_max_height":0,"ocean_custom_logo_tablet_max_height":0,"ocean_custom_logo_mobile_max_height":0,"ocean_header_custom_menu":"0","ocean_menu_typo_font_family":"0","ocean_menu_typo_font_subset":"","ocean_menu_typo_font_size":0,"ocean_menu_typo_font_size_tablet":0,"ocean_menu_typo_font_size_mobile":0,"ocean_menu_typo_font_size_unit":"px","ocean_menu_typo_font_weight":"","ocean_menu_typo_font_weight_tablet":"","ocean_menu_typo_font_weight_mobile":"","ocean_menu_typo_transform":"","ocean_menu_typo_transform_tablet":"","ocean_menu_typo_transform_mobile":"","ocean_menu_typo_line_height":0,"ocean_menu_typo_line_height_tablet":0,"ocean_menu_typo_line_height_mobile":0,"ocean_menu_typo_line_height_unit":"","ocean_menu_typo_spacing":0,"ocean_menu_typo_spacing_tablet":0,"ocean_menu_typo_spacing_mobile":0,"ocean_menu_typo_spacing_unit":"","ocean_menu_link_color":"","ocean_menu_link_color_hover":"","ocean_menu_link_color_active":"","ocean_menu_link_background":"","ocean_menu_link_hover_background":"","ocean_menu_link_active_background":"","ocean_menu_social_links_bg":"","ocean_menu_social_hover_links_bg":"","ocean_menu_social_links_color":"","ocean_menu_social_hover_links_color":"","ocean_disable_title":"on","ocean_disable_heading":"default","ocean_post_title":"","ocean_post_subheading":"","ocean_post_title_style":"","ocean_post_title_background_color":"","ocean_post_title_background":0,"ocean_post_title_bg_image_position":"","ocean_post_title_bg_image_attachment":"","ocean_post_title_bg_image_repeat":"","ocean_post_title_bg_image_size":"","ocean_post_title_height":0,"ocean_post_title_bg_overlay":0.5,"ocean_post_title_bg_overlay_color":"","ocean_disable_breadcrumbs":"default","ocean_breadcrumbs_color":"","ocean_breadcrumbs_separator_color":"","ocean_breadcrumbs_links_color":"","ocean_breadcrumbs_links_hover_color":"","ocean_display_footer_widgets":"default","ocean_display_footer_bottom":"default","ocean_custom_footer_template":"0","footnotes":""},"class_list":["post-58","page","type-page","status-publish","hentry","entry"],"yoast_head":"<!-- This site is optimized with the Yoast SEO plugin v27.3 - https:\/\/yoast.com\/product\/yoast-seo-wordpress\/ -->\n<title>Identificaci\u00f3 i diagn\u00f2stic | Forum Salud Mental Palam\u00f3s<\/title>\n<meta name=\"robots\" content=\"index, follow, max-snippet:-1, max-image-preview:large, max-video-preview:-1\" \/>\n<link rel=\"canonical\" href=\"https:\/\/forummontau.com\/palamos\/identificacio-i-diagnostic\/\" \/>\n<meta property=\"og:locale\" content=\"es_ES\" \/>\n<meta property=\"og:type\" content=\"article\" \/>\n<meta property=\"og:title\" content=\"Identificaci\u00f3 i diagn\u00f2stic | Forum Salud Mental Palam\u00f3s\" \/>\n<meta property=\"og:description\" content=\"Identificaci\u00f3 i diagn\u00f2stic Un bon diagn\u00f2stic \u00e9s clau per a la correcta implementaci\u00f3 del tractament i recuperaci\u00f3 del pacient, per aix\u00f2 comptem amb un equip de professionals capacitats per diagnosticar patologies associades amb el consum i amb un equip terap\u00e8utic per abardar de forma integral. Dona el primer pas 900 802 408 1 Visita Gratu\u00efta [&hellip;]\" \/>\n<meta property=\"og:url\" content=\"https:\/\/forummontau.com\/palamos\/identificacio-i-diagnostic\/\" \/>\n<meta property=\"og:site_name\" content=\"Forum Salud Mental Palam\u00f3s - Costa Brava\" \/>\n<meta property=\"article:modified_time\" content=\"2025-09-10T15:21:06+00:00\" \/>\n<meta name=\"twitter:card\" content=\"summary_large_image\" \/>\n<meta name=\"twitter:label1\" content=\"Tiempo de lectura\" \/>\n\t<meta name=\"twitter:data1\" content=\"2 minutos\" \/>\n<script type=\"application\/ld+json\" class=\"yoast-schema-graph\">{\"@context\":\"https:\\\/\\\/schema.org\",\"@graph\":[{\"@type\":\"WebPage\",\"@id\":\"https:\\\/\\\/forummontau.com\\\/palamos\\\/identificacio-i-diagnostic\\\/\",\"url\":\"https:\\\/\\\/forummontau.com\\\/palamos\\\/identificacio-i-diagnostic\\\/\",\"name\":\"Identificaci\u00f3 i diagn\u00f2stic | Forum Salud Mental Palam\u00f3s\",\"isPartOf\":{\"@id\":\"https:\\\/\\\/forummontau.com\\\/palamos\\\/#website\"},\"datePublished\":\"2018-01-29T17:22:53+00:00\",\"dateModified\":\"2025-09-10T15:21:06+00:00\",\"breadcrumb\":{\"@id\":\"https:\\\/\\\/forummontau.com\\\/palamos\\\/identificacio-i-diagnostic\\\/#breadcrumb\"},\"inLanguage\":\"es\",\"potentialAction\":[{\"@type\":\"ReadAction\",\"target\":[\"https:\\\/\\\/forummontau.com\\\/palamos\\\/identificacio-i-diagnostic\\\/\"]}]},{\"@type\":\"BreadcrumbList\",\"@id\":\"https:\\\/\\\/forummontau.com\\\/palamos\\\/identificacio-i-diagnostic\\\/#breadcrumb\",\"itemListElement\":[{\"@type\":\"ListItem\",\"position\":1,\"name\":\"Portada\",\"item\":\"https:\\\/\\\/forummontau.com\\\/palamos\\\/forum-salud-mental-cat\\\/\"},{\"@type\":\"ListItem\",\"position\":2,\"name\":\"Identificaci\u00f3 i diagn\u00f2stic\"}]},{\"@type\":\"WebSite\",\"@id\":\"https:\\\/\\\/forummontau.com\\\/palamos\\\/#website\",\"url\":\"https:\\\/\\\/forummontau.com\\\/palamos\\\/\",\"name\":\"Forum Salud Mental Palam\u00f3s - Costa Brava\",\"description\":\"Centro especializado en salud mental y adicciones\",\"publisher\":{\"@id\":\"https:\\\/\\\/forummontau.com\\\/palamos\\\/#organization\"},\"potentialAction\":[{\"@type\":\"SearchAction\",\"target\":{\"@type\":\"EntryPoint\",\"urlTemplate\":\"https:\\\/\\\/forummontau.com\\\/palamos\\\/?s={search_term_string}\"},\"query-input\":{\"@type\":\"PropertyValueSpecification\",\"valueRequired\":true,\"valueName\":\"search_term_string\"}}],\"inLanguage\":\"es\"},{\"@type\":\"Organization\",\"@id\":\"https:\\\/\\\/forummontau.com\\\/palamos\\\/#organization\",\"name\":\"Forum Salud Mental Palam\u00f3s - Costa Brava\",\"url\":\"https:\\\/\\\/forummontau.com\\\/palamos\\\/\",\"logo\":{\"@type\":\"ImageObject\",\"inLanguage\":\"es\",\"@id\":\"https:\\\/\\\/forummontau.com\\\/palamos\\\/#\\\/schema\\\/logo\\\/image\\\/\",\"url\":\"https:\\\/\\\/forummontau.com\\\/palamos\\\/wp-content\\\/uploads\\\/sites\\\/5\\\/2023\\\/07\\\/logo_girona_palamos.png\",\"contentUrl\":\"https:\\\/\\\/forummontau.com\\\/palamos\\\/wp-content\\\/uploads\\\/sites\\\/5\\\/2023\\\/07\\\/logo_girona_palamos.png\",\"width\":209,\"height\":118,\"caption\":\"Forum Salud Mental Palam\u00f3s - Costa Brava\"},\"image\":{\"@id\":\"https:\\\/\\\/forummontau.com\\\/palamos\\\/#\\\/schema\\\/logo\\\/image\\\/\"}}]}<\/script>\n<!-- \/ Yoast SEO plugin. -->","yoast_head_json":{"title":"Identificaci\u00f3 i diagn\u00f2stic | Forum Salud Mental Palam\u00f3s","robots":{"index":"index","follow":"follow","max-snippet":"max-snippet:-1","max-image-preview":"max-image-preview:large","max-video-preview":"max-video-preview:-1"},"canonical":"https:\/\/forummontau.com\/palamos\/identificacio-i-diagnostic\/","og_locale":"es_ES","og_type":"article","og_title":"Identificaci\u00f3 i diagn\u00f2stic | Forum Salud Mental Palam\u00f3s","og_description":"Identificaci\u00f3 i diagn\u00f2stic Un bon diagn\u00f2stic \u00e9s clau per a la correcta implementaci\u00f3 del tractament i recuperaci\u00f3 del pacient, per aix\u00f2 comptem amb un equip de professionals capacitats per diagnosticar patologies associades amb el consum i amb un equip terap\u00e8utic per abardar de forma integral. Dona el primer pas 900 802 408 1 Visita Gratu\u00efta [&hellip;]","og_url":"https:\/\/forummontau.com\/palamos\/identificacio-i-diagnostic\/","og_site_name":"Forum Salud Mental Palam\u00f3s - Costa Brava","article_modified_time":"2025-09-10T15:21:06+00:00","twitter_card":"summary_large_image","twitter_misc":{"Tiempo de lectura":"2 minutos"},"schema":{"@context":"https:\/\/schema.org","@graph":[{"@type":"WebPage","@id":"https:\/\/forummontau.com\/palamos\/identificacio-i-diagnostic\/","url":"https:\/\/forummontau.com\/palamos\/identificacio-i-diagnostic\/","name":"Identificaci\u00f3 i diagn\u00f2stic | Forum Salud Mental Palam\u00f3s","isPartOf":{"@id":"https:\/\/forummontau.com\/palamos\/#website"},"datePublished":"2018-01-29T17:22:53+00:00","dateModified":"2025-09-10T15:21:06+00:00","breadcrumb":{"@id":"https:\/\/forummontau.com\/palamos\/identificacio-i-diagnostic\/#breadcrumb"},"inLanguage":"es","potentialAction":[{"@type":"ReadAction","target":["https:\/\/forummontau.com\/palamos\/identificacio-i-diagnostic\/"]}]},{"@type":"BreadcrumbList","@id":"https:\/\/forummontau.com\/palamos\/identificacio-i-diagnostic\/#breadcrumb","itemListElement":[{"@type":"ListItem","position":1,"name":"Portada","item":"https:\/\/forummontau.com\/palamos\/forum-salud-mental-cat\/"},{"@type":"ListItem","position":2,"name":"Identificaci\u00f3 i diagn\u00f2stic"}]},{"@type":"WebSite","@id":"https:\/\/forummontau.com\/palamos\/#website","url":"https:\/\/forummontau.com\/palamos\/","name":"Forum Salud Mental Palam\u00f3s - Costa Brava","description":"Centro especializado en salud mental y adicciones","publisher":{"@id":"https:\/\/forummontau.com\/palamos\/#organization"},"potentialAction":[{"@type":"SearchAction","target":{"@type":"EntryPoint","urlTemplate":"https:\/\/forummontau.com\/palamos\/?s={search_term_string}"},"query-input":{"@type":"PropertyValueSpecification","valueRequired":true,"valueName":"search_term_string"}}],"inLanguage":"es"},{"@type":"Organization","@id":"https:\/\/forummontau.com\/palamos\/#organization","name":"Forum Salud Mental Palam\u00f3s - Costa Brava","url":"https:\/\/forummontau.com\/palamos\/","logo":{"@type":"ImageObject","inLanguage":"es","@id":"https:\/\/forummontau.com\/palamos\/#\/schema\/logo\/image\/","url":"https:\/\/forummontau.com\/palamos\/wp-content\/uploads\/sites\/5\/2023\/07\/logo_girona_palamos.png","contentUrl":"https:\/\/forummontau.com\/palamos\/wp-content\/uploads\/sites\/5\/2023\/07\/logo_girona_palamos.png","width":209,"height":118,"caption":"Forum Salud Mental Palam\u00f3s - Costa Brava"},"image":{"@id":"https:\/\/forummontau.com\/palamos\/#\/schema\/logo\/image\/"}}]}},"_links":{"self":[{"href":"https:\/\/forummontau.com\/palamos\/wp-json\/wp\/v2\/pages\/58","targetHints":{"allow":["GET"]}}],"collection":[{"href":"https:\/\/forummontau.com\/palamos\/wp-json\/wp\/v2\/pages"}],"about":[{"href":"https:\/\/forummontau.com\/palamos\/wp-json\/wp\/v2\/types\/page"}],"author":[{"embeddable":true,"href":"https:\/\/forummontau.com\/palamos\/wp-json\/wp\/v2\/users\/2"}],"replies":[{"embeddable":true,"href":"https:\/\/forummontau.com\/palamos\/wp-json\/wp\/v2\/comments?post=58"}],"version-history":[{"count":4,"href":"https:\/\/forummontau.com\/palamos\/wp-json\/wp\/v2\/pages\/58\/revisions"}],"predecessor-version":[{"id":4012,"href":"https:\/\/forummontau.com\/palamos\/wp-json\/wp\/v2\/pages\/58\/revisions\/4012"}],"wp:attachment":[{"href":"https:\/\/forummontau.com\/palamos\/wp-json\/wp\/v2\/media?parent=58"}],"curies":[{"name":"wp","href":"https:\/\/api.w.org\/{rel}","templated":true}]}}