{"id":361,"date":"2020-09-30T10:38:51","date_gmt":"2020-09-30T10:38:51","guid":{"rendered":"https:\/\/www.adiccionespamplona.com\/?page_id=361"},"modified":"2023-09-27T14:15:32","modified_gmt":"2023-09-27T14:15:32","slug":"politica-de-privacidad","status":"publish","type":"page","link":"https:\/\/forummontau.com\/pamplona\/politica-de-privacidad\/","title":{"rendered":"Pol\u00edtica de Privacidad"},"content":{"rendered":"\t\t<div data-elementor-type=\"wp-page\" data-elementor-id=\"361\" class=\"elementor elementor-361\" data-elementor-post-type=\"page\">\n\t\t\t\t\t\t<section class=\"elementor-section elementor-top-section elementor-element elementor-element-f28a793 elementor-section-boxed elementor-section-height-default elementor-section-height-default qodef-elementor-content-no\" data-id=\"f28a793\" data-element_type=\"section\" data-e-type=\"section\">\n\t\t\t\t\t\t<div class=\"elementor-container elementor-column-gap-default\">\n\t\t\t\t\t<div class=\"elementor-column elementor-col-100 elementor-top-column elementor-element elementor-element-151441c\" data-id=\"151441c\" data-element_type=\"column\" data-e-type=\"column\">\n\t\t\t<div class=\"elementor-widget-wrap elementor-element-populated\">\n\t\t\t\t\t\t<div class=\"elementor-element elementor-element-02306fc elementor-widget elementor-widget-heading\" data-id=\"02306fc\" data-element_type=\"widget\" data-e-type=\"widget\" data-widget_type=\"heading.default\">\n\t\t\t\t\t<h2 class=\"elementor-heading-title elementor-size-default\">Pol\u00edtica de Privacidad<\/h2>\t\t\t\t<\/div>\n\t\t\t\t<div class=\"elementor-element elementor-element-bce2972 elementor-widget elementor-widget-text-editor\" data-id=\"bce2972\" data-element_type=\"widget\" data-e-type=\"widget\" data-widget_type=\"text-editor.default\">\n\t\t\t\t\t\t\t\t\t<p><\/p>\n<div class=\"elementor elementor-114\" data-elementor-type=\"wp-page\" data-elementor-id=\"114\" data-elementor-settings=\"[]\">\n<div class=\"elementor-inner\">\n<div class=\"elementor-section-wrap\">\n<section class=\"elementor-section elementor-top-section elementor-element elementor-element-8d523e5 elementor-section-boxed elementor-section-height-default elementor-section-height-default\" data-id=\"8d523e5\" data-element_type=\"section\">\n<div class=\"elementor-container elementor-column-gap-default\">\n<div class=\"elementor-row\">\n<div class=\"elementor-column elementor-col-100 elementor-top-column elementor-element elementor-element-02d8956\" data-id=\"02d8956\" data-element_type=\"column\">\n<div class=\"elementor-column-wrap elementor-element-populated\">\n<div class=\"elementor-widget-wrap\">\n<div class=\"elementor-element elementor-element-f5ad84f elementor-widget elementor-widget-text-editor\" data-id=\"f5ad84f\" data-element_type=\"widget\" data-widget_type=\"text-editor.default\">\n<div class=\"elementor-widget-container\">\n<div class=\"elementor-text-editor elementor-clearfix\">\n<p lang=\"es-ES\"><strong>Datos solicitados y objetivos de la recogida de datos<\/strong><\/p>\n<p lang=\"es-ES\">En caso de cumplimentar alguno de nuestros formularios ser\u00e1 necesario facilitar determinados datos personales, los cuales se incorporar\u00e1n a los ficheros titularidad de&nbsp;FORUM MONTAU S.L.&nbsp;para la finalidad para la que se solicitan o Ud nos los proporciona.<\/p>\n<p lang=\"es-ES\">FORUM MONTAU S.L.&nbsp;se compromete a cumplir con el deber de secreto establecido en la normativa de protecci\u00f3n de datos, respecto de los datos recogidos.<\/p>\n<p lang=\"es-ES\"><strong>Ejercicio de los derechos de acceso, rectificaci\u00f3n, cancelaci\u00f3n y oposici\u00f3n<\/strong><\/p>\n<p lang=\"es-ES\">El titular de los datos dispone de la posibilidad de ejercer, en cualquier momento, los derechos de acceso, rectificaci\u00f3n, cancelaci\u00f3n u oposici\u00f3n respecto a cuantos datos suyos consten almacenados en los ficheros de FORUM MONTAU S.L.<\/p>\n<p lang=\"es-ES\">Dichos derechos podr\u00e1n ser ejercitados:<\/p>\n<ul>\n<li>\n<p lang=\"es-ES\">Por correo electr\u00f3nico, escribiendo a info@adiccionepamplona.com incluyendo en el asunto especificando en el asunto la \u201cReferencia LOPD\u201d<\/p>\n<\/li>\n<\/ul>\n<ul>\n<li>\n<p lang=\"es-ES\">Por escrito, dirigi\u00e9ndose a FORUM PAMPLONA<\/p>\n<p>C\/ GIMENO NAVARRO, NUM 12, 08859 BEGUES<\/p>\n<\/li>\n<\/ul>\n<p lang=\"es-ES\">El titular de los datos deber\u00e1 adjuntar a la solicitud la fotocopia su DNI.<\/p>\n<p lang=\"es-ES\"><strong>Veracidad y actualizaci\u00f3n de los datos<\/strong><\/p>\n<p lang=\"es-ES\">El usuario debe rellenar los formularios con datos verdaderos, exactos, completos y actuales. El usuario no introducir\u00e1 datos correspondientes a otra persona; FORUM PAMPLONA presumir\u00e1 que los datos han sido facilitados por el titular de los mismos. El usuario ser\u00e1 el \u00fanico responsable de cualquier da\u00f1o o perjuicio, directo o indirecto que pudiera ocasionar a cualquier persona a causa de la cumplimentaci\u00f3n del formulario con datos falsos, inexactos, incompletos o no actualizados o relativos a otra persona.<\/p>\n<p lang=\"es-ES\">El usuario debe comunicar cualquier modificaci\u00f3n en los datos proporcionados con el fin de mantener sus datos debidamente actualizados.<\/p>\n<p lang=\"es-ES\"><strong>Seguridad de la informaci\u00f3n<\/strong><\/p>\n<p lang=\"es-ES\">FORUM PAMPLONA ha tomado todas las medidas legalmente requeridas para la protecci\u00f3n de datos personales; asimismo, ha adoptado todos los dispositivos t\u00e9cnicos a su alcance para evitar la p\u00e9rdida, el mal uso, la alteraci\u00f3n, el acceso o el robo de los datos personales facilitados por los usuarios de la web. El usuario tendr\u00e1 en cuenta, sin embargo, que las medidas de seguridad en Internet no son absolutamente inviolables.<\/p>\n<p lang=\"es-ES\"><strong>Menores de edad<\/strong><\/p>\n<p lang=\"es-ES\">FORUM PAMPLONA proh\u00edbe el uso de sus servicios web a los usuarios menores de catorce a\u00f1os, salvo consentimiento expreso de sus padres o tutores.<\/p>\n<p lang=\"es-ES\"><strong>Anal\u00edticas Web<\/strong><\/p>\n<p lang=\"es-ES\">Esta web emplea diversas anal\u00edticas para conocer la manera en que es buscada, accedida y utilizada por el p\u00fablico. Estas anal\u00edticas pueden implicar la recopilaci\u00f3n de datos de car\u00e1cter personal como por ejemplo la direcci\u00f3n IP, la localizaci\u00f3n de la conexi\u00f3n, la informaci\u00f3n sobre el software o hardware de navegaci\u00f3n, etc. Esta informaci\u00f3n no se asocia a los usuarios y se utiliza con la finalidad exclusiva de obtener informaci\u00f3n estad\u00edstica sobre el uso de la web de la empresa.<\/p>\n<p lang=\"es-ES\"><strong>Utilizaci\u00f3n de funciones y complementos de terceros<\/strong><\/p>\n<p lang=\"es-ES\">Esta web puede incorporar funciones y complementos proporcionados por terceros para diversas finalidades, como por ejemplo:<\/p>\n<ul>\n<li>\n<p lang=\"es-ES\">Anal\u00edticas web de terceros<\/p>\n<\/li>\n<li>\n<p lang=\"es-ES\">Mapas de terceros<\/p>\n<\/li>\n<li>\n<p lang=\"es-ES\">V\u00eddeos de terceros<\/p>\n<\/li>\n<li>\n<p lang=\"es-ES\">Compartici\u00f3n en redes sociales<\/p>\n<\/li>\n<li>\n<p lang=\"es-ES\">Botones \u201cfavorito\u201d \u201cme gusta\u201d \u201c+1\u201d y similares<\/p>\n<\/li>\n<\/ul>\n<p lang=\"es-ES\">Una funci\u00f3n o complemento de un tercero establece una conexi\u00f3n directa entre el navegador del usuario y los dominios de Internet controlados por el tercero, permitiendo la descarga y ejecuci\u00f3n de la funci\u00f3n.<\/p>\n<p lang=\"es-ES\">Asimismo, la mayor\u00eda de complementos de terceros recopilan qu\u00e9 p\u00e1ginas visitan los usuarios para conocer sus intereses y poder ofrecerle posteriormente publicidad adaptada a los mismos.<\/p>\n<p lang=\"es-ES\"><strong>Utilizaci\u00f3n de la funci\u00f3n Google Analytics proporcionada por Google, Inc.<\/strong><\/p>\n<p lang=\"es-ES\">Esta web integra funciones anal\u00edticas de Google Inc (1600 AMPHITHEATRE PARKWAY, MOUNTAIN VIEW, CALIFORNIA, USA) para conocer la manera en que es buscada, accedida y utilizada por los usuarios. Para ello, al usar esta web el navegador del usuario establece una conexi\u00f3n directa con los servidores del dominio de Internet google.com y otros dominios de Google. Esto permite a Google registrar la actividad del usuario as\u00ed como informaci\u00f3n relativa a su direcci\u00f3n IP. Google Analytics hace uso de cookies persistentes para elaborar estad\u00edsticas an\u00f3nimas sobre el uso de esta web, conforme a la siguiente pol\u00edtica de privacidad: http:\/\/www.google.es\/intl\/es\/analytics\/privacyoverview.html<\/p>\n<p lang=\"es-ES\">Al utilizar este la web el usuario consiente el tratamiento de sus datos por Google en la forma y para los fines indicados.<\/p>\n<p lang=\"es-ES\"><strong>Utilizaci\u00f3n de funciones proporcionadas por Google, Inc.<\/strong><\/p>\n<p lang=\"es-ES\">Esta web integra funciones de Google Inc (1600 AMPHITHEATRE PARKWAY, MOUNTAIN VIEW, CALIFORNIA, USA), como por ejemplo v\u00eddeos de Youtube, mapas y botones \u201c+1\u201d. Para ello, al usar la web el navegador del usuario establece una conexi\u00f3n directa con los servidores del dominio de Internet google.com y otros dominios de Google. Esto permite a Google conocer que el usuario ha visitado la web desde su direcci\u00f3n IP. Google hace uso de cookies persistentes, almacenamiento local y almacenamiento local de Flash en el dispositivo del usuario, para varias finalidades incluyendo la recopilaci\u00f3n de la actividad del usuario en Internet para ofrecerle publicidad adaptada a sus intereses, conforme a sus pol\u00edticas de privacidad: http:\/\/www.google.es\/intl\/es\/policies\/privacy\/<\/p>\n<p lang=\"es-ES\">Al utilizar este la web el usuario consiente el tratamiento de sus datos por Google en la forma y para los fines indicados.<\/p>\n<\/div>\n<\/div>\n<\/div>\n<\/div>\n<\/div>\n<\/div>\n<\/div>\n<\/div>\n<\/section>\n<\/div>\n<\/div>\n<\/div>\n<div class=\"elementor elementor-58 elementor-location-footer\" data-elementor-type=\"footer\" data-elementor-id=\"58\" data-elementor-settings=\"[]\">\n<div class=\"elementor-section-wrap\">&nbsp;<\/div>\n<\/div>\t\t\t\t\t\t\t\t<\/div>\n\t\t\t\t\t<\/div>\n\t\t<\/div>\n\t\t\t\t\t<\/div>\n\t\t<\/section>\n\t\t\t\t<\/div>\n\t\t","protected":false},"excerpt":{"rendered":"<p>Pol\u00edtica de Privacidad Datos solicitados y objetivos de la recogida de datos En caso de cumplimentar alguno de nuestros formularios ser\u00e1 necesario facilitar determinados datos personales, los cuales se incorporar\u00e1n a los ficheros titularidad de&nbsp;FORUM MONTAU S.L.&nbsp;para la finalidad para la que se solicitan o Ud nos los proporciona. FORUM MONTAU S.L.&nbsp;se compromete a cumplir [&hellip;]<\/p>\n","protected":false},"author":2,"featured_media":0,"parent":0,"menu_order":0,"comment_status":"closed","ping_status":"closed","template":"elementor_header_footer","meta":{"ocean_post_layout":"full-width","ocean_both_sidebars_style":"","ocean_both_sidebars_content_width":0,"ocean_both_sidebars_sidebars_width":0,"ocean_sidebar":"0","ocean_second_sidebar":"0","ocean_disable_margins":"enable","ocean_add_body_class":"","ocean_shortcode_before_top_bar":"","ocean_shortcode_after_top_bar":"","ocean_shortcode_before_header":"","ocean_shortcode_after_header":"","ocean_has_shortcode":"","ocean_shortcode_after_title":"","ocean_shortcode_before_footer_widgets":"","ocean_shortcode_after_footer_widgets":"","ocean_shortcode_before_footer_bottom":"","ocean_shortcode_after_footer_bottom":"","ocean_display_top_bar":"default","ocean_display_header":"default","ocean_header_style":"","ocean_center_header_left_menu":"0","ocean_custom_header_template":"0","ocean_custom_logo":0,"ocean_custom_retina_logo":0,"ocean_custom_logo_max_width":0,"ocean_custom_logo_tablet_max_width":0,"ocean_custom_logo_mobile_max_width":0,"ocean_custom_logo_max_height":0,"ocean_custom_logo_tablet_max_height":0,"ocean_custom_logo_mobile_max_height":0,"ocean_header_custom_menu":"0","ocean_menu_typo_font_family":"0","ocean_menu_typo_font_subset":"","ocean_menu_typo_font_size":0,"ocean_menu_typo_font_size_tablet":0,"ocean_menu_typo_font_size_mobile":0,"ocean_menu_typo_font_size_unit":"px","ocean_menu_typo_font_weight":"","ocean_menu_typo_font_weight_tablet":"","ocean_menu_typo_font_weight_mobile":"","ocean_menu_typo_transform":"","ocean_menu_typo_transform_tablet":"","ocean_menu_typo_transform_mobile":"","ocean_menu_typo_line_height":0,"ocean_menu_typo_line_height_tablet":0,"ocean_menu_typo_line_height_mobile":0,"ocean_menu_typo_line_height_unit":"","ocean_menu_typo_spacing":0,"ocean_menu_typo_spacing_tablet":0,"ocean_menu_typo_spacing_mobile":0,"ocean_menu_typo_spacing_unit":"","ocean_menu_link_color":"","ocean_menu_link_color_hover":"","ocean_menu_link_color_active":"","ocean_menu_link_background":"","ocean_menu_link_hover_background":"","ocean_menu_link_active_background":"","ocean_menu_social_links_bg":"","ocean_menu_social_hover_links_bg":"","ocean_menu_social_links_color":"","ocean_menu_social_hover_links_color":"","ocean_disable_title":"on","ocean_disable_heading":"default","ocean_post_title":"","ocean_post_subheading":"","ocean_post_title_style":"","ocean_post_title_background_color":"","ocean_post_title_background":0,"ocean_post_title_bg_image_position":"","ocean_post_title_bg_image_attachment":"","ocean_post_title_bg_image_repeat":"","ocean_post_title_bg_image_size":"","ocean_post_title_height":0,"ocean_post_title_bg_overlay":0.5,"ocean_post_title_bg_overlay_color":"","ocean_disable_breadcrumbs":"default","ocean_breadcrumbs_color":"","ocean_breadcrumbs_separator_color":"","ocean_breadcrumbs_links_color":"","ocean_breadcrumbs_links_hover_color":"","ocean_display_footer_widgets":"default","ocean_display_footer_bottom":"default","ocean_custom_footer_template":"0","footnotes":""},"class_list":["post-361","page","type-page","status-publish","hentry","entry"],"yoast_head":"<!-- This site is optimized with the Yoast SEO plugin v27.3 - https:\/\/yoast.com\/product\/yoast-seo-wordpress\/ -->\n<title>Pol\u00edtica de Privacidad - Forum Salud Mental Pamplona<\/title>\n<meta name=\"robots\" content=\"noindex, follow\" \/>\n<meta property=\"og:locale\" content=\"es_ES\" \/>\n<meta property=\"og:type\" content=\"article\" \/>\n<meta property=\"og:title\" content=\"Pol\u00edtica de Privacidad - Forum Salud Mental Pamplona\" \/>\n<meta property=\"og:description\" content=\"Pol\u00edtica de Privacidad Datos solicitados y objetivos de la recogida de datos En caso de cumplimentar alguno de nuestros formularios ser\u00e1 necesario facilitar determinados datos personales, los cuales se incorporar\u00e1n a los ficheros titularidad de&nbsp;FORUM MONTAU S.L.&nbsp;para la finalidad para la que se solicitan o Ud nos los proporciona. FORUM MONTAU S.L.&nbsp;se compromete a cumplir [&hellip;]\" \/>\n<meta property=\"og:url\" content=\"https:\/\/forummontau.com\/pamplona\/politica-de-privacidad\/\" \/>\n<meta property=\"og:site_name\" content=\"Forum Salud Mental Pamplona\" \/>\n<meta property=\"article:modified_time\" content=\"2023-09-27T14:15:32+00:00\" \/>\n<meta name=\"twitter:card\" content=\"summary_large_image\" \/>\n<meta name=\"twitter:label1\" content=\"Tiempo de lectura\" \/>\n\t<meta name=\"twitter:data1\" content=\"4 minutos\" \/>\n<script type=\"application\/ld+json\" class=\"yoast-schema-graph\">{\"@context\":\"https:\\\/\\\/schema.org\",\"@graph\":[{\"@type\":\"WebPage\",\"@id\":\"https:\\\/\\\/forummontau.com\\\/pamplona\\\/politica-de-privacidad\\\/\",\"url\":\"https:\\\/\\\/forummontau.com\\\/pamplona\\\/politica-de-privacidad\\\/\",\"name\":\"Pol\u00edtica de Privacidad - Forum Salud Mental Pamplona\",\"isPartOf\":{\"@id\":\"https:\\\/\\\/forummontau.com\\\/pamplona\\\/#website\"},\"datePublished\":\"2020-09-30T10:38:51+00:00\",\"dateModified\":\"2023-09-27T14:15:32+00:00\",\"breadcrumb\":{\"@id\":\"https:\\\/\\\/forummontau.com\\\/pamplona\\\/politica-de-privacidad\\\/#breadcrumb\"},\"inLanguage\":\"es\",\"potentialAction\":[{\"@type\":\"ReadAction\",\"target\":[\"https:\\\/\\\/forummontau.com\\\/pamplona\\\/politica-de-privacidad\\\/\"]}]},{\"@type\":\"BreadcrumbList\",\"@id\":\"https:\\\/\\\/forummontau.com\\\/pamplona\\\/politica-de-privacidad\\\/#breadcrumb\",\"itemListElement\":[{\"@type\":\"ListItem\",\"position\":1,\"name\":\"Portada\",\"item\":\"https:\\\/\\\/forummontau.com\\\/pamplona\\\/\"},{\"@type\":\"ListItem\",\"position\":2,\"name\":\"Pol\u00edtica de Privacidad\"}]},{\"@type\":\"WebSite\",\"@id\":\"https:\\\/\\\/forummontau.com\\\/pamplona\\\/#website\",\"url\":\"https:\\\/\\\/forummontau.com\\\/pamplona\\\/\",\"name\":\"Forum Salud Mental Pamplona\",\"description\":\"Especialistas en adicciones y patolog\u00eda dual\",\"publisher\":{\"@id\":\"https:\\\/\\\/forummontau.com\\\/pamplona\\\/#organization\"},\"potentialAction\":[{\"@type\":\"SearchAction\",\"target\":{\"@type\":\"EntryPoint\",\"urlTemplate\":\"https:\\\/\\\/forummontau.com\\\/pamplona\\\/?s={search_term_string}\"},\"query-input\":{\"@type\":\"PropertyValueSpecification\",\"valueRequired\":true,\"valueName\":\"search_term_string\"}}],\"inLanguage\":\"es\"},{\"@type\":\"Organization\",\"@id\":\"https:\\\/\\\/forummontau.com\\\/pamplona\\\/#organization\",\"name\":\"Forum Salud Mental Pamplona\",\"url\":\"https:\\\/\\\/forummontau.com\\\/pamplona\\\/\",\"logo\":{\"@type\":\"ImageObject\",\"inLanguage\":\"es\",\"@id\":\"https:\\\/\\\/forummontau.com\\\/pamplona\\\/#\\\/schema\\\/logo\\\/image\\\/\",\"url\":\"https:\\\/\\\/forummontau.com\\\/pamplona\\\/wp-content\\\/uploads\\\/sites\\\/2\\\/2023\\\/07\\\/Marca_Forum_Pamplona_web.png\",\"contentUrl\":\"https:\\\/\\\/forummontau.com\\\/pamplona\\\/wp-content\\\/uploads\\\/sites\\\/2\\\/2023\\\/07\\\/Marca_Forum_Pamplona_web.png\",\"width\":215,\"height\":123,\"caption\":\"Forum Salud Mental Pamplona\"},\"image\":{\"@id\":\"https:\\\/\\\/forummontau.com\\\/pamplona\\\/#\\\/schema\\\/logo\\\/image\\\/\"}}]}<\/script>\n<!-- \/ Yoast SEO plugin. -->","yoast_head_json":{"title":"Pol\u00edtica de Privacidad - Forum Salud Mental Pamplona","robots":{"index":"noindex","follow":"follow"},"og_locale":"es_ES","og_type":"article","og_title":"Pol\u00edtica de Privacidad - Forum Salud Mental Pamplona","og_description":"Pol\u00edtica de Privacidad Datos solicitados y objetivos de la recogida de datos En caso de cumplimentar alguno de nuestros formularios ser\u00e1 necesario facilitar determinados datos personales, los cuales se incorporar\u00e1n a los ficheros titularidad de&nbsp;FORUM MONTAU S.L.&nbsp;para la finalidad para la que se solicitan o Ud nos los proporciona. FORUM MONTAU S.L.&nbsp;se compromete a cumplir [&hellip;]","og_url":"https:\/\/forummontau.com\/pamplona\/politica-de-privacidad\/","og_site_name":"Forum Salud Mental Pamplona","article_modified_time":"2023-09-27T14:15:32+00:00","twitter_card":"summary_large_image","twitter_misc":{"Tiempo de lectura":"4 minutos"},"schema":{"@context":"https:\/\/schema.org","@graph":[{"@type":"WebPage","@id":"https:\/\/forummontau.com\/pamplona\/politica-de-privacidad\/","url":"https:\/\/forummontau.com\/pamplona\/politica-de-privacidad\/","name":"Pol\u00edtica de Privacidad - Forum Salud Mental Pamplona","isPartOf":{"@id":"https:\/\/forummontau.com\/pamplona\/#website"},"datePublished":"2020-09-30T10:38:51+00:00","dateModified":"2023-09-27T14:15:32+00:00","breadcrumb":{"@id":"https:\/\/forummontau.com\/pamplona\/politica-de-privacidad\/#breadcrumb"},"inLanguage":"es","potentialAction":[{"@type":"ReadAction","target":["https:\/\/forummontau.com\/pamplona\/politica-de-privacidad\/"]}]},{"@type":"BreadcrumbList","@id":"https:\/\/forummontau.com\/pamplona\/politica-de-privacidad\/#breadcrumb","itemListElement":[{"@type":"ListItem","position":1,"name":"Portada","item":"https:\/\/forummontau.com\/pamplona\/"},{"@type":"ListItem","position":2,"name":"Pol\u00edtica de Privacidad"}]},{"@type":"WebSite","@id":"https:\/\/forummontau.com\/pamplona\/#website","url":"https:\/\/forummontau.com\/pamplona\/","name":"Forum Salud Mental Pamplona","description":"Especialistas en adicciones y patolog\u00eda dual","publisher":{"@id":"https:\/\/forummontau.com\/pamplona\/#organization"},"potentialAction":[{"@type":"SearchAction","target":{"@type":"EntryPoint","urlTemplate":"https:\/\/forummontau.com\/pamplona\/?s={search_term_string}"},"query-input":{"@type":"PropertyValueSpecification","valueRequired":true,"valueName":"search_term_string"}}],"inLanguage":"es"},{"@type":"Organization","@id":"https:\/\/forummontau.com\/pamplona\/#organization","name":"Forum Salud Mental Pamplona","url":"https:\/\/forummontau.com\/pamplona\/","logo":{"@type":"ImageObject","inLanguage":"es","@id":"https:\/\/forummontau.com\/pamplona\/#\/schema\/logo\/image\/","url":"https:\/\/forummontau.com\/pamplona\/wp-content\/uploads\/sites\/2\/2023\/07\/Marca_Forum_Pamplona_web.png","contentUrl":"https:\/\/forummontau.com\/pamplona\/wp-content\/uploads\/sites\/2\/2023\/07\/Marca_Forum_Pamplona_web.png","width":215,"height":123,"caption":"Forum Salud Mental Pamplona"},"image":{"@id":"https:\/\/forummontau.com\/pamplona\/#\/schema\/logo\/image\/"}}]}},"_links":{"self":[{"href":"https:\/\/forummontau.com\/pamplona\/wp-json\/wp\/v2\/pages\/361","targetHints":{"allow":["GET"]}}],"collection":[{"href":"https:\/\/forummontau.com\/pamplona\/wp-json\/wp\/v2\/pages"}],"about":[{"href":"https:\/\/forummontau.com\/pamplona\/wp-json\/wp\/v2\/types\/page"}],"author":[{"embeddable":true,"href":"https:\/\/forummontau.com\/pamplona\/wp-json\/wp\/v2\/users\/2"}],"replies":[{"embeddable":true,"href":"https:\/\/forummontau.com\/pamplona\/wp-json\/wp\/v2\/comments?post=361"}],"version-history":[{"count":7,"href":"https:\/\/forummontau.com\/pamplona\/wp-json\/wp\/v2\/pages\/361\/revisions"}],"predecessor-version":[{"id":904,"href":"https:\/\/forummontau.com\/pamplona\/wp-json\/wp\/v2\/pages\/361\/revisions\/904"}],"wp:attachment":[{"href":"https:\/\/forummontau.com\/pamplona\/wp-json\/wp\/v2\/media?parent=361"}],"curies":[{"name":"wp","href":"https:\/\/api.w.org\/{rel}","templated":true}]}}