{"id":363,"date":"2020-09-30T10:39:12","date_gmt":"2020-09-30T10:39:12","guid":{"rendered":"https:\/\/www.adiccionespamplona.com\/?page_id=363"},"modified":"2023-09-27T14:14:41","modified_gmt":"2023-09-27T14:14:41","slug":"aviso-legal","status":"publish","type":"page","link":"https:\/\/forummontau.com\/pamplona\/aviso-legal\/","title":{"rendered":"Aviso Legal"},"content":{"rendered":"\t\t<div data-elementor-type=\"wp-page\" data-elementor-id=\"363\" class=\"elementor elementor-363\" data-elementor-post-type=\"page\">\n\t\t\t\t\t\t<section class=\"elementor-section elementor-top-section elementor-element elementor-element-9519bf8 elementor-section-boxed elementor-section-height-default elementor-section-height-default qodef-elementor-content-no\" data-id=\"9519bf8\" data-element_type=\"section\" data-e-type=\"section\">\n\t\t\t\t\t\t<div class=\"elementor-container elementor-column-gap-default\">\n\t\t\t\t\t<div class=\"elementor-column elementor-col-100 elementor-top-column elementor-element elementor-element-705771f\" data-id=\"705771f\" data-element_type=\"column\" data-e-type=\"column\">\n\t\t\t<div class=\"elementor-widget-wrap elementor-element-populated\">\n\t\t\t\t\t\t<div class=\"elementor-element elementor-element-c807f9b elementor-widget elementor-widget-heading\" data-id=\"c807f9b\" data-element_type=\"widget\" data-e-type=\"widget\" data-widget_type=\"heading.default\">\n\t\t\t\t\t<h2 class=\"elementor-heading-title elementor-size-default\">AVISO LEGAL<\/h2>\t\t\t\t<\/div>\n\t\t\t\t<div class=\"elementor-element elementor-element-c0f8024 elementor-widget elementor-widget-text-editor\" data-id=\"c0f8024\" data-element_type=\"widget\" data-e-type=\"widget\" data-widget_type=\"text-editor.default\">\n\t\t\t\t\t\t\t\t\t<p>www.adiccionespamplona.com es un dominio en Internet titularidad de Forum Montau (en adelante, FORUM) con CIF B67023846 y domicilio en C\/ GIMENO NAVARRO, NUM 12, 08859 BEGUES.<\/p>\n<p>La finalidad de la web es mostrar informaci\u00f3n sobre las caracter\u00edsticas de los servicios que ofrecemos.<\/p>\n<p>Puede ponerse en contacto con nosotros:<\/p>\n<p>\u2013 por tel\u00e9fono, en el n\u00famero 900 802 408<br>\u2013 por correo electr\u00f3nico, escribiendo a info@adiccionespamplona.com<br>\u2013 por escrito, dirigi\u00e9ndose a FORUM C\/ GIMENO NAVARRO, NUM 12, 08859 BEGUES<\/p>\n<p>Para cualquier aclaraci\u00f3n por favor no duden en contactar con FORUM.<\/p>\n<p>Condiciones de uso de la web<\/p>\n<p>Las presentes condiciones de uso regulan el acceso a esta web. El usuario manifiesta su aceptaci\u00f3n sin reservas de las presentes condiciones de uso.<br>FORUM se reserva el derecho unilateral de modificar las presentes condiciones de acceso a la web, as\u00ed como los contenidos en ella incluidos.<\/p>\n<p>Limitaci\u00f3n y exclusi\u00f3n de responsabilidad<\/p>\n<p>El contenido de esta web es de car\u00e1cter general y tiene una finalidad y efectos exclusivamente informativos. FORUM rechaza la responsabilidad sobre cualquier informaci\u00f3n no elaborada por ella o publicada en su nombre de forma no autorizada por ella, al igual que la responsabilidad que se derive de la mala utilizaci\u00f3n por terceros de los contenidos.<\/p>\n<p>El usuario exonera a FORUM de cualquier responsabilidad que pudiera derivarse de las interrupciones de disponibilidad de la p\u00e1gina web, ya sea por mal funcionamiento del servidor web o de aplicaciones, de las infraestructuras de comunicaciones, o del software y hardware utilizados para la navegaci\u00f3n.<\/p>\n<p>En el caso de incluir enlaces a otras p\u00e1ginas web, FORUM declina cualquier responsabilidad relacionada con el acceso y utilizaci\u00f3n de dichos enlaces.<br>Propiedad intelectual e industrial<\/p>\n<p>La totalidad de esta web se encuentra protegida por las leyes sobre propiedad Intelectual e Industrial. Salvo que se indique lo contrario, los derechos de propiedad intelectual sobre estos contenidos corresponden en exclusiva a FORUM. El usuario reconoce que el uso de los contenidos queda estrictamente limitado a finalidades personales del propio usuario y que la reproducci\u00f3n, distribuci\u00f3n, comunicaci\u00f3n o transformaci\u00f3n no expresamente autorizada de tales obras constituye una infracci\u00f3n de los derechos de propiedad intelectual.<\/p>\n<p>Asimismo, el usuario se abstendr\u00e1 de emplear los contenidos y, en particular, la informaci\u00f3n de cualquier clase obtenida a trav\u00e9s de la web para remitir publicidad, comunicaciones con fines de venta directa o con cualquier otra clase de finalidad comercial, mensajes no solicitados dirigidos a una pluralidad de personas con independencia de su finalidad. Tambi\u00e9n se abstendr\u00e1 de comercializar o divulgar de cualquier modo dicha informaci\u00f3n.<\/p>\n<p>www.adiccionespamplona.com es un dominio de FORUM. No puede ser utilizado, salvo autorizaci\u00f3n expresa previa, en conexi\u00f3n con otros productos o servicios que no sean de FORUM de ninguna manera que pueda causar confusi\u00f3n entre nuestros clientes o descr\u00e9dito de FORUM.<\/p>\n<p>Pol\u00edtica para enlazar a esta web<\/p>\n<p>Si cualquier usuario, entidad o p\u00e1gina web deseara establecer alg\u00fan tipo de enlace con destino a esta web deber\u00e1 solicitar autorizaci\u00f3n previa a la realizaci\u00f3n del enlace y por escrito.<br>Adem\u00e1s, s\u00f3lo se permite enlazar a la p\u00e1gina de inicio de la web. El enlace debe ser absoluto y completo, es decir, debe llevar al usuario a la propia direcci\u00f3n de FORUM abarcando completamente la extensi\u00f3n de la pantalla de la p\u00e1gina que contiene el enlace. En ning\u00fan caso, salvo autorizaci\u00f3n expresa y por escrito de FORUM, la p\u00e1gina que realice el enlace podr\u00e1 reproducir de cualquier manera la web de FORUM, incluirla como parte de su web o dentro de uno de sus marcos sobre cualquiera de las p\u00e1ginas o contenidos de la presente web.<\/p>\n<p>No se incluir\u00e1 ninguna manifestaci\u00f3n falsa, inexacta o incorrecta sobre las p\u00e1ginas de esta web o los servicios que en ella se ofrecen.<br>El enlace no contendr\u00e1 ninguna marca, nombre comercial, r\u00f3tulo de establecimiento, denominaci\u00f3n, logotipo, eslogan u otros signos distintivos pertenecientes a FORUM.<br>Bajo ninguna circunstancia, FORUM ser\u00e1 responsable de los contenidos o servicios puestos a disposici\u00f3n del p\u00fablico en la p\u00e1gina web desde la que se realice el hiperenlace ni de las informaciones o manifestaciones incluidas en las mismas.<\/p>\n<p>Protecci\u00f3n de datos personales<\/p>\n<p>La utilizaci\u00f3n de esta web y de sus formularios requiere la aceptaci\u00f3n del tratamiento de los datos del usuario conforme a nuestra pol\u00edtica de privacidad, incluyendo la recopilaci\u00f3n de datos de acceso y el env\u00edo de informaci\u00f3n comercial por v\u00eda electr\u00f3nica.<\/p>\n<p>Lea detenidamente nuestra pol\u00edtica de privacidad para conocer c\u00f3mo utilizamos los datos de los usuarios y c\u00f3mo ejercer los derechos de acceso, rectificaci\u00f3n, cancelaci\u00f3n y oposici\u00f3n.<\/p>\n<p>Cookies<\/p>\n<p>Esta web utiliza cookies propias y de terceros para diversas finalidades incluyendo anal\u00edticas y publicidad adaptada a los intereses del usuario. El mero uso de esta web con las cookies activadas en el navegador implica la aceptaci\u00f3n de su tratamiento conforme a nuestra pol\u00edtica de cookies.<\/p>\n<p>Lea detenidamente nuestra pol\u00edtica de cookies para conocer los tipos de cookies empleados, y c\u00f3mo bloquearlas y borrarlas en su navegador.<\/p>\n<p>Prevalencia de la versi\u00f3n espa\u00f1ola<\/p>\n<p>En caso de que se traduzca este aviso legal a otros idiomas, cuando haya discrepancia, la versi\u00f3n espa\u00f1ola prevalecer\u00e1.<\/p>\n<p>Legislaci\u00f3n y Jurisdicci\u00f3n aplicable<\/p>\n<p>El presente Aviso Legal as\u00ed como las relaciones entre FORUM y los usuarios, se regir\u00e1n por la normativa espa\u00f1ola vigente y cualquier controversia se someter\u00e1 a los Juzgados y Tribunales de BARCELONA, excepto en el caso de consumidores y usuarios que se aplicar\u00e1 el fuero imperativo de los juzgados que correspondan a su domicilio.<\/p>\t\t\t\t\t\t\t\t<\/div>\n\t\t\t\t\t<\/div>\n\t\t<\/div>\n\t\t\t\t\t<\/div>\n\t\t<\/section>\n\t\t\t\t<\/div>\n\t\t","protected":false},"excerpt":{"rendered":"<p>AVISO LEGAL www.adiccionespamplona.com es un dominio en Internet titularidad de Forum Montau (en adelante, FORUM) con CIF B67023846 y domicilio en C\/ GIMENO NAVARRO, NUM 12, 08859 BEGUES. La finalidad de la web es mostrar informaci\u00f3n sobre las caracter\u00edsticas de los servicios que ofrecemos. Puede ponerse en contacto con nosotros: \u2013 por tel\u00e9fono, en el [&hellip;]<\/p>\n","protected":false},"author":2,"featured_media":0,"parent":0,"menu_order":0,"comment_status":"closed","ping_status":"closed","template":"elementor_header_footer","meta":{"ocean_post_layout":"full-width","ocean_both_sidebars_style":"","ocean_both_sidebars_content_width":0,"ocean_both_sidebars_sidebars_width":0,"ocean_sidebar":"0","ocean_second_sidebar":"0","ocean_disable_margins":"enable","ocean_add_body_class":"","ocean_shortcode_before_top_bar":"","ocean_shortcode_after_top_bar":"","ocean_shortcode_before_header":"","ocean_shortcode_after_header":"","ocean_has_shortcode":"","ocean_shortcode_after_title":"","ocean_shortcode_before_footer_widgets":"","ocean_shortcode_after_footer_widgets":"","ocean_shortcode_before_footer_bottom":"","ocean_shortcode_after_footer_bottom":"","ocean_display_top_bar":"default","ocean_display_header":"default","ocean_header_style":"","ocean_center_header_left_menu":"0","ocean_custom_header_template":"0","ocean_custom_logo":0,"ocean_custom_retina_logo":0,"ocean_custom_logo_max_width":0,"ocean_custom_logo_tablet_max_width":0,"ocean_custom_logo_mobile_max_width":0,"ocean_custom_logo_max_height":0,"ocean_custom_logo_tablet_max_height":0,"ocean_custom_logo_mobile_max_height":0,"ocean_header_custom_menu":"0","ocean_menu_typo_font_family":"0","ocean_menu_typo_font_subset":"","ocean_menu_typo_font_size":0,"ocean_menu_typo_font_size_tablet":0,"ocean_menu_typo_font_size_mobile":0,"ocean_menu_typo_font_size_unit":"px","ocean_menu_typo_font_weight":"","ocean_menu_typo_font_weight_tablet":"","ocean_menu_typo_font_weight_mobile":"","ocean_menu_typo_transform":"","ocean_menu_typo_transform_tablet":"","ocean_menu_typo_transform_mobile":"","ocean_menu_typo_line_height":0,"ocean_menu_typo_line_height_tablet":0,"ocean_menu_typo_line_height_mobile":0,"ocean_menu_typo_line_height_unit":"","ocean_menu_typo_spacing":0,"ocean_menu_typo_spacing_tablet":0,"ocean_menu_typo_spacing_mobile":0,"ocean_menu_typo_spacing_unit":"","ocean_menu_link_color":"","ocean_menu_link_color_hover":"","ocean_menu_link_color_active":"","ocean_menu_link_background":"","ocean_menu_link_hover_background":"","ocean_menu_link_active_background":"","ocean_menu_social_links_bg":"","ocean_menu_social_hover_links_bg":"","ocean_menu_social_links_color":"","ocean_menu_social_hover_links_color":"","ocean_disable_title":"on","ocean_disable_heading":"default","ocean_post_title":"","ocean_post_subheading":"","ocean_post_title_style":"","ocean_post_title_background_color":"","ocean_post_title_background":0,"ocean_post_title_bg_image_position":"","ocean_post_title_bg_image_attachment":"","ocean_post_title_bg_image_repeat":"","ocean_post_title_bg_image_size":"","ocean_post_title_height":0,"ocean_post_title_bg_overlay":0.5,"ocean_post_title_bg_overlay_color":"","ocean_disable_breadcrumbs":"default","ocean_breadcrumbs_color":"","ocean_breadcrumbs_separator_color":"","ocean_breadcrumbs_links_color":"","ocean_breadcrumbs_links_hover_color":"","ocean_display_footer_widgets":"default","ocean_display_footer_bottom":"default","ocean_custom_footer_template":"0","footnotes":""},"class_list":["post-363","page","type-page","status-publish","hentry","entry"],"yoast_head":"<!-- This site is optimized with the Yoast SEO plugin v27.3 - https:\/\/yoast.com\/product\/yoast-seo-wordpress\/ -->\n<title>Aviso Legal - Forum Salud Mental Pamplona<\/title>\n<meta name=\"robots\" content=\"noindex, follow\" \/>\n<meta property=\"og:locale\" content=\"es_ES\" \/>\n<meta property=\"og:type\" content=\"article\" \/>\n<meta property=\"og:title\" content=\"Aviso Legal - Forum Salud Mental Pamplona\" \/>\n<meta property=\"og:description\" content=\"AVISO LEGAL www.adiccionespamplona.com es un dominio en Internet titularidad de Forum Montau (en adelante, FORUM) con CIF B67023846 y domicilio en C\/ GIMENO NAVARRO, NUM 12, 08859 BEGUES. La finalidad de la web es mostrar informaci\u00f3n sobre las caracter\u00edsticas de los servicios que ofrecemos. Puede ponerse en contacto con nosotros: \u2013 por tel\u00e9fono, en el [&hellip;]\" \/>\n<meta property=\"og:url\" content=\"https:\/\/forummontau.com\/pamplona\/aviso-legal\/\" \/>\n<meta property=\"og:site_name\" content=\"Forum Salud Mental Pamplona\" \/>\n<meta property=\"article:modified_time\" content=\"2023-09-27T14:14:41+00:00\" \/>\n<meta name=\"twitter:card\" content=\"summary_large_image\" \/>\n<meta name=\"twitter:label1\" content=\"Tiempo de lectura\" \/>\n\t<meta name=\"twitter:data1\" content=\"5 minutos\" \/>\n<script type=\"application\/ld+json\" class=\"yoast-schema-graph\">{\"@context\":\"https:\\\/\\\/schema.org\",\"@graph\":[{\"@type\":\"WebPage\",\"@id\":\"https:\\\/\\\/forummontau.com\\\/pamplona\\\/aviso-legal\\\/\",\"url\":\"https:\\\/\\\/forummontau.com\\\/pamplona\\\/aviso-legal\\\/\",\"name\":\"Aviso Legal - Forum Salud Mental Pamplona\",\"isPartOf\":{\"@id\":\"https:\\\/\\\/forummontau.com\\\/pamplona\\\/#website\"},\"datePublished\":\"2020-09-30T10:39:12+00:00\",\"dateModified\":\"2023-09-27T14:14:41+00:00\",\"breadcrumb\":{\"@id\":\"https:\\\/\\\/forummontau.com\\\/pamplona\\\/aviso-legal\\\/#breadcrumb\"},\"inLanguage\":\"es\",\"potentialAction\":[{\"@type\":\"ReadAction\",\"target\":[\"https:\\\/\\\/forummontau.com\\\/pamplona\\\/aviso-legal\\\/\"]}]},{\"@type\":\"BreadcrumbList\",\"@id\":\"https:\\\/\\\/forummontau.com\\\/pamplona\\\/aviso-legal\\\/#breadcrumb\",\"itemListElement\":[{\"@type\":\"ListItem\",\"position\":1,\"name\":\"Portada\",\"item\":\"https:\\\/\\\/forummontau.com\\\/pamplona\\\/\"},{\"@type\":\"ListItem\",\"position\":2,\"name\":\"Aviso Legal\"}]},{\"@type\":\"WebSite\",\"@id\":\"https:\\\/\\\/forummontau.com\\\/pamplona\\\/#website\",\"url\":\"https:\\\/\\\/forummontau.com\\\/pamplona\\\/\",\"name\":\"Forum Salud Mental Pamplona\",\"description\":\"Especialistas en adicciones y patolog\u00eda dual\",\"publisher\":{\"@id\":\"https:\\\/\\\/forummontau.com\\\/pamplona\\\/#organization\"},\"potentialAction\":[{\"@type\":\"SearchAction\",\"target\":{\"@type\":\"EntryPoint\",\"urlTemplate\":\"https:\\\/\\\/forummontau.com\\\/pamplona\\\/?s={search_term_string}\"},\"query-input\":{\"@type\":\"PropertyValueSpecification\",\"valueRequired\":true,\"valueName\":\"search_term_string\"}}],\"inLanguage\":\"es\"},{\"@type\":\"Organization\",\"@id\":\"https:\\\/\\\/forummontau.com\\\/pamplona\\\/#organization\",\"name\":\"Forum Salud Mental Pamplona\",\"url\":\"https:\\\/\\\/forummontau.com\\\/pamplona\\\/\",\"logo\":{\"@type\":\"ImageObject\",\"inLanguage\":\"es\",\"@id\":\"https:\\\/\\\/forummontau.com\\\/pamplona\\\/#\\\/schema\\\/logo\\\/image\\\/\",\"url\":\"https:\\\/\\\/forummontau.com\\\/pamplona\\\/wp-content\\\/uploads\\\/sites\\\/2\\\/2023\\\/07\\\/Marca_Forum_Pamplona_web.png\",\"contentUrl\":\"https:\\\/\\\/forummontau.com\\\/pamplona\\\/wp-content\\\/uploads\\\/sites\\\/2\\\/2023\\\/07\\\/Marca_Forum_Pamplona_web.png\",\"width\":215,\"height\":123,\"caption\":\"Forum Salud Mental Pamplona\"},\"image\":{\"@id\":\"https:\\\/\\\/forummontau.com\\\/pamplona\\\/#\\\/schema\\\/logo\\\/image\\\/\"}}]}<\/script>\n<!-- \/ Yoast SEO plugin. -->","yoast_head_json":{"title":"Aviso Legal - Forum Salud Mental Pamplona","robots":{"index":"noindex","follow":"follow"},"og_locale":"es_ES","og_type":"article","og_title":"Aviso Legal - Forum Salud Mental Pamplona","og_description":"AVISO LEGAL www.adiccionespamplona.com es un dominio en Internet titularidad de Forum Montau (en adelante, FORUM) con CIF B67023846 y domicilio en C\/ GIMENO NAVARRO, NUM 12, 08859 BEGUES. La finalidad de la web es mostrar informaci\u00f3n sobre las caracter\u00edsticas de los servicios que ofrecemos. Puede ponerse en contacto con nosotros: \u2013 por tel\u00e9fono, en el [&hellip;]","og_url":"https:\/\/forummontau.com\/pamplona\/aviso-legal\/","og_site_name":"Forum Salud Mental Pamplona","article_modified_time":"2023-09-27T14:14:41+00:00","twitter_card":"summary_large_image","twitter_misc":{"Tiempo de lectura":"5 minutos"},"schema":{"@context":"https:\/\/schema.org","@graph":[{"@type":"WebPage","@id":"https:\/\/forummontau.com\/pamplona\/aviso-legal\/","url":"https:\/\/forummontau.com\/pamplona\/aviso-legal\/","name":"Aviso Legal - Forum Salud Mental Pamplona","isPartOf":{"@id":"https:\/\/forummontau.com\/pamplona\/#website"},"datePublished":"2020-09-30T10:39:12+00:00","dateModified":"2023-09-27T14:14:41+00:00","breadcrumb":{"@id":"https:\/\/forummontau.com\/pamplona\/aviso-legal\/#breadcrumb"},"inLanguage":"es","potentialAction":[{"@type":"ReadAction","target":["https:\/\/forummontau.com\/pamplona\/aviso-legal\/"]}]},{"@type":"BreadcrumbList","@id":"https:\/\/forummontau.com\/pamplona\/aviso-legal\/#breadcrumb","itemListElement":[{"@type":"ListItem","position":1,"name":"Portada","item":"https:\/\/forummontau.com\/pamplona\/"},{"@type":"ListItem","position":2,"name":"Aviso Legal"}]},{"@type":"WebSite","@id":"https:\/\/forummontau.com\/pamplona\/#website","url":"https:\/\/forummontau.com\/pamplona\/","name":"Forum Salud Mental Pamplona","description":"Especialistas en adicciones y patolog\u00eda dual","publisher":{"@id":"https:\/\/forummontau.com\/pamplona\/#organization"},"potentialAction":[{"@type":"SearchAction","target":{"@type":"EntryPoint","urlTemplate":"https:\/\/forummontau.com\/pamplona\/?s={search_term_string}"},"query-input":{"@type":"PropertyValueSpecification","valueRequired":true,"valueName":"search_term_string"}}],"inLanguage":"es"},{"@type":"Organization","@id":"https:\/\/forummontau.com\/pamplona\/#organization","name":"Forum Salud Mental Pamplona","url":"https:\/\/forummontau.com\/pamplona\/","logo":{"@type":"ImageObject","inLanguage":"es","@id":"https:\/\/forummontau.com\/pamplona\/#\/schema\/logo\/image\/","url":"https:\/\/forummontau.com\/pamplona\/wp-content\/uploads\/sites\/2\/2023\/07\/Marca_Forum_Pamplona_web.png","contentUrl":"https:\/\/forummontau.com\/pamplona\/wp-content\/uploads\/sites\/2\/2023\/07\/Marca_Forum_Pamplona_web.png","width":215,"height":123,"caption":"Forum Salud Mental Pamplona"},"image":{"@id":"https:\/\/forummontau.com\/pamplona\/#\/schema\/logo\/image\/"}}]}},"_links":{"self":[{"href":"https:\/\/forummontau.com\/pamplona\/wp-json\/wp\/v2\/pages\/363","targetHints":{"allow":["GET"]}}],"collection":[{"href":"https:\/\/forummontau.com\/pamplona\/wp-json\/wp\/v2\/pages"}],"about":[{"href":"https:\/\/forummontau.com\/pamplona\/wp-json\/wp\/v2\/types\/page"}],"author":[{"embeddable":true,"href":"https:\/\/forummontau.com\/pamplona\/wp-json\/wp\/v2\/users\/2"}],"replies":[{"embeddable":true,"href":"https:\/\/forummontau.com\/pamplona\/wp-json\/wp\/v2\/comments?post=363"}],"version-history":[{"count":12,"href":"https:\/\/forummontau.com\/pamplona\/wp-json\/wp\/v2\/pages\/363\/revisions"}],"predecessor-version":[{"id":902,"href":"https:\/\/forummontau.com\/pamplona\/wp-json\/wp\/v2\/pages\/363\/revisions\/902"}],"wp:attachment":[{"href":"https:\/\/forummontau.com\/pamplona\/wp-json\/wp\/v2\/media?parent=363"}],"curies":[{"name":"wp","href":"https:\/\/api.w.org\/{rel}","templated":true}]}}