{"id":65,"date":"2020-09-29T09:51:15","date_gmt":"2020-09-29T09:51:15","guid":{"rendered":"https:\/\/www.adiccionespamplona.com\/?page_id=65"},"modified":"2023-09-13T15:14:01","modified_gmt":"2023-09-13T15:14:01","slug":"trastorno-de-la-personalidad","status":"publish","type":"page","link":"https:\/\/forummontau.com\/pamplona\/trastorno-de-la-personalidad\/","title":{"rendered":"Trastorno de la personalidad"},"content":{"rendered":"\t\t<div data-elementor-type=\"wp-page\" data-elementor-id=\"65\" class=\"elementor elementor-65\" data-elementor-post-type=\"page\">\n\t\t\t\t\t\t<section class=\"elementor-section elementor-top-section elementor-element elementor-element-cc3573e elementor-section-height-min-height elementor-section-stretched elementor-section-full_width elementor-section-height-default elementor-section-items-middle qodef-elementor-content-no\" data-id=\"cc3573e\" data-element_type=\"section\" data-e-type=\"section\" data-settings=\"{&quot;background_background&quot;:&quot;classic&quot;,&quot;stretch_section&quot;:&quot;section-stretched&quot;}\">\n\t\t\t\t\t\t\t<div class=\"elementor-background-overlay\"><\/div>\n\t\t\t\t\t\t\t<div class=\"elementor-container elementor-column-gap-default\">\n\t\t\t\t\t<div class=\"elementor-column elementor-col-100 elementor-top-column elementor-element elementor-element-70e6584c\" data-id=\"70e6584c\" data-element_type=\"column\" data-e-type=\"column\">\n\t\t\t<div class=\"elementor-widget-wrap elementor-element-populated\">\n\t\t\t\t\t\t<div class=\"elementor-element elementor-element-1e529746 elementor-widget elementor-widget-heading\" data-id=\"1e529746\" data-element_type=\"widget\" data-e-type=\"widget\" data-widget_type=\"heading.default\">\n\t\t\t\t\t<h3 class=\"elementor-heading-title elementor-size-default\">Forum Pamplona<\/h3>\t\t\t\t<\/div>\n\t\t\t\t<div class=\"elementor-element elementor-element-709b7419 elementor-widget elementor-widget-heading\" data-id=\"709b7419\" data-element_type=\"widget\" data-e-type=\"widget\" data-widget_type=\"heading.default\">\n\t\t\t\t\t<h1 class=\"elementor-heading-title elementor-size-default\">Trastorno de la personalidad<\/h1>\t\t\t\t<\/div>\n\t\t\t\t\t<\/div>\n\t\t<\/div>\n\t\t\t\t\t<\/div>\n\t\t<\/section>\n\t\t\t\t<section class=\"elementor-section elementor-top-section elementor-element elementor-element-116fa7cc elementor-section-boxed elementor-section-height-default elementor-section-height-default qodef-elementor-content-no\" data-id=\"116fa7cc\" data-element_type=\"section\" data-e-type=\"section\">\n\t\t\t\t\t\t<div class=\"elementor-container elementor-column-gap-default\">\n\t\t\t\t\t<div class=\"elementor-column elementor-col-100 elementor-top-column elementor-element elementor-element-19788c7a\" data-id=\"19788c7a\" data-element_type=\"column\" data-e-type=\"column\">\n\t\t\t<div class=\"elementor-widget-wrap elementor-element-populated\">\n\t\t\t\t\t\t<div class=\"elementor-element elementor-element-70b2ed37 elementor-view-default elementor-widget elementor-widget-icon\" data-id=\"70b2ed37\" data-element_type=\"widget\" data-e-type=\"widget\" data-widget_type=\"icon.default\">\n\t\t\t\t\t\t\t<div class=\"elementor-icon-wrapper\">\n\t\t\t<div class=\"elementor-icon\">\n\t\t\t<svg aria-hidden=\"true\" class=\"e-font-icon-svg e-fas-arrow-alt-circle-down\" viewBox=\"0 0 512 512\" xmlns=\"http:\/\/www.w3.org\/2000\/svg\"><path d=\"M504 256c0 137-111 248-248 248S8 393 8 256 119 8 256 8s248 111 248 248zM212 140v116h-70.9c-10.7 0-16.1 13-8.5 20.5l114.9 114.3c4.7 4.7 12.2 4.7 16.9 0l114.9-114.3c7.6-7.6 2.2-20.5-8.5-20.5H300V140c0-6.6-5.4-12-12-12h-64c-6.6 0-12 5.4-12 12z\"><\/path><\/svg>\t\t\t<\/div>\n\t\t<\/div>\n\t\t\t\t\t\t<\/div>\n\t\t\t\t<div class=\"elementor-element elementor-element-47a244e1 elementor-widget elementor-widget-heading\" data-id=\"47a244e1\" data-element_type=\"widget\" data-e-type=\"widget\" data-widget_type=\"heading.default\">\n\t\t\t\t\t<h2 class=\"elementor-heading-title elementor-size-default\">Trastorno de la Personalidad<\/h2>\t\t\t\t<\/div>\n\t\t\t\t<div class=\"elementor-element elementor-element-4982b943 elementor-widget elementor-widget-text-editor\" data-id=\"4982b943\" data-element_type=\"widget\" data-e-type=\"widget\" data-widget_type=\"text-editor.default\">\n\t\t\t\t\t\t\t\t\t<p>Podemos hablar de una personalidad sana, cuando un individuo tiene la capacidad de afrontar su\u00a0d\u00eda a d\u00eda y\u00a0sus preocupaciones diarias de una manera flexible y adaptativa, favoreciendo el bienestar personal. Por el contrario, una personalidad patol\u00f3gica hace referencia a un patr\u00f3n de pensamientos y conductas no adaptativos. Se trata de personalidades inflexibles y r\u00edgidas, percepciones y esquemas psicol\u00f3gicos\u00a0que dan lugar al malestar personal y a un pobre crecimiento personal. El tratamiento ir\u00e1 dirigido a reestructurar estas percepciones y esquemas err\u00f3neos\u00a0que dan lugar a los trastornos de personalidad.<\/p>\t\t\t\t\t\t\t\t<\/div>\n\t\t\t\t<div class=\"elementor-element elementor-element-73b2dadc elementor-widget elementor-widget-heading\" data-id=\"73b2dadc\" data-element_type=\"widget\" data-e-type=\"widget\" data-widget_type=\"heading.default\">\n\t\t\t\t\t<h2 class=\"elementor-heading-title elementor-size-default\">Grupo Exc\u00e9ntrico\n<\/h2>\t\t\t\t<\/div>\n\t\t\t\t<div class=\"elementor-element elementor-element-324860e elementor-widget elementor-widget-text-editor\" data-id=\"324860e\" data-element_type=\"widget\" data-e-type=\"widget\" data-widget_type=\"text-editor.default\">\n\t\t\t\t\t\t\t\t\t<ul><li>Trastorno paranoide de la personalidad<\/li><li>Trastorno esquizoide de la personalidad<\/li><li>Trastorno esquizot\u00edpico de la personalidad<\/li><\/ul>\t\t\t\t\t\t\t\t<\/div>\n\t\t\t\t<div class=\"elementor-element elementor-element-bc32674 elementor-widget elementor-widget-heading\" data-id=\"bc32674\" data-element_type=\"widget\" data-e-type=\"widget\" data-widget_type=\"heading.default\">\n\t\t\t\t\t<h2 class=\"elementor-heading-title elementor-size-default\">Grupo Impulsivo\n<\/h2>\t\t\t\t<\/div>\n\t\t\t\t<div class=\"elementor-element elementor-element-9aeca25 elementor-widget elementor-widget-text-editor\" data-id=\"9aeca25\" data-element_type=\"widget\" data-e-type=\"widget\" data-widget_type=\"text-editor.default\">\n\t\t\t\t\t\t\t\t\t<ul><li>Trastorno antisocial de la personalidad<\/li><li>Trastorno l\u00edmite de la personalidad<\/li><li>Trastorno histri\u00f3nico de la personalidad<\/li><li>Trastorno narcisista de la personalidad<\/li><\/ul>\t\t\t\t\t\t\t\t<\/div>\n\t\t\t\t<div class=\"elementor-element elementor-element-30bd9c2 elementor-widget elementor-widget-heading\" data-id=\"30bd9c2\" data-element_type=\"widget\" data-e-type=\"widget\" data-widget_type=\"heading.default\">\n\t\t\t\t\t<h2 class=\"elementor-heading-title elementor-size-default\">Grupo Ansioso o Temeroso\n<\/h2>\t\t\t\t<\/div>\n\t\t\t\t<div class=\"elementor-element elementor-element-9076c6c elementor-widget elementor-widget-text-editor\" data-id=\"9076c6c\" data-element_type=\"widget\" data-e-type=\"widget\" data-widget_type=\"text-editor.default\">\n\t\t\t\t\t\t\t\t\t<ul><li>Trastorno de la personalidad por evitaci\u00f3n<\/li><li>Trastorno de la personalidad por dependencia<\/li><li>Trastorno obsesivo-compulsivo de la personalidad<\/li><\/ul>\t\t\t\t\t\t\t\t<\/div>\n\t\t\t\t<div class=\"elementor-element elementor-element-b5a285e elementor-widget elementor-widget-heading\" data-id=\"b5a285e\" data-element_type=\"widget\" data-e-type=\"widget\" data-widget_type=\"heading.default\">\n\t\t\t\t\t<h2 class=\"elementor-heading-title elementor-size-default\">Otros Trastornos\n<\/h2>\t\t\t\t<\/div>\n\t\t\t\t<div class=\"elementor-element elementor-element-4a7bc34 elementor-widget elementor-widget-text-editor\" data-id=\"4a7bc34\" data-element_type=\"widget\" data-e-type=\"widget\" data-widget_type=\"text-editor.default\">\n\t\t\t\t\t\t\t\t\t<ul><li>Trastorno pasivo-agresivo de la personalidad<\/li><li>Trastorno autodestructivo de la personalidad<\/li><li>Trastorno depresivo de la personalidad<\/li><li>Trastorno s\u00e1dico de la personalidad<\/li><\/ul>\t\t\t\t\t\t\t\t<\/div>\n\t\t\t\t\t<\/div>\n\t\t<\/div>\n\t\t\t\t\t<\/div>\n\t\t<\/section>\n\t\t\t\t<\/div>\n\t\t","protected":false},"excerpt":{"rendered":"<p>Forum Pamplona Trastorno de la personalidad Trastorno de la Personalidad Podemos hablar de una personalidad sana, cuando un individuo tiene la capacidad de afrontar su\u00a0d\u00eda a d\u00eda y\u00a0sus preocupaciones diarias de una manera flexible y adaptativa, favoreciendo el bienestar personal. Por el contrario, una personalidad patol\u00f3gica hace referencia a un patr\u00f3n de pensamientos y conductas [&hellip;]<\/p>\n","protected":false},"author":2,"featured_media":0,"parent":0,"menu_order":0,"comment_status":"closed","ping_status":"closed","template":"elementor_header_footer","meta":{"ocean_post_layout":"full-width","ocean_both_sidebars_style":"","ocean_both_sidebars_content_width":0,"ocean_both_sidebars_sidebars_width":0,"ocean_sidebar":"0","ocean_second_sidebar":"0","ocean_disable_margins":"enable","ocean_add_body_class":"","ocean_shortcode_before_top_bar":"","ocean_shortcode_after_top_bar":"","ocean_shortcode_before_header":"","ocean_shortcode_after_header":"","ocean_has_shortcode":"","ocean_shortcode_after_title":"","ocean_shortcode_before_footer_widgets":"","ocean_shortcode_after_footer_widgets":"","ocean_shortcode_before_footer_bottom":"","ocean_shortcode_after_footer_bottom":"","ocean_display_top_bar":"default","ocean_display_header":"default","ocean_header_style":"","ocean_center_header_left_menu":"0","ocean_custom_header_template":"0","ocean_custom_logo":0,"ocean_custom_retina_logo":0,"ocean_custom_logo_max_width":0,"ocean_custom_logo_tablet_max_width":0,"ocean_custom_logo_mobile_max_width":0,"ocean_custom_logo_max_height":0,"ocean_custom_logo_tablet_max_height":0,"ocean_custom_logo_mobile_max_height":0,"ocean_header_custom_menu":"0","ocean_menu_typo_font_family":"0","ocean_menu_typo_font_subset":"","ocean_menu_typo_font_size":0,"ocean_menu_typo_font_size_tablet":0,"ocean_menu_typo_font_size_mobile":0,"ocean_menu_typo_font_size_unit":"px","ocean_menu_typo_font_weight":"","ocean_menu_typo_font_weight_tablet":"","ocean_menu_typo_font_weight_mobile":"","ocean_menu_typo_transform":"","ocean_menu_typo_transform_tablet":"","ocean_menu_typo_transform_mobile":"","ocean_menu_typo_line_height":0,"ocean_menu_typo_line_height_tablet":0,"ocean_menu_typo_line_height_mobile":0,"ocean_menu_typo_line_height_unit":"","ocean_menu_typo_spacing":0,"ocean_menu_typo_spacing_tablet":0,"ocean_menu_typo_spacing_mobile":0,"ocean_menu_typo_spacing_unit":"","ocean_menu_link_color":"","ocean_menu_link_color_hover":"","ocean_menu_link_color_active":"","ocean_menu_link_background":"","ocean_menu_link_hover_background":"","ocean_menu_link_active_background":"","ocean_menu_social_links_bg":"","ocean_menu_social_hover_links_bg":"","ocean_menu_social_links_color":"","ocean_menu_social_hover_links_color":"","ocean_disable_title":"on","ocean_disable_heading":"default","ocean_post_title":"","ocean_post_subheading":"","ocean_post_title_style":"","ocean_post_title_background_color":"","ocean_post_title_background":0,"ocean_post_title_bg_image_position":"","ocean_post_title_bg_image_attachment":"","ocean_post_title_bg_image_repeat":"","ocean_post_title_bg_image_size":"","ocean_post_title_height":0,"ocean_post_title_bg_overlay":0.5,"ocean_post_title_bg_overlay_color":"","ocean_disable_breadcrumbs":"default","ocean_breadcrumbs_color":"","ocean_breadcrumbs_separator_color":"","ocean_breadcrumbs_links_color":"","ocean_breadcrumbs_links_hover_color":"","ocean_display_footer_widgets":"default","ocean_display_footer_bottom":"default","ocean_custom_footer_template":"0","footnotes":""},"class_list":["post-65","page","type-page","status-publish","hentry","entry"],"yoast_head":"<!-- This site is optimized with the Yoast SEO plugin v27.3 - https:\/\/yoast.com\/product\/yoast-seo-wordpress\/ -->\n<title>Trastorno de la personalidad - Forum Salud Mental Pamplona<\/title>\n<meta name=\"description\" content=\"Tienes la capacidad de afrontar tu d\u00eda a d\u00eda y tus preocupaciones de una manera flexible y adaptativa, favoreciendo tu bienestar personal?\" \/>\n<meta name=\"robots\" content=\"index, follow, max-snippet:-1, max-image-preview:large, max-video-preview:-1\" \/>\n<link rel=\"canonical\" href=\"https:\/\/forummontau.com\/pamplona\/trastorno-de-la-personalidad\/\" \/>\n<meta property=\"og:locale\" content=\"es_ES\" \/>\n<meta property=\"og:type\" content=\"article\" \/>\n<meta property=\"og:title\" content=\"Trastorno de la personalidad - Forum Salud Mental Pamplona\" \/>\n<meta property=\"og:description\" content=\"Tienes la capacidad de afrontar tu d\u00eda a d\u00eda y tus preocupaciones de una manera flexible y adaptativa, favoreciendo tu bienestar personal?\" \/>\n<meta property=\"og:url\" content=\"https:\/\/forummontau.com\/pamplona\/trastorno-de-la-personalidad\/\" \/>\n<meta property=\"og:site_name\" content=\"Forum Salud Mental Pamplona\" \/>\n<meta property=\"article:modified_time\" content=\"2023-09-13T15:14:01+00:00\" \/>\n<meta name=\"twitter:card\" content=\"summary_large_image\" \/>\n<meta name=\"twitter:label1\" content=\"Tiempo de lectura\" \/>\n\t<meta name=\"twitter:data1\" content=\"1 minuto\" \/>\n<script type=\"application\/ld+json\" class=\"yoast-schema-graph\">{\"@context\":\"https:\\\/\\\/schema.org\",\"@graph\":[{\"@type\":\"WebPage\",\"@id\":\"https:\\\/\\\/forummontau.com\\\/pamplona\\\/trastorno-de-la-personalidad\\\/\",\"url\":\"https:\\\/\\\/forummontau.com\\\/pamplona\\\/trastorno-de-la-personalidad\\\/\",\"name\":\"Trastorno de la personalidad - Forum Salud Mental Pamplona\",\"isPartOf\":{\"@id\":\"https:\\\/\\\/forummontau.com\\\/pamplona\\\/#website\"},\"datePublished\":\"2020-09-29T09:51:15+00:00\",\"dateModified\":\"2023-09-13T15:14:01+00:00\",\"description\":\"Tienes la capacidad de afrontar tu d\u00eda a d\u00eda y tus preocupaciones de una manera flexible y adaptativa, favoreciendo tu bienestar personal?\",\"breadcrumb\":{\"@id\":\"https:\\\/\\\/forummontau.com\\\/pamplona\\\/trastorno-de-la-personalidad\\\/#breadcrumb\"},\"inLanguage\":\"es\",\"potentialAction\":[{\"@type\":\"ReadAction\",\"target\":[\"https:\\\/\\\/forummontau.com\\\/pamplona\\\/trastorno-de-la-personalidad\\\/\"]}]},{\"@type\":\"BreadcrumbList\",\"@id\":\"https:\\\/\\\/forummontau.com\\\/pamplona\\\/trastorno-de-la-personalidad\\\/#breadcrumb\",\"itemListElement\":[{\"@type\":\"ListItem\",\"position\":1,\"name\":\"Portada\",\"item\":\"https:\\\/\\\/forummontau.com\\\/pamplona\\\/\"},{\"@type\":\"ListItem\",\"position\":2,\"name\":\"Trastorno de la personalidad\"}]},{\"@type\":\"WebSite\",\"@id\":\"https:\\\/\\\/forummontau.com\\\/pamplona\\\/#website\",\"url\":\"https:\\\/\\\/forummontau.com\\\/pamplona\\\/\",\"name\":\"Forum Salud Mental Pamplona\",\"description\":\"Especialistas en adicciones y patolog\u00eda dual\",\"publisher\":{\"@id\":\"https:\\\/\\\/forummontau.com\\\/pamplona\\\/#organization\"},\"potentialAction\":[{\"@type\":\"SearchAction\",\"target\":{\"@type\":\"EntryPoint\",\"urlTemplate\":\"https:\\\/\\\/forummontau.com\\\/pamplona\\\/?s={search_term_string}\"},\"query-input\":{\"@type\":\"PropertyValueSpecification\",\"valueRequired\":true,\"valueName\":\"search_term_string\"}}],\"inLanguage\":\"es\"},{\"@type\":\"Organization\",\"@id\":\"https:\\\/\\\/forummontau.com\\\/pamplona\\\/#organization\",\"name\":\"Forum Salud Mental Pamplona\",\"url\":\"https:\\\/\\\/forummontau.com\\\/pamplona\\\/\",\"logo\":{\"@type\":\"ImageObject\",\"inLanguage\":\"es\",\"@id\":\"https:\\\/\\\/forummontau.com\\\/pamplona\\\/#\\\/schema\\\/logo\\\/image\\\/\",\"url\":\"https:\\\/\\\/forummontau.com\\\/pamplona\\\/wp-content\\\/uploads\\\/sites\\\/2\\\/2023\\\/07\\\/Marca_Forum_Pamplona_web.png\",\"contentUrl\":\"https:\\\/\\\/forummontau.com\\\/pamplona\\\/wp-content\\\/uploads\\\/sites\\\/2\\\/2023\\\/07\\\/Marca_Forum_Pamplona_web.png\",\"width\":215,\"height\":123,\"caption\":\"Forum Salud Mental Pamplona\"},\"image\":{\"@id\":\"https:\\\/\\\/forummontau.com\\\/pamplona\\\/#\\\/schema\\\/logo\\\/image\\\/\"}}]}<\/script>\n<!-- \/ Yoast SEO plugin. -->","yoast_head_json":{"title":"Trastorno de la personalidad - Forum Salud Mental Pamplona","description":"Tienes la capacidad de afrontar tu d\u00eda a d\u00eda y tus preocupaciones de una manera flexible y adaptativa, favoreciendo tu bienestar personal?","robots":{"index":"index","follow":"follow","max-snippet":"max-snippet:-1","max-image-preview":"max-image-preview:large","max-video-preview":"max-video-preview:-1"},"canonical":"https:\/\/forummontau.com\/pamplona\/trastorno-de-la-personalidad\/","og_locale":"es_ES","og_type":"article","og_title":"Trastorno de la personalidad - Forum Salud Mental Pamplona","og_description":"Tienes la capacidad de afrontar tu d\u00eda a d\u00eda y tus preocupaciones de una manera flexible y adaptativa, favoreciendo tu bienestar personal?","og_url":"https:\/\/forummontau.com\/pamplona\/trastorno-de-la-personalidad\/","og_site_name":"Forum Salud Mental Pamplona","article_modified_time":"2023-09-13T15:14:01+00:00","twitter_card":"summary_large_image","twitter_misc":{"Tiempo de lectura":"1 minuto"},"schema":{"@context":"https:\/\/schema.org","@graph":[{"@type":"WebPage","@id":"https:\/\/forummontau.com\/pamplona\/trastorno-de-la-personalidad\/","url":"https:\/\/forummontau.com\/pamplona\/trastorno-de-la-personalidad\/","name":"Trastorno de la personalidad - Forum Salud Mental Pamplona","isPartOf":{"@id":"https:\/\/forummontau.com\/pamplona\/#website"},"datePublished":"2020-09-29T09:51:15+00:00","dateModified":"2023-09-13T15:14:01+00:00","description":"Tienes la capacidad de afrontar tu d\u00eda a d\u00eda y tus preocupaciones de una manera flexible y adaptativa, favoreciendo tu bienestar personal?","breadcrumb":{"@id":"https:\/\/forummontau.com\/pamplona\/trastorno-de-la-personalidad\/#breadcrumb"},"inLanguage":"es","potentialAction":[{"@type":"ReadAction","target":["https:\/\/forummontau.com\/pamplona\/trastorno-de-la-personalidad\/"]}]},{"@type":"BreadcrumbList","@id":"https:\/\/forummontau.com\/pamplona\/trastorno-de-la-personalidad\/#breadcrumb","itemListElement":[{"@type":"ListItem","position":1,"name":"Portada","item":"https:\/\/forummontau.com\/pamplona\/"},{"@type":"ListItem","position":2,"name":"Trastorno de la personalidad"}]},{"@type":"WebSite","@id":"https:\/\/forummontau.com\/pamplona\/#website","url":"https:\/\/forummontau.com\/pamplona\/","name":"Forum Salud Mental Pamplona","description":"Especialistas en adicciones y patolog\u00eda dual","publisher":{"@id":"https:\/\/forummontau.com\/pamplona\/#organization"},"potentialAction":[{"@type":"SearchAction","target":{"@type":"EntryPoint","urlTemplate":"https:\/\/forummontau.com\/pamplona\/?s={search_term_string}"},"query-input":{"@type":"PropertyValueSpecification","valueRequired":true,"valueName":"search_term_string"}}],"inLanguage":"es"},{"@type":"Organization","@id":"https:\/\/forummontau.com\/pamplona\/#organization","name":"Forum Salud Mental Pamplona","url":"https:\/\/forummontau.com\/pamplona\/","logo":{"@type":"ImageObject","inLanguage":"es","@id":"https:\/\/forummontau.com\/pamplona\/#\/schema\/logo\/image\/","url":"https:\/\/forummontau.com\/pamplona\/wp-content\/uploads\/sites\/2\/2023\/07\/Marca_Forum_Pamplona_web.png","contentUrl":"https:\/\/forummontau.com\/pamplona\/wp-content\/uploads\/sites\/2\/2023\/07\/Marca_Forum_Pamplona_web.png","width":215,"height":123,"caption":"Forum Salud Mental Pamplona"},"image":{"@id":"https:\/\/forummontau.com\/pamplona\/#\/schema\/logo\/image\/"}}]}},"_links":{"self":[{"href":"https:\/\/forummontau.com\/pamplona\/wp-json\/wp\/v2\/pages\/65","targetHints":{"allow":["GET"]}}],"collection":[{"href":"https:\/\/forummontau.com\/pamplona\/wp-json\/wp\/v2\/pages"}],"about":[{"href":"https:\/\/forummontau.com\/pamplona\/wp-json\/wp\/v2\/types\/page"}],"author":[{"embeddable":true,"href":"https:\/\/forummontau.com\/pamplona\/wp-json\/wp\/v2\/users\/2"}],"replies":[{"embeddable":true,"href":"https:\/\/forummontau.com\/pamplona\/wp-json\/wp\/v2\/comments?post=65"}],"version-history":[{"count":34,"href":"https:\/\/forummontau.com\/pamplona\/wp-json\/wp\/v2\/pages\/65\/revisions"}],"predecessor-version":[{"id":878,"href":"https:\/\/forummontau.com\/pamplona\/wp-json\/wp\/v2\/pages\/65\/revisions\/878"}],"wp:attachment":[{"href":"https:\/\/forummontau.com\/pamplona\/wp-json\/wp\/v2\/media?parent=65"}],"curies":[{"name":"wp","href":"https:\/\/api.w.org\/{rel}","templated":true}]}}