{"id":4485,"date":"2023-06-06T13:07:31","date_gmt":"2023-06-06T13:07:31","guid":{"rendered":"https:\/\/adiccionsevilla.com\/?page_id=4485"},"modified":"2024-11-06T08:12:55","modified_gmt":"2024-11-06T08:12:55","slug":"centro-ambulatorio","status":"publish","type":"page","link":"https:\/\/forummontau.com\/sevilla\/centro-ambulatorio\/","title":{"rendered":"Centro Ambulatorio"},"content":{"rendered":"\t\t<div data-elementor-type=\"wp-page\" data-elementor-id=\"4485\" class=\"elementor elementor-4485\" data-elementor-post-type=\"page\">\n\t\t\t\t\t\t<section class=\"elementor-section elementor-top-section elementor-element elementor-element-35129c37 elementor-section-content-middle elementor-section-full_width elementor-section-items-stretch elementor-section-height-min-height elementor-section-height-default qodef-elementor-content-no elementor-invisible\" data-id=\"35129c37\" data-element_type=\"section\" data-e-type=\"section\" data-settings=\"{&quot;background_background&quot;:&quot;classic&quot;,&quot;animation&quot;:&quot;fadeInUp&quot;}\">\n\t\t\t\t\t\t<div class=\"elementor-container elementor-column-gap-default\">\n\t\t\t\t\t<div class=\"elementor-column elementor-col-50 elementor-top-column elementor-element elementor-element-7ec93faf\" data-id=\"7ec93faf\" data-element_type=\"column\" data-e-type=\"column\" data-settings=\"{&quot;background_background&quot;:&quot;classic&quot;}\">\n\t\t\t<div class=\"elementor-widget-wrap elementor-element-populated\">\n\t\t\t\t\t\t<div class=\"elementor-element elementor-element-5e16baf0 elementor-widget elementor-widget-heading\" data-id=\"5e16baf0\" data-element_type=\"widget\" data-e-type=\"widget\" data-widget_type=\"heading.default\">\n\t\t\t\t<div class=\"elementor-widget-container\">\n\t\t\t\t\t<h1 class=\"elementor-heading-title elementor-size-default\">Programa Ambulatorio para el Tratamiento de las Adicciones en Sevilla<\/h1>\t\t\t\t<\/div>\n\t\t\t\t<\/div>\n\t\t\t\t<div class=\"elementor-element elementor-element-2930c2e2 elementor-widget elementor-widget-heading\" data-id=\"2930c2e2\" data-element_type=\"widget\" data-e-type=\"widget\" data-widget_type=\"heading.default\">\n\t\t\t\t<div class=\"elementor-widget-container\">\n\t\t\t\t\t<p class=\"elementor-heading-title elementor-size-default\">Cobertura necesaria para subsanar problemas de adicci\u00f3n y ayudar tanto al paciente como a la familia.<\/p>\t\t\t\t<\/div>\n\t\t\t\t<\/div>\n\t\t\t\t<div class=\"elementor-element elementor-element-77fa89b8 elementor-widget elementor-widget-heading\" data-id=\"77fa89b8\" data-element_type=\"widget\" data-e-type=\"widget\" data-widget_type=\"heading.default\">\n\t\t\t\t<div class=\"elementor-widget-container\">\n\t\t\t\t\t<p class=\"elementor-heading-title elementor-size-default\">Da el primer paso<\/p>\t\t\t\t<\/div>\n\t\t\t\t<\/div>\n\t\t\t\t<div class=\"elementor-element elementor-element-4d1268f2 elementor-widget elementor-widget-heading\" data-id=\"4d1268f2\" data-element_type=\"widget\" data-e-type=\"widget\" data-widget_type=\"heading.default\">\n\t\t\t\t<div class=\"elementor-widget-container\">\n\t\t\t\t\t<p class=\"elementor-heading-title elementor-size-default\">900 802 408 <\/p>\t\t\t\t<\/div>\n\t\t\t\t<\/div>\n\t\t\t\t<div class=\"elementor-element elementor-element-3ec64b24 elementor-widget elementor-widget-heading\" data-id=\"3ec64b24\" data-element_type=\"widget\" data-e-type=\"widget\" data-widget_type=\"heading.default\">\n\t\t\t\t<div class=\"elementor-widget-container\">\n\t\t\t\t\t<p class=\"elementor-heading-title elementor-size-default\">1\u00aa Visita gratuita<\/p>\t\t\t\t<\/div>\n\t\t\t\t<\/div>\n\t\t\t\t\t<\/div>\n\t\t<\/div>\n\t\t\t\t<div class=\"elementor-column elementor-col-50 elementor-top-column elementor-element elementor-element-1667a726\" data-id=\"1667a726\" data-element_type=\"column\" data-e-type=\"column\" data-settings=\"{&quot;background_background&quot;:&quot;classic&quot;}\">\n\t\t\t<div class=\"elementor-widget-wrap elementor-element-populated\">\n\t\t\t\t\t\t<div class=\"elementor-element elementor-element-7b92ee64 elementor-widget elementor-widget-spacer\" data-id=\"7b92ee64\" data-element_type=\"widget\" data-e-type=\"widget\" data-widget_type=\"spacer.default\">\n\t\t\t\t<div class=\"elementor-widget-container\">\n\t\t\t\t\t\t\t<div class=\"elementor-spacer\">\n\t\t\t<div class=\"elementor-spacer-inner\"><\/div>\n\t\t<\/div>\n\t\t\t\t\t\t<\/div>\n\t\t\t\t<\/div>\n\t\t\t\t\t<\/div>\n\t\t<\/div>\n\t\t\t\t\t<\/div>\n\t\t<\/section>\n\t\t\t\t<section class=\"elementor-section elementor-top-section elementor-element elementor-element-5cf84c98 elementor-section-full_width elementor-section-content-middle elementor-section-stretched elementor-section-height-default elementor-section-height-default qodef-elementor-content-no elementor-invisible\" data-id=\"5cf84c98\" data-element_type=\"section\" data-e-type=\"section\" data-settings=\"{&quot;animation&quot;:&quot;fadeInUp&quot;,&quot;stretch_section&quot;:&quot;section-stretched&quot;}\">\n\t\t\t\t\t\t<div class=\"elementor-container elementor-column-gap-default\">\n\t\t\t\t\t<div class=\"elementor-column elementor-col-100 elementor-top-column elementor-element elementor-element-cf1e33f\" data-id=\"cf1e33f\" data-element_type=\"column\" data-e-type=\"column\">\n\t\t\t<div class=\"elementor-widget-wrap elementor-element-populated\">\n\t\t\t\t\t\t<div class=\"elementor-element elementor-element-23e88ceb elementor-widget elementor-widget-heading\" data-id=\"23e88ceb\" data-element_type=\"widget\" data-e-type=\"widget\" data-widget_type=\"heading.default\">\n\t\t\t\t<div class=\"elementor-widget-container\">\n\t\t\t\t\t<h2 class=\"elementor-heading-title elementor-size-default\">Expertos en el tratamiento de adicciones <\/h2>\t\t\t\t<\/div>\n\t\t\t\t<\/div>\n\t\t\t\t<div class=\"elementor-element elementor-element-6fc8d44e elementor-widget elementor-widget-text-editor\" data-id=\"6fc8d44e\" data-element_type=\"widget\" data-e-type=\"widget\" data-widget_type=\"text-editor.default\">\n\t\t\t\t<div class=\"elementor-widget-container\">\n\t\t\t\t\t\t\t\t\t<p>Hemos creado un tratamiento ambulatorio propio en el cual ofrecemos la cobertura necesaria para subsanar dichos problemas y ayudar tanto al paciente como a la familia a superar la adicci\u00f3n. Nos adaptamos a la necesidad del paciente y la familia ofreciendo un abanico amplio y flexible en cuanto a horarios y atenci\u00f3n tanto grupal como personalizada.<\/p><p>\u00a0<\/p><p>La adicci\u00f3n es muy similar a otras enfermedades, como las enfermedades card\u00edacas. Ambas perturban el funcionamiento normal y saludable del \u00f3rgano subyacente, tienen serias consecuencias nocivas y son evitables y tratables. Pero en caso de no tratarlas, pueden durar toda la vida. Por lo tanto hablamos de una enfermedad cr\u00f3nica.<\/p><p>\u00a0<\/p><p>La adicci\u00f3n es una enfermedad primaria, cr\u00f3nica y biopsicosocial que afecta a todos los aspectos de la persona: f\u00edsico, mental, emocional, existencial y social, por lo que requiere de un abordaje que integre e intervenga sobre todos estos aspectos en un tratamiento hol\u00edstico.<\/p>\t\t\t\t\t\t\t\t<\/div>\n\t\t\t\t<\/div>\n\t\t\t\t\t<\/div>\n\t\t<\/div>\n\t\t\t\t\t<\/div>\n\t\t<\/section>\n\t\t\t\t<section class=\"elementor-section elementor-top-section elementor-element elementor-element-4babe458 elementor-section-full_width elementor-section-content-middle elementor-section-stretched elementor-section-height-default elementor-section-height-default qodef-elementor-content-no\" data-id=\"4babe458\" data-element_type=\"section\" data-e-type=\"section\" data-settings=\"{&quot;stretch_section&quot;:&quot;section-stretched&quot;}\">\n\t\t\t\t\t\t<div class=\"elementor-container elementor-column-gap-narrow\">\n\t\t\t\t\t<div class=\"elementor-column elementor-col-50 elementor-top-column elementor-element elementor-element-60f47ab\" data-id=\"60f47ab\" data-element_type=\"column\" data-e-type=\"column\">\n\t\t\t<div class=\"elementor-widget-wrap elementor-element-populated\">\n\t\t\t\t\t\t<div class=\"elementor-element elementor-element-13a78504 elementor-invisible elementor-widget elementor-widget-image\" data-id=\"13a78504\" data-element_type=\"widget\" data-e-type=\"widget\" data-settings=\"{&quot;_animation&quot;:&quot;fadeInLeft&quot;}\" data-widget_type=\"image.default\">\n\t\t\t\t<div class=\"elementor-widget-container\">\n\t\t\t\t\t\t\t\t\t\t\t\t\t\t\t<img fetchpriority=\"high\" decoding=\"async\" width=\"712\" height=\"796\" src=\"https:\/\/forummontau.com\/sevilla\/wp-content\/uploads\/sites\/13\/2023\/06\/home-imageamb-2.png\" class=\"attachment-full size-full wp-image-4460\" alt=\"\" srcset=\"https:\/\/forummontau.com\/sevilla\/wp-content\/uploads\/sites\/13\/2023\/06\/home-imageamb-2.png 712w, https:\/\/forummontau.com\/sevilla\/wp-content\/uploads\/sites\/13\/2023\/06\/home-imageamb-2-268x300.png 268w, https:\/\/forummontau.com\/sevilla\/wp-content\/uploads\/sites\/13\/2023\/06\/home-imageamb-2-134x150.png 134w\" sizes=\"(max-width: 712px) 100vw, 712px\" \/>\t\t\t\t\t\t\t\t\t\t\t\t\t\t\t<\/div>\n\t\t\t\t<\/div>\n\t\t\t\t\t<\/div>\n\t\t<\/div>\n\t\t\t\t<div class=\"elementor-column elementor-col-50 elementor-top-column elementor-element elementor-element-3343d2a3 elementor-invisible\" data-id=\"3343d2a3\" data-element_type=\"column\" data-e-type=\"column\" data-settings=\"{&quot;animation&quot;:&quot;fadeInRight&quot;}\">\n\t\t\t<div class=\"elementor-widget-wrap elementor-element-populated\">\n\t\t\t\t\t\t<div class=\"elementor-element elementor-element-7a02e366 elementor-widget elementor-widget-heading\" data-id=\"7a02e366\" data-element_type=\"widget\" data-e-type=\"widget\" data-widget_type=\"heading.default\">\n\t\t\t\t<div class=\"elementor-widget-container\">\n\t\t\t\t\t<h2 class=\"elementor-heading-title elementor-size-default\">Forum Salud Mental Sevilla<\/h2>\t\t\t\t<\/div>\n\t\t\t\t<\/div>\n\t\t\t\t<div class=\"elementor-element elementor-element-465b748e elementor-widget elementor-widget-text-editor\" data-id=\"465b748e\" data-element_type=\"widget\" data-e-type=\"widget\" data-widget_type=\"text-editor.default\">\n\t\t\t\t<div class=\"elementor-widget-container\">\n\t\t\t\t\t\t\t\t\t<p>Abordamos la adicci\u00f3n desde un punto biopsicosocial dejando atr\u00e1s falsos mitos y ofreciendo el mejor tratamiento ambulatorio para esta enfermedad.<\/p><p>\u00a0<\/p><p>Nuestro Modelo Integrador incluye un abordaje continuo, desarrollado y estructurado como red de apoyo para el adicto. La metodolog\u00eda que utilizamos est\u00e1 a la vanguardia de los mejores tratamientos que existen actualmente a nivel mundial basando nuestras t\u00e9cnicas en las empleadas desde hace m\u00e1s de 50 a\u00f1os en EEUU.<\/p><p>\u00a0<\/p><p>Basamos nuestra intervenci\u00f3n en un m\u00e9todo propio pionero e innovador que tiene como referencia dos modelos: el modelo Minessota y el CRA, Aproximaci\u00f3n de Reforzamiento Comunitario (<a href=\"https:\/\/en.wikipedia.org\/wiki\/Community_reinforcement_approach_and_family_training\">Community Reinforcement Approach<\/a>).<\/p>\t\t\t\t\t\t\t\t<\/div>\n\t\t\t\t<\/div>\n\t\t\t\t\t<\/div>\n\t\t<\/div>\n\t\t\t\t\t<\/div>\n\t\t<\/section>\n\t\t\t\t<\/div>\n\t\t","protected":false},"excerpt":{"rendered":"<p>Programa Ambulatorio para el Tratamiento de las Adicciones en Sevilla Cobertura necesaria para subsanar problemas de adicci\u00f3n y ayudar tanto al paciente como a la familia. Da el primer paso 900 802 408 1\u00aa Visita gratuita Expertos en el tratamiento de adicciones Hemos creado un tratamiento ambulatorio propio en el cual ofrecemos la cobertura necesaria [&hellip;]<\/p>\n","protected":false},"author":8,"featured_media":0,"parent":0,"menu_order":0,"comment_status":"closed","ping_status":"closed","template":"","meta":{"ocean_post_layout":"full-screen","ocean_both_sidebars_style":"","ocean_both_sidebars_content_width":0,"ocean_both_sidebars_sidebars_width":0,"ocean_sidebar":"0","ocean_second_sidebar":"0","ocean_disable_margins":"enable","ocean_add_body_class":"","ocean_shortcode_before_top_bar":"","ocean_shortcode_after_top_bar":"","ocean_shortcode_before_header":"","ocean_shortcode_after_header":"","ocean_has_shortcode":"","ocean_shortcode_after_title":"","ocean_shortcode_before_footer_widgets":"","ocean_shortcode_after_footer_widgets":"","ocean_shortcode_before_footer_bottom":"","ocean_shortcode_after_footer_bottom":"","ocean_display_top_bar":"default","ocean_display_header":"default","ocean_header_style":"","ocean_center_header_left_menu":"0","ocean_custom_header_template":"0","ocean_custom_logo":0,"ocean_custom_retina_logo":0,"ocean_custom_logo_max_width":0,"ocean_custom_logo_tablet_max_width":0,"ocean_custom_logo_mobile_max_width":0,"ocean_custom_logo_max_height":0,"ocean_custom_logo_tablet_max_height":0,"ocean_custom_logo_mobile_max_height":0,"ocean_header_custom_menu":"0","ocean_menu_typo_font_family":"0","ocean_menu_typo_font_subset":"","ocean_menu_typo_font_size":0,"ocean_menu_typo_font_size_tablet":0,"ocean_menu_typo_font_size_mobile":0,"ocean_menu_typo_font_size_unit":"px","ocean_menu_typo_font_weight":"","ocean_menu_typo_font_weight_tablet":"","ocean_menu_typo_font_weight_mobile":"","ocean_menu_typo_transform":"","ocean_menu_typo_transform_tablet":"","ocean_menu_typo_transform_mobile":"","ocean_menu_typo_line_height":0,"ocean_menu_typo_line_height_tablet":0,"ocean_menu_typo_line_height_mobile":0,"ocean_menu_typo_line_height_unit":"","ocean_menu_typo_spacing":0,"ocean_menu_typo_spacing_tablet":0,"ocean_menu_typo_spacing_mobile":0,"ocean_menu_typo_spacing_unit":"","ocean_menu_link_color":"","ocean_menu_link_color_hover":"","ocean_menu_link_color_active":"","ocean_menu_link_background":"","ocean_menu_link_hover_background":"","ocean_menu_link_active_background":"","ocean_menu_social_links_bg":"","ocean_menu_social_hover_links_bg":"","ocean_menu_social_links_color":"","ocean_menu_social_hover_links_color":"","ocean_disable_title":"on","ocean_disable_heading":"default","ocean_post_title":"","ocean_post_subheading":"","ocean_post_title_style":"","ocean_post_title_background_color":"","ocean_post_title_background":0,"ocean_post_title_bg_image_position":"","ocean_post_title_bg_image_attachment":"","ocean_post_title_bg_image_repeat":"","ocean_post_title_bg_image_size":"","ocean_post_title_height":0,"ocean_post_title_bg_overlay":0.5,"ocean_post_title_bg_overlay_color":"","ocean_disable_breadcrumbs":"default","ocean_breadcrumbs_color":"","ocean_breadcrumbs_separator_color":"","ocean_breadcrumbs_links_color":"","ocean_breadcrumbs_links_hover_color":"","ocean_display_footer_widgets":"default","ocean_display_footer_bottom":"default","ocean_custom_footer_template":"0","footnotes":""},"class_list":["post-4485","page","type-page","status-publish","hentry","entry"],"yoast_head":"<!-- This site is optimized with the Yoast SEO plugin v27.3 - https:\/\/yoast.com\/product\/yoast-seo-wordpress\/ -->\n<title>Centro Ambulatorio - Forum Salud Mental Sevilla<\/title>\n<meta name=\"robots\" content=\"index, follow, max-snippet:-1, max-image-preview:large, max-video-preview:-1\" \/>\n<link rel=\"canonical\" href=\"https:\/\/forummontau.com\/sevilla\/centro-ambulatorio\/\" \/>\n<meta property=\"og:locale\" content=\"es_ES\" \/>\n<meta property=\"og:type\" content=\"article\" \/>\n<meta property=\"og:title\" content=\"Centro Ambulatorio - Forum Salud Mental Sevilla\" \/>\n<meta property=\"og:description\" content=\"Programa Ambulatorio para el Tratamiento de las Adicciones en Sevilla Cobertura necesaria para subsanar problemas de adicci\u00f3n y ayudar tanto al paciente como a la familia. Da el primer paso 900 802 408 1\u00aa Visita gratuita Expertos en el tratamiento de adicciones Hemos creado un tratamiento ambulatorio propio en el cual ofrecemos la cobertura necesaria [&hellip;]\" \/>\n<meta property=\"og:url\" content=\"https:\/\/forummontau.com\/sevilla\/centro-ambulatorio\/\" \/>\n<meta property=\"og:site_name\" content=\"Forum Salud Mental Sevilla\" \/>\n<meta property=\"article:modified_time\" content=\"2024-11-06T08:12:55+00:00\" \/>\n<meta property=\"og:image\" content=\"https:\/\/forummontau.com\/sevilla\/wp-content\/uploads\/sites\/13\/2023\/06\/home-imageamb-2.png\" \/>\n<meta name=\"twitter:card\" content=\"summary_large_image\" \/>\n<meta name=\"twitter:label1\" content=\"Tiempo de lectura\" \/>\n\t<meta name=\"twitter:data1\" content=\"2 minutos\" \/>\n<script type=\"application\/ld+json\" class=\"yoast-schema-graph\">{\"@context\":\"https:\\\/\\\/schema.org\",\"@graph\":[{\"@type\":\"WebPage\",\"@id\":\"https:\\\/\\\/forummontau.com\\\/sevilla\\\/centro-ambulatorio\\\/\",\"url\":\"https:\\\/\\\/forummontau.com\\\/sevilla\\\/centro-ambulatorio\\\/\",\"name\":\"Centro Ambulatorio - Forum Salud Mental Sevilla\",\"isPartOf\":{\"@id\":\"https:\\\/\\\/forummontau.com\\\/sevilla\\\/#website\"},\"primaryImageOfPage\":{\"@id\":\"https:\\\/\\\/forummontau.com\\\/sevilla\\\/centro-ambulatorio\\\/#primaryimage\"},\"image\":{\"@id\":\"https:\\\/\\\/forummontau.com\\\/sevilla\\\/centro-ambulatorio\\\/#primaryimage\"},\"thumbnailUrl\":\"https:\\\/\\\/forummontau.com\\\/sevilla\\\/wp-content\\\/uploads\\\/sites\\\/13\\\/2023\\\/06\\\/home-imageamb-2.png\",\"datePublished\":\"2023-06-06T13:07:31+00:00\",\"dateModified\":\"2024-11-06T08:12:55+00:00\",\"breadcrumb\":{\"@id\":\"https:\\\/\\\/forummontau.com\\\/sevilla\\\/centro-ambulatorio\\\/#breadcrumb\"},\"inLanguage\":\"es\",\"potentialAction\":[{\"@type\":\"ReadAction\",\"target\":[\"https:\\\/\\\/forummontau.com\\\/sevilla\\\/centro-ambulatorio\\\/\"]}]},{\"@type\":\"ImageObject\",\"inLanguage\":\"es\",\"@id\":\"https:\\\/\\\/forummontau.com\\\/sevilla\\\/centro-ambulatorio\\\/#primaryimage\",\"url\":\"https:\\\/\\\/forummontau.com\\\/sevilla\\\/wp-content\\\/uploads\\\/sites\\\/13\\\/2023\\\/06\\\/home-imageamb-2.png\",\"contentUrl\":\"https:\\\/\\\/forummontau.com\\\/sevilla\\\/wp-content\\\/uploads\\\/sites\\\/13\\\/2023\\\/06\\\/home-imageamb-2.png\",\"width\":712,\"height\":796},{\"@type\":\"BreadcrumbList\",\"@id\":\"https:\\\/\\\/forummontau.com\\\/sevilla\\\/centro-ambulatorio\\\/#breadcrumb\",\"itemListElement\":[{\"@type\":\"ListItem\",\"position\":1,\"name\":\"Portada\",\"item\":\"https:\\\/\\\/forummontau.com\\\/sevilla\\\/\"},{\"@type\":\"ListItem\",\"position\":2,\"name\":\"Centro Ambulatorio\"}]},{\"@type\":\"WebSite\",\"@id\":\"https:\\\/\\\/forummontau.com\\\/sevilla\\\/#website\",\"url\":\"https:\\\/\\\/forummontau.com\\\/sevilla\\\/\",\"name\":\"Forum Salud Mental Sevilla\",\"description\":\"Centro Desintoxicaci\u00f3n y Adicciones en Sevilla\",\"publisher\":{\"@id\":\"https:\\\/\\\/forummontau.com\\\/sevilla\\\/#organization\"},\"potentialAction\":[{\"@type\":\"SearchAction\",\"target\":{\"@type\":\"EntryPoint\",\"urlTemplate\":\"https:\\\/\\\/forummontau.com\\\/sevilla\\\/?s={search_term_string}\"},\"query-input\":{\"@type\":\"PropertyValueSpecification\",\"valueRequired\":true,\"valueName\":\"search_term_string\"}}],\"inLanguage\":\"es\"},{\"@type\":\"Organization\",\"@id\":\"https:\\\/\\\/forummontau.com\\\/sevilla\\\/#organization\",\"name\":\"Forum Salud Mental Sevilla\",\"url\":\"https:\\\/\\\/forummontau.com\\\/sevilla\\\/\",\"logo\":{\"@type\":\"ImageObject\",\"inLanguage\":\"es\",\"@id\":\"https:\\\/\\\/forummontau.com\\\/sevilla\\\/#\\\/schema\\\/logo\\\/image\\\/\",\"url\":\"https:\\\/\\\/forummontau.com\\\/sevilla\\\/wp-content\\\/uploads\\\/sites\\\/13\\\/2020\\\/02\\\/Forum_Sevilla.png\",\"contentUrl\":\"https:\\\/\\\/forummontau.com\\\/sevilla\\\/wp-content\\\/uploads\\\/sites\\\/13\\\/2020\\\/02\\\/Forum_Sevilla.png\",\"width\":210,\"height\":117,\"caption\":\"Forum Salud Mental Sevilla\"},\"image\":{\"@id\":\"https:\\\/\\\/forummontau.com\\\/sevilla\\\/#\\\/schema\\\/logo\\\/image\\\/\"}}]}<\/script>\n<!-- \/ Yoast SEO plugin. -->","yoast_head_json":{"title":"Centro Ambulatorio - Forum Salud Mental Sevilla","robots":{"index":"index","follow":"follow","max-snippet":"max-snippet:-1","max-image-preview":"max-image-preview:large","max-video-preview":"max-video-preview:-1"},"canonical":"https:\/\/forummontau.com\/sevilla\/centro-ambulatorio\/","og_locale":"es_ES","og_type":"article","og_title":"Centro Ambulatorio - Forum Salud Mental Sevilla","og_description":"Programa Ambulatorio para el Tratamiento de las Adicciones en Sevilla Cobertura necesaria para subsanar problemas de adicci\u00f3n y ayudar tanto al paciente como a la familia. Da el primer paso 900 802 408 1\u00aa Visita gratuita Expertos en el tratamiento de adicciones Hemos creado un tratamiento ambulatorio propio en el cual ofrecemos la cobertura necesaria [&hellip;]","og_url":"https:\/\/forummontau.com\/sevilla\/centro-ambulatorio\/","og_site_name":"Forum Salud Mental Sevilla","article_modified_time":"2024-11-06T08:12:55+00:00","og_image":[{"url":"https:\/\/forummontau.com\/sevilla\/wp-content\/uploads\/sites\/13\/2023\/06\/home-imageamb-2.png","type":"","width":"","height":""}],"twitter_card":"summary_large_image","twitter_misc":{"Tiempo de lectura":"2 minutos"},"schema":{"@context":"https:\/\/schema.org","@graph":[{"@type":"WebPage","@id":"https:\/\/forummontau.com\/sevilla\/centro-ambulatorio\/","url":"https:\/\/forummontau.com\/sevilla\/centro-ambulatorio\/","name":"Centro Ambulatorio - Forum Salud Mental Sevilla","isPartOf":{"@id":"https:\/\/forummontau.com\/sevilla\/#website"},"primaryImageOfPage":{"@id":"https:\/\/forummontau.com\/sevilla\/centro-ambulatorio\/#primaryimage"},"image":{"@id":"https:\/\/forummontau.com\/sevilla\/centro-ambulatorio\/#primaryimage"},"thumbnailUrl":"https:\/\/forummontau.com\/sevilla\/wp-content\/uploads\/sites\/13\/2023\/06\/home-imageamb-2.png","datePublished":"2023-06-06T13:07:31+00:00","dateModified":"2024-11-06T08:12:55+00:00","breadcrumb":{"@id":"https:\/\/forummontau.com\/sevilla\/centro-ambulatorio\/#breadcrumb"},"inLanguage":"es","potentialAction":[{"@type":"ReadAction","target":["https:\/\/forummontau.com\/sevilla\/centro-ambulatorio\/"]}]},{"@type":"ImageObject","inLanguage":"es","@id":"https:\/\/forummontau.com\/sevilla\/centro-ambulatorio\/#primaryimage","url":"https:\/\/forummontau.com\/sevilla\/wp-content\/uploads\/sites\/13\/2023\/06\/home-imageamb-2.png","contentUrl":"https:\/\/forummontau.com\/sevilla\/wp-content\/uploads\/sites\/13\/2023\/06\/home-imageamb-2.png","width":712,"height":796},{"@type":"BreadcrumbList","@id":"https:\/\/forummontau.com\/sevilla\/centro-ambulatorio\/#breadcrumb","itemListElement":[{"@type":"ListItem","position":1,"name":"Portada","item":"https:\/\/forummontau.com\/sevilla\/"},{"@type":"ListItem","position":2,"name":"Centro Ambulatorio"}]},{"@type":"WebSite","@id":"https:\/\/forummontau.com\/sevilla\/#website","url":"https:\/\/forummontau.com\/sevilla\/","name":"Forum Salud Mental Sevilla","description":"Centro Desintoxicaci\u00f3n y Adicciones en Sevilla","publisher":{"@id":"https:\/\/forummontau.com\/sevilla\/#organization"},"potentialAction":[{"@type":"SearchAction","target":{"@type":"EntryPoint","urlTemplate":"https:\/\/forummontau.com\/sevilla\/?s={search_term_string}"},"query-input":{"@type":"PropertyValueSpecification","valueRequired":true,"valueName":"search_term_string"}}],"inLanguage":"es"},{"@type":"Organization","@id":"https:\/\/forummontau.com\/sevilla\/#organization","name":"Forum Salud Mental Sevilla","url":"https:\/\/forummontau.com\/sevilla\/","logo":{"@type":"ImageObject","inLanguage":"es","@id":"https:\/\/forummontau.com\/sevilla\/#\/schema\/logo\/image\/","url":"https:\/\/forummontau.com\/sevilla\/wp-content\/uploads\/sites\/13\/2020\/02\/Forum_Sevilla.png","contentUrl":"https:\/\/forummontau.com\/sevilla\/wp-content\/uploads\/sites\/13\/2020\/02\/Forum_Sevilla.png","width":210,"height":117,"caption":"Forum Salud Mental Sevilla"},"image":{"@id":"https:\/\/forummontau.com\/sevilla\/#\/schema\/logo\/image\/"}}]}},"_links":{"self":[{"href":"https:\/\/forummontau.com\/sevilla\/wp-json\/wp\/v2\/pages\/4485","targetHints":{"allow":["GET"]}}],"collection":[{"href":"https:\/\/forummontau.com\/sevilla\/wp-json\/wp\/v2\/pages"}],"about":[{"href":"https:\/\/forummontau.com\/sevilla\/wp-json\/wp\/v2\/types\/page"}],"author":[{"embeddable":true,"href":"https:\/\/forummontau.com\/sevilla\/wp-json\/wp\/v2\/users\/8"}],"replies":[{"embeddable":true,"href":"https:\/\/forummontau.com\/sevilla\/wp-json\/wp\/v2\/comments?post=4485"}],"version-history":[{"count":14,"href":"https:\/\/forummontau.com\/sevilla\/wp-json\/wp\/v2\/pages\/4485\/revisions"}],"predecessor-version":[{"id":5654,"href":"https:\/\/forummontau.com\/sevilla\/wp-json\/wp\/v2\/pages\/4485\/revisions\/5654"}],"wp:attachment":[{"href":"https:\/\/forummontau.com\/sevilla\/wp-json\/wp\/v2\/media?parent=4485"}],"curies":[{"name":"wp","href":"https:\/\/api.w.org\/{rel}","templated":true}]}}