{"id":507,"date":"2012-11-19T17:30:57","date_gmt":"2012-11-19T17:30:57","guid":{"rendered":"http:\/\/www.adiccionsevilla.com\/?page_id=507"},"modified":"2020-03-24T15:17:51","modified_gmt":"2020-03-24T15:17:51","slug":"pablo-sosa","status":"publish","type":"page","link":"https:\/\/forummontau.com\/sevilla\/pablo-sosa\/","title":{"rendered":"Pablo Sosa"},"content":{"rendered":"\t\t<div data-elementor-type=\"wp-post\" data-elementor-id=\"507\" class=\"elementor elementor-507\" data-elementor-post-type=\"page\">\n\t\t\t\t\t\t<section class=\"elementor-section elementor-top-section elementor-element elementor-element-9hjvk7w elementor-section-stretched elementor-section-height-min-height elementor-section-boxed elementor-section-height-default elementor-section-items-middle qodef-elementor-content-no\" data-id=\"9hjvk7w\" data-element_type=\"section\" data-e-type=\"section\" data-settings=\"{&quot;stretch_section&quot;:&quot;section-stretched&quot;,&quot;background_background&quot;:&quot;classic&quot;}\">\n\t\t\t\t\t\t\t<div class=\"elementor-background-overlay\"><\/div>\n\t\t\t\t\t\t\t<div class=\"elementor-container elementor-column-gap-default\">\n\t\t\t\t\t<div class=\"elementor-column elementor-col-100 elementor-top-column elementor-element elementor-element-orhdyha\" data-id=\"orhdyha\" data-element_type=\"column\" data-e-type=\"column\">\n\t\t\t<div class=\"elementor-widget-wrap\">\n\t\t\t\t\t\t\t<\/div>\n\t\t<\/div>\n\t\t\t\t\t<\/div>\n\t\t<\/section>\n\t\t\t\t<section class=\"elementor-section elementor-top-section elementor-element elementor-element-p8lymmf elementor-section-boxed elementor-section-height-default elementor-section-height-default qodef-elementor-content-no\" data-id=\"p8lymmf\" data-element_type=\"section\" data-e-type=\"section\">\n\t\t\t\t\t\t<div class=\"elementor-container elementor-column-gap-default\">\n\t\t\t\t\t<div class=\"elementor-column elementor-col-100 elementor-top-column elementor-element elementor-element-fx7o2e7\" data-id=\"fx7o2e7\" data-element_type=\"column\" data-e-type=\"column\">\n\t\t\t<div class=\"elementor-widget-wrap elementor-element-populated\">\n\t\t\t\t\t\t<div class=\"elementor-element elementor-element-8otuqyr elementor-widget elementor-widget-text-editor\" data-id=\"8otuqyr\" data-element_type=\"widget\" data-e-type=\"widget\" data-widget_type=\"text-editor.default\">\n\t\t\t\t<div class=\"elementor-widget-container\">\n\t\t\t\t\t\t\t\t\t<p><strong>Pablo Sosa Centro Terap\u00e9utico<\/strong> fue fundado el 28 de Noviembre de 2013 por Pablo Sosa, Psic\u00f3logo Colegiado n\u00ba 7391, tras superar su adicci\u00f3n al alcoholismo, se dedic\u00f3 por completo al estudio de las Adicciones a Sustancias Psicoactivas y al ejercicio de actividades terap\u00e9uticas sobre la Dependencia al alcohol y a otras drogas. M\u00e1ster y Postgrado en Drogodependencias por la Universidad de Barcelona.<\/p>\n<p>Fund\u00f3 y dirigi\u00f3 su centro en Sevilla dejando un legado insuperable a nivel nacional en cuanto al estudio y tratamiento de las adicciones, desarrollando un m\u00e9todo propio pionero e innovador en la ciudad de Sevilla. Tras su fallecimiento y a petici\u00f3n propia, un grupo de profesionales compa\u00f1eros de proyecto se hace cargo de impulsar y seguir proporcionando el mejor tratamiento a la poblaci\u00f3n que lo requiera, <strong>sin perder su metodolog\u00eda tanto a nivel terap\u00e9utico, humano y profesional<\/strong>.<\/p>\n<p>Pablo Sosa falleci\u00f3 este pasado mes de febrero de 2017 dejando un amplio bagaje y conocimiento que han adquirido los terapeutas que durante estos a\u00f1os han estado a su lado.<br>Nuestro centro presenta un programa de colaboraci\u00f3n con varios centros a nivel nacional, consolid\u00e1ndose como un referente en de las adicciones en Andaluc\u00eda.<\/p>\t\t\t\t\t\t\t\t<\/div>\n\t\t\t\t<\/div>\n\t\t\t\t\t<\/div>\n\t\t<\/div>\n\t\t\t\t\t<\/div>\n\t\t<\/section>\n\t\t\t\t<section class=\"elementor-section elementor-top-section elementor-element elementor-element-19e2176c elementor-section-stretched elementor-section-full_width elementor-section-height-default elementor-section-height-default qodef-elementor-content-no\" data-id=\"19e2176c\" data-element_type=\"section\" data-e-type=\"section\" data-settings=\"{&quot;stretch_section&quot;:&quot;section-stretched&quot;,&quot;background_background&quot;:&quot;classic&quot;}\">\n\t\t\t\t\t\t\t<div class=\"elementor-background-overlay\"><\/div>\n\t\t\t\t\t\t\t<div class=\"elementor-container elementor-column-gap-default\">\n\t\t\t\t\t<div class=\"elementor-column elementor-col-100 elementor-top-column elementor-element elementor-element-b4aa80e\" data-id=\"b4aa80e\" data-element_type=\"column\" data-e-type=\"column\">\n\t\t\t<div class=\"elementor-widget-wrap elementor-element-populated\">\n\t\t\t\t\t\t<div class=\"elementor-element elementor-element-8b57ff9 elementor-widget elementor-widget-heading\" data-id=\"8b57ff9\" data-element_type=\"widget\" data-e-type=\"widget\" data-widget_type=\"heading.default\">\n\t\t\t\t<div class=\"elementor-widget-container\">\n\t\t\t\t\t<h2 class=\"elementor-heading-title elementor-size-default\">CONTACTA CON NOSOTROS<\/h2>\t\t\t\t<\/div>\n\t\t\t\t<\/div>\n\t\t\t\t<div class=\"elementor-element elementor-element-1f7b306d elementor-widget-divider--view-line elementor-widget elementor-widget-divider\" data-id=\"1f7b306d\" data-element_type=\"widget\" data-e-type=\"widget\" data-widget_type=\"divider.default\">\n\t\t\t\t<div class=\"elementor-widget-container\">\n\t\t\t\t\t\t\t<div class=\"elementor-divider\">\n\t\t\t<span class=\"elementor-divider-separator\">\n\t\t\t\t\t\t<\/span>\n\t\t<\/div>\n\t\t\t\t\t\t<\/div>\n\t\t\t\t<\/div>\n\t\t\t\t<section class=\"elementor-section elementor-inner-section elementor-element elementor-element-2a3af503 elementor-section-boxed elementor-section-height-default elementor-section-height-default qodef-elementor-content-no\" data-id=\"2a3af503\" data-element_type=\"section\" data-e-type=\"section\">\n\t\t\t\t\t\t<div class=\"elementor-container elementor-column-gap-default\">\n\t\t\t\t\t<div class=\"elementor-column elementor-col-33 elementor-inner-column elementor-element elementor-element-5840c349\" data-id=\"5840c349\" data-element_type=\"column\" data-e-type=\"column\">\n\t\t\t<div class=\"elementor-widget-wrap\">\n\t\t\t\t\t\t\t<\/div>\n\t\t<\/div>\n\t\t\t\t<div class=\"elementor-column elementor-col-33 elementor-inner-column elementor-element elementor-element-7b611f8e\" data-id=\"7b611f8e\" data-element_type=\"column\" data-e-type=\"column\">\n\t\t\t<div class=\"elementor-widget-wrap elementor-element-populated\">\n\t\t\t\t\t\t<div class=\"elementor-element elementor-element-1119e418 elementor-button-align-stretch elementor-widget elementor-widget-form\" data-id=\"1119e418\" data-element_type=\"widget\" data-e-type=\"widget\" data-settings=\"{&quot;button_width&quot;:&quot;100&quot;,&quot;step_next_label&quot;:&quot;Siguiente&quot;,&quot;step_previous_label&quot;:&quot;Anterior&quot;,&quot;step_type&quot;:&quot;number_text&quot;,&quot;step_icon_shape&quot;:&quot;circle&quot;}\" data-widget_type=\"form.default\">\n\t\t\t\t<div class=\"elementor-widget-container\">\n\t\t\t\t\t\t\t<form class=\"elementor-form\" method=\"post\" name=\"New Form\" aria-label=\"New Form\">\n\t\t\t<input type=\"hidden\" name=\"post_id\" value=\"507\"\/>\n\t\t\t<input type=\"hidden\" name=\"form_id\" value=\"1119e418\"\/>\n\t\t\t<input type=\"hidden\" name=\"referer_title\" value=\"Pablo Sosa - Forum Salud Mental Sevilla\" \/>\n\n\t\t\t\t\t\t\t<input type=\"hidden\" name=\"queried_id\" value=\"507\"\/>\n\t\t\t\n\t\t\t<div class=\"elementor-form-fields-wrapper elementor-labels-above\">\n\t\t\t\t\t\t\t\t<div class=\"elementor-field-type-text elementor-field-group elementor-column elementor-field-group-name elementor-col-100 elementor-field-required\">\n\t\t\t\t\t\t\t\t\t\t\t\t<label for=\"form-field-name\" class=\"elementor-field-label\">\n\t\t\t\t\t\t\t\tNombre\t\t\t\t\t\t\t<\/label>\n\t\t\t\t\t\t\t\t\t\t\t\t\t\t<input size=\"1\" type=\"text\" name=\"form_fields[name]\" id=\"form-field-name\" class=\"elementor-field elementor-size-sm  elementor-field-textual\" required=\"required\">\n\t\t\t\t\t\t\t\t\t\t\t<\/div>\n\t\t\t\t\t\t\t\t<div class=\"elementor-field-type-email elementor-field-group elementor-column elementor-field-group-email elementor-col-100 elementor-field-required\">\n\t\t\t\t\t\t\t\t\t\t\t\t<label for=\"form-field-email\" class=\"elementor-field-label\">\n\t\t\t\t\t\t\t\tEmail\t\t\t\t\t\t\t<\/label>\n\t\t\t\t\t\t\t\t\t\t\t\t\t\t<input size=\"1\" type=\"email\" name=\"form_fields[email]\" id=\"form-field-email\" class=\"elementor-field elementor-size-sm  elementor-field-textual\" required=\"required\">\n\t\t\t\t\t\t\t\t\t\t\t<\/div>\n\t\t\t\t\t\t\t\t<div class=\"elementor-field-type-tel elementor-field-group elementor-column elementor-field-group-field_1 elementor-col-100 elementor-field-required\">\n\t\t\t\t\t\t\t\t\t\t\t\t<label for=\"form-field-field_1\" class=\"elementor-field-label\">\n\t\t\t\t\t\t\t\tTel\u00e9fono\t\t\t\t\t\t\t<\/label>\n\t\t\t\t\t\t\t\t<input size=\"1\" type=\"tel\" name=\"form_fields[field_1]\" id=\"form-field-field_1\" class=\"elementor-field elementor-size-sm  elementor-field-textual\" required=\"required\" pattern=\"[0-9()#&amp;+*-=.]+\" title=\"Solo se aceptan n\u00fameros y caracteres de tel\u00e9fono (#,-,*,etc).\">\n\n\t\t\t\t\t\t<\/div>\n\t\t\t\t\t\t\t\t<div class=\"elementor-field-type-textarea elementor-field-group elementor-column elementor-field-group-message elementor-col-100 elementor-field-required\">\n\t\t\t\t\t\t\t\t\t\t\t\t<label for=\"form-field-message\" class=\"elementor-field-label\">\n\t\t\t\t\t\t\t\tMensaje\t\t\t\t\t\t\t<\/label>\n\t\t\t\t\t\t<textarea class=\"elementor-field-textual elementor-field  elementor-size-sm\" name=\"form_fields[message]\" id=\"form-field-message\" rows=\"4\" required=\"required\"><\/textarea>\t\t\t\t<\/div>\n\t\t\t\t\t\t\t\t<div class=\"elementor-field-type-acceptance elementor-field-group elementor-column elementor-field-group-field_3 elementor-col-100\">\n\t\t\t\t\t\t\t<div class=\"elementor-field-subgroup\">\n\t\t\t<span class=\"elementor-field-option\">\n\t\t\t\t<input type=\"checkbox\" name=\"form_fields[field_3]\" id=\"form-field-field_3\" class=\"elementor-field elementor-size-sm  elementor-acceptance-field\">\n\t\t\t\t<label for=\"form-field-field_3\">Acepto la <a hrfe0\"https:\/\/forummontau.com\/sevilla\/politica-legal\">Pol\u00edtica de Privacidad<\/label>\t\t\t<\/span>\n\t\t<\/div>\n\t\t\t\t\t\t<\/div>\n\t\t\t\t\t\t\t\t<div class=\"elementor-field-group elementor-column elementor-field-type-submit elementor-col-100 e-form__buttons\">\n\t\t\t\t\t<button class=\"elementor-button elementor-size-sm\" type=\"submit\">\n\t\t\t\t\t\t<span class=\"elementor-button-content-wrapper\">\n\t\t\t\t\t\t\t\t\t\t\t\t\t\t\t\t\t\t\t\t\t\t<span class=\"elementor-button-text\">Enviar<\/span>\n\t\t\t\t\t\t\t\t\t\t\t\t\t<\/span>\n\t\t\t\t\t<\/button>\n\t\t\t\t<\/div>\n\t\t\t<\/div>\n\t\t<\/form>\n\t\t\t\t\t\t<\/div>\n\t\t\t\t<\/div>\n\t\t\t\t<div class=\"elementor-element elementor-element-148bc7fd elementor-widget elementor-widget-text-editor\" data-id=\"148bc7fd\" data-element_type=\"widget\" data-e-type=\"widget\" data-widget_type=\"text-editor.default\">\n\t\t\t\t<div class=\"elementor-widget-container\">\n\t\t\t\t\t\t\t\t\t<p>Al enviar acepta expresamente que sus datos sean tratados\u00a0por Forum Terapeutic Pablo Sosa Sevilla de acuerdo con el Reglamento (UE) 2016\/679 General de Protecci\u00f3n de Datos. Puede ejecercer sus derechos ARCO enviando un correo a info@adiccionsevilla.com<\/p>\t\t\t\t\t\t\t\t<\/div>\n\t\t\t\t<\/div>\n\t\t\t\t\t<\/div>\n\t\t<\/div>\n\t\t\t\t<div class=\"elementor-column elementor-col-33 elementor-inner-column elementor-element elementor-element-7aacfad5\" data-id=\"7aacfad5\" data-element_type=\"column\" data-e-type=\"column\">\n\t\t\t<div class=\"elementor-widget-wrap\">\n\t\t\t\t\t\t\t<\/div>\n\t\t<\/div>\n\t\t\t\t\t<\/div>\n\t\t<\/section>\n\t\t\t\t\t<\/div>\n\t\t<\/div>\n\t\t\t\t\t<\/div>\n\t\t<\/section>\n\t\t\t\t<\/div>\n\t\t","protected":false},"excerpt":{"rendered":"<p>Pablo Sosa Centro Terap\u00e9utico fue fundado el 28 de Noviembre de 2013 por Pablo Sosa, Psic\u00f3logo Colegiado n\u00ba 7391, tras superar su adicci\u00f3n al alcoholismo, se dedic\u00f3 por completo al estudio de las Adicciones a Sustancias Psicoactivas y al ejercicio de actividades terap\u00e9uticas sobre la Dependencia al alcohol y a otras drogas. M\u00e1ster y Postgrado [&hellip;]<\/p>\n","protected":false},"author":8,"featured_media":0,"parent":0,"menu_order":0,"comment_status":"closed","ping_status":"closed","template":"elementor_header_footer","meta":{"ocean_post_layout":"full-screen","ocean_both_sidebars_style":"","ocean_both_sidebars_content_width":0,"ocean_both_sidebars_sidebars_width":0,"ocean_sidebar":"0","ocean_second_sidebar":"0","ocean_disable_margins":"enable","ocean_add_body_class":"","ocean_shortcode_before_top_bar":"","ocean_shortcode_after_top_bar":"","ocean_shortcode_before_header":"","ocean_shortcode_after_header":"","ocean_has_shortcode":"","ocean_shortcode_after_title":"","ocean_shortcode_before_footer_widgets":"","ocean_shortcode_after_footer_widgets":"","ocean_shortcode_before_footer_bottom":"","ocean_shortcode_after_footer_bottom":"","ocean_display_top_bar":"default","ocean_display_header":"default","ocean_header_style":"","ocean_center_header_left_menu":"0","ocean_custom_header_template":"0","ocean_custom_logo":0,"ocean_custom_retina_logo":0,"ocean_custom_logo_max_width":0,"ocean_custom_logo_tablet_max_width":0,"ocean_custom_logo_mobile_max_width":0,"ocean_custom_logo_max_height":0,"ocean_custom_logo_tablet_max_height":0,"ocean_custom_logo_mobile_max_height":0,"ocean_header_custom_menu":"0","ocean_menu_typo_font_family":"0","ocean_menu_typo_font_subset":"","ocean_menu_typo_font_size":0,"ocean_menu_typo_font_size_tablet":0,"ocean_menu_typo_font_size_mobile":0,"ocean_menu_typo_font_size_unit":"px","ocean_menu_typo_font_weight":"","ocean_menu_typo_font_weight_tablet":"","ocean_menu_typo_font_weight_mobile":"","ocean_menu_typo_transform":"","ocean_menu_typo_transform_tablet":"","ocean_menu_typo_transform_mobile":"","ocean_menu_typo_line_height":0,"ocean_menu_typo_line_height_tablet":0,"ocean_menu_typo_line_height_mobile":0,"ocean_menu_typo_line_height_unit":"","ocean_menu_typo_spacing":0,"ocean_menu_typo_spacing_tablet":0,"ocean_menu_typo_spacing_mobile":0,"ocean_menu_typo_spacing_unit":"","ocean_menu_link_color":"","ocean_menu_link_color_hover":"","ocean_menu_link_color_active":"","ocean_menu_link_background":"","ocean_menu_link_hover_background":"","ocean_menu_link_active_background":"","ocean_menu_social_links_bg":"","ocean_menu_social_hover_links_bg":"","ocean_menu_social_links_color":"","ocean_menu_social_hover_links_color":"","ocean_disable_title":"on","ocean_disable_heading":"default","ocean_post_title":"","ocean_post_subheading":"","ocean_post_title_style":"","ocean_post_title_background_color":"","ocean_post_title_background":0,"ocean_post_title_bg_image_position":"","ocean_post_title_bg_image_attachment":"","ocean_post_title_bg_image_repeat":"","ocean_post_title_bg_image_size":"","ocean_post_title_height":0,"ocean_post_title_bg_overlay":0.5,"ocean_post_title_bg_overlay_color":"","ocean_disable_breadcrumbs":"default","ocean_breadcrumbs_color":"","ocean_breadcrumbs_separator_color":"","ocean_breadcrumbs_links_color":"","ocean_breadcrumbs_links_hover_color":"","ocean_display_footer_widgets":"default","ocean_display_footer_bottom":"default","ocean_custom_footer_template":"0","footnotes":""},"class_list":["post-507","page","type-page","status-publish","hentry","entry"],"yoast_head":"<!-- This site is optimized with the Yoast SEO plugin v27.3 - https:\/\/yoast.com\/product\/yoast-seo-wordpress\/ -->\n<title>Pablo Sosa - Forum Salud Mental Sevilla<\/title>\n<meta name=\"robots\" content=\"index, follow, max-snippet:-1, max-image-preview:large, max-video-preview:-1\" \/>\n<link rel=\"canonical\" href=\"https:\/\/forummontau.com\/sevilla\/pablo-sosa\/\" \/>\n<meta property=\"og:locale\" content=\"es_ES\" \/>\n<meta property=\"og:type\" content=\"article\" \/>\n<meta property=\"og:title\" content=\"Pablo Sosa - Forum Salud Mental Sevilla\" \/>\n<meta property=\"og:description\" content=\"Pablo Sosa Centro Terap\u00e9utico fue fundado el 28 de Noviembre de 2013 por Pablo Sosa, Psic\u00f3logo Colegiado n\u00ba 7391, tras superar su adicci\u00f3n al alcoholismo, se dedic\u00f3 por completo al estudio de las Adicciones a Sustancias Psicoactivas y al ejercicio de actividades terap\u00e9uticas sobre la Dependencia al alcohol y a otras drogas. M\u00e1ster y Postgrado [&hellip;]\" \/>\n<meta property=\"og:url\" content=\"https:\/\/forummontau.com\/sevilla\/pablo-sosa\/\" \/>\n<meta property=\"og:site_name\" content=\"Forum Salud Mental Sevilla\" \/>\n<meta property=\"article:modified_time\" content=\"2020-03-24T15:17:51+00:00\" \/>\n<meta name=\"twitter:card\" content=\"summary_large_image\" \/>\n<meta name=\"twitter:label1\" content=\"Tiempo de lectura\" \/>\n\t<meta name=\"twitter:data1\" content=\"1 minuto\" \/>\n<script type=\"application\/ld+json\" class=\"yoast-schema-graph\">{\"@context\":\"https:\\\/\\\/schema.org\",\"@graph\":[{\"@type\":\"WebPage\",\"@id\":\"https:\\\/\\\/forummontau.com\\\/sevilla\\\/pablo-sosa\\\/\",\"url\":\"https:\\\/\\\/forummontau.com\\\/sevilla\\\/pablo-sosa\\\/\",\"name\":\"Pablo Sosa - Forum Salud Mental Sevilla\",\"isPartOf\":{\"@id\":\"https:\\\/\\\/forummontau.com\\\/sevilla\\\/#website\"},\"datePublished\":\"2012-11-19T17:30:57+00:00\",\"dateModified\":\"2020-03-24T15:17:51+00:00\",\"breadcrumb\":{\"@id\":\"https:\\\/\\\/forummontau.com\\\/sevilla\\\/pablo-sosa\\\/#breadcrumb\"},\"inLanguage\":\"es\",\"potentialAction\":[{\"@type\":\"ReadAction\",\"target\":[\"https:\\\/\\\/forummontau.com\\\/sevilla\\\/pablo-sosa\\\/\"]}]},{\"@type\":\"BreadcrumbList\",\"@id\":\"https:\\\/\\\/forummontau.com\\\/sevilla\\\/pablo-sosa\\\/#breadcrumb\",\"itemListElement\":[{\"@type\":\"ListItem\",\"position\":1,\"name\":\"Portada\",\"item\":\"https:\\\/\\\/forummontau.com\\\/sevilla\\\/\"},{\"@type\":\"ListItem\",\"position\":2,\"name\":\"Pablo Sosa\"}]},{\"@type\":\"WebSite\",\"@id\":\"https:\\\/\\\/forummontau.com\\\/sevilla\\\/#website\",\"url\":\"https:\\\/\\\/forummontau.com\\\/sevilla\\\/\",\"name\":\"Forum Salud Mental Sevilla\",\"description\":\"Centro Desintoxicaci\u00f3n y Adicciones en Sevilla\",\"publisher\":{\"@id\":\"https:\\\/\\\/forummontau.com\\\/sevilla\\\/#organization\"},\"potentialAction\":[{\"@type\":\"SearchAction\",\"target\":{\"@type\":\"EntryPoint\",\"urlTemplate\":\"https:\\\/\\\/forummontau.com\\\/sevilla\\\/?s={search_term_string}\"},\"query-input\":{\"@type\":\"PropertyValueSpecification\",\"valueRequired\":true,\"valueName\":\"search_term_string\"}}],\"inLanguage\":\"es\"},{\"@type\":\"Organization\",\"@id\":\"https:\\\/\\\/forummontau.com\\\/sevilla\\\/#organization\",\"name\":\"Forum Salud Mental Sevilla\",\"url\":\"https:\\\/\\\/forummontau.com\\\/sevilla\\\/\",\"logo\":{\"@type\":\"ImageObject\",\"inLanguage\":\"es\",\"@id\":\"https:\\\/\\\/forummontau.com\\\/sevilla\\\/#\\\/schema\\\/logo\\\/image\\\/\",\"url\":\"https:\\\/\\\/forummontau.com\\\/sevilla\\\/wp-content\\\/uploads\\\/sites\\\/13\\\/2020\\\/02\\\/Forum_Sevilla.png\",\"contentUrl\":\"https:\\\/\\\/forummontau.com\\\/sevilla\\\/wp-content\\\/uploads\\\/sites\\\/13\\\/2020\\\/02\\\/Forum_Sevilla.png\",\"width\":210,\"height\":117,\"caption\":\"Forum Salud Mental Sevilla\"},\"image\":{\"@id\":\"https:\\\/\\\/forummontau.com\\\/sevilla\\\/#\\\/schema\\\/logo\\\/image\\\/\"}}]}<\/script>\n<!-- \/ Yoast SEO plugin. -->","yoast_head_json":{"title":"Pablo Sosa - Forum Salud Mental Sevilla","robots":{"index":"index","follow":"follow","max-snippet":"max-snippet:-1","max-image-preview":"max-image-preview:large","max-video-preview":"max-video-preview:-1"},"canonical":"https:\/\/forummontau.com\/sevilla\/pablo-sosa\/","og_locale":"es_ES","og_type":"article","og_title":"Pablo Sosa - Forum Salud Mental Sevilla","og_description":"Pablo Sosa Centro Terap\u00e9utico fue fundado el 28 de Noviembre de 2013 por Pablo Sosa, Psic\u00f3logo Colegiado n\u00ba 7391, tras superar su adicci\u00f3n al alcoholismo, se dedic\u00f3 por completo al estudio de las Adicciones a Sustancias Psicoactivas y al ejercicio de actividades terap\u00e9uticas sobre la Dependencia al alcohol y a otras drogas. M\u00e1ster y Postgrado [&hellip;]","og_url":"https:\/\/forummontau.com\/sevilla\/pablo-sosa\/","og_site_name":"Forum Salud Mental Sevilla","article_modified_time":"2020-03-24T15:17:51+00:00","twitter_card":"summary_large_image","twitter_misc":{"Tiempo de lectura":"1 minuto"},"schema":{"@context":"https:\/\/schema.org","@graph":[{"@type":"WebPage","@id":"https:\/\/forummontau.com\/sevilla\/pablo-sosa\/","url":"https:\/\/forummontau.com\/sevilla\/pablo-sosa\/","name":"Pablo Sosa - Forum Salud Mental Sevilla","isPartOf":{"@id":"https:\/\/forummontau.com\/sevilla\/#website"},"datePublished":"2012-11-19T17:30:57+00:00","dateModified":"2020-03-24T15:17:51+00:00","breadcrumb":{"@id":"https:\/\/forummontau.com\/sevilla\/pablo-sosa\/#breadcrumb"},"inLanguage":"es","potentialAction":[{"@type":"ReadAction","target":["https:\/\/forummontau.com\/sevilla\/pablo-sosa\/"]}]},{"@type":"BreadcrumbList","@id":"https:\/\/forummontau.com\/sevilla\/pablo-sosa\/#breadcrumb","itemListElement":[{"@type":"ListItem","position":1,"name":"Portada","item":"https:\/\/forummontau.com\/sevilla\/"},{"@type":"ListItem","position":2,"name":"Pablo Sosa"}]},{"@type":"WebSite","@id":"https:\/\/forummontau.com\/sevilla\/#website","url":"https:\/\/forummontau.com\/sevilla\/","name":"Forum Salud Mental Sevilla","description":"Centro Desintoxicaci\u00f3n y Adicciones en Sevilla","publisher":{"@id":"https:\/\/forummontau.com\/sevilla\/#organization"},"potentialAction":[{"@type":"SearchAction","target":{"@type":"EntryPoint","urlTemplate":"https:\/\/forummontau.com\/sevilla\/?s={search_term_string}"},"query-input":{"@type":"PropertyValueSpecification","valueRequired":true,"valueName":"search_term_string"}}],"inLanguage":"es"},{"@type":"Organization","@id":"https:\/\/forummontau.com\/sevilla\/#organization","name":"Forum Salud Mental Sevilla","url":"https:\/\/forummontau.com\/sevilla\/","logo":{"@type":"ImageObject","inLanguage":"es","@id":"https:\/\/forummontau.com\/sevilla\/#\/schema\/logo\/image\/","url":"https:\/\/forummontau.com\/sevilla\/wp-content\/uploads\/sites\/13\/2020\/02\/Forum_Sevilla.png","contentUrl":"https:\/\/forummontau.com\/sevilla\/wp-content\/uploads\/sites\/13\/2020\/02\/Forum_Sevilla.png","width":210,"height":117,"caption":"Forum Salud Mental Sevilla"},"image":{"@id":"https:\/\/forummontau.com\/sevilla\/#\/schema\/logo\/image\/"}}]}},"_links":{"self":[{"href":"https:\/\/forummontau.com\/sevilla\/wp-json\/wp\/v2\/pages\/507","targetHints":{"allow":["GET"]}}],"collection":[{"href":"https:\/\/forummontau.com\/sevilla\/wp-json\/wp\/v2\/pages"}],"about":[{"href":"https:\/\/forummontau.com\/sevilla\/wp-json\/wp\/v2\/types\/page"}],"author":[{"embeddable":true,"href":"https:\/\/forummontau.com\/sevilla\/wp-json\/wp\/v2\/users\/8"}],"replies":[{"embeddable":true,"href":"https:\/\/forummontau.com\/sevilla\/wp-json\/wp\/v2\/comments?post=507"}],"version-history":[{"count":5,"href":"https:\/\/forummontau.com\/sevilla\/wp-json\/wp\/v2\/pages\/507\/revisions"}],"predecessor-version":[{"id":3398,"href":"https:\/\/forummontau.com\/sevilla\/wp-json\/wp\/v2\/pages\/507\/revisions\/3398"}],"wp:attachment":[{"href":"https:\/\/forummontau.com\/sevilla\/wp-json\/wp\/v2\/media?parent=507"}],"curies":[{"name":"wp","href":"https:\/\/api.w.org\/{rel}","templated":true}]}}