{"id":2093,"date":"2023-05-16T14:26:16","date_gmt":"2023-05-16T14:26:16","guid":{"rendered":"https:\/\/adiccionvalencia.com\/?page_id=2093"},"modified":"2023-11-30T14:45:19","modified_gmt":"2023-11-30T14:45:19","slug":"tratamiento-ambulatorio","status":"publish","type":"page","link":"https:\/\/forummontau.com\/valencia\/tratamiento-ambulatorio\/","title":{"rendered":"Tratamiento Ambulatorio"},"content":{"rendered":"\t\t<div data-elementor-type=\"wp-page\" data-elementor-id=\"2093\" class=\"elementor elementor-2093\" data-elementor-post-type=\"page\">\n\t\t\t\t\t\t<section class=\"elementor-section elementor-top-section elementor-element elementor-element-7ffd2831 elementor-section-content-middle elementor-section-full_width elementor-section-items-stretch elementor-section-height-min-height elementor-section-height-default qodef-elementor-content-no elementor-invisible\" data-id=\"7ffd2831\" data-element_type=\"section\" data-e-type=\"section\" data-settings=\"{&quot;background_background&quot;:&quot;classic&quot;,&quot;animation&quot;:&quot;fadeInUp&quot;}\">\n\t\t\t\t\t\t<div class=\"elementor-container elementor-column-gap-default\">\n\t\t\t\t\t<div class=\"elementor-column elementor-col-50 elementor-top-column elementor-element elementor-element-1c2ed6c3\" data-id=\"1c2ed6c3\" data-element_type=\"column\" data-e-type=\"column\" data-settings=\"{&quot;background_background&quot;:&quot;classic&quot;}\">\n\t\t\t<div class=\"elementor-widget-wrap elementor-element-populated\">\n\t\t\t\t\t\t<div class=\"elementor-element elementor-element-128024df elementor-widget elementor-widget-heading\" data-id=\"128024df\" data-element_type=\"widget\" data-e-type=\"widget\" data-widget_type=\"heading.default\">\n\t\t\t\t<div class=\"elementor-widget-container\">\n\t\t\t\t\t<h1 class=\"elementor-heading-title elementor-size-default\">Centro Ambulatorio para el Tratamiento de las Adicciones en Valencia<\/h1>\t\t\t\t<\/div>\n\t\t\t\t<\/div>\n\t\t\t\t<div class=\"elementor-element elementor-element-5ea04ab7 elementor-widget elementor-widget-heading\" data-id=\"5ea04ab7\" data-element_type=\"widget\" data-e-type=\"widget\" data-widget_type=\"heading.default\">\n\t\t\t\t<div class=\"elementor-widget-container\">\n\t\t\t\t\t<p class=\"elementor-heading-title elementor-size-default\">Cobertura necesaria para subsanar problemas de adicci\u00f3n y ayudar tanto al paciente como a la familia.<\/p>\t\t\t\t<\/div>\n\t\t\t\t<\/div>\n\t\t\t\t<div class=\"elementor-element elementor-element-2260732d elementor-widget elementor-widget-heading\" data-id=\"2260732d\" data-element_type=\"widget\" data-e-type=\"widget\" data-widget_type=\"heading.default\">\n\t\t\t\t<div class=\"elementor-widget-container\">\n\t\t\t\t\t<p class=\"elementor-heading-title elementor-size-default\">Da el primer paso<\/p>\t\t\t\t<\/div>\n\t\t\t\t<\/div>\n\t\t\t\t<div class=\"elementor-element elementor-element-694e1f9 elementor-widget elementor-widget-heading\" data-id=\"694e1f9\" data-element_type=\"widget\" data-e-type=\"widget\" data-widget_type=\"heading.default\">\n\t\t\t\t<div class=\"elementor-widget-container\">\n\t\t\t\t\t<p class=\"elementor-heading-title elementor-size-default\">900 802 408<\/p>\t\t\t\t<\/div>\n\t\t\t\t<\/div>\n\t\t\t\t<div class=\"elementor-element elementor-element-6ac4f4da elementor-widget elementor-widget-heading\" data-id=\"6ac4f4da\" data-element_type=\"widget\" data-e-type=\"widget\" data-widget_type=\"heading.default\">\n\t\t\t\t<div class=\"elementor-widget-container\">\n\t\t\t\t\t<p class=\"elementor-heading-title elementor-size-default\">1\u00aa Visita gratuita<\/p>\t\t\t\t<\/div>\n\t\t\t\t<\/div>\n\t\t\t\t\t<\/div>\n\t\t<\/div>\n\t\t\t\t<div class=\"elementor-column elementor-col-50 elementor-top-column elementor-element elementor-element-1987fc04\" data-id=\"1987fc04\" data-element_type=\"column\" data-e-type=\"column\" data-settings=\"{&quot;background_background&quot;:&quot;classic&quot;}\">\n\t\t\t<div class=\"elementor-widget-wrap elementor-element-populated\">\n\t\t\t\t\t\t<div class=\"elementor-element elementor-element-29459266 elementor-widget elementor-widget-spacer\" data-id=\"29459266\" data-element_type=\"widget\" data-e-type=\"widget\" data-widget_type=\"spacer.default\">\n\t\t\t\t<div class=\"elementor-widget-container\">\n\t\t\t\t\t\t\t<div class=\"elementor-spacer\">\n\t\t\t<div class=\"elementor-spacer-inner\"><\/div>\n\t\t<\/div>\n\t\t\t\t\t\t<\/div>\n\t\t\t\t<\/div>\n\t\t\t\t\t<\/div>\n\t\t<\/div>\n\t\t\t\t\t<\/div>\n\t\t<\/section>\n\t\t\t\t<section class=\"elementor-section elementor-top-section elementor-element elementor-element-1cdaba60 elementor-section-full_width elementor-section-content-middle elementor-section-stretched elementor-section-height-default elementor-section-height-default qodef-elementor-content-no elementor-invisible\" data-id=\"1cdaba60\" data-element_type=\"section\" data-e-type=\"section\" data-settings=\"{&quot;animation&quot;:&quot;fadeInUp&quot;,&quot;stretch_section&quot;:&quot;section-stretched&quot;}\">\n\t\t\t\t\t\t<div class=\"elementor-container elementor-column-gap-default\">\n\t\t\t\t\t<div class=\"elementor-column elementor-col-100 elementor-top-column elementor-element elementor-element-6ba0ea39\" data-id=\"6ba0ea39\" data-element_type=\"column\" data-e-type=\"column\">\n\t\t\t<div class=\"elementor-widget-wrap elementor-element-populated\">\n\t\t\t\t\t\t<div class=\"elementor-element elementor-element-7cac5505 elementor-widget elementor-widget-heading\" data-id=\"7cac5505\" data-element_type=\"widget\" data-e-type=\"widget\" data-widget_type=\"heading.default\">\n\t\t\t\t<div class=\"elementor-widget-container\">\n\t\t\t\t\t<h2 class=\"elementor-heading-title elementor-size-default\">Expertos en el tratamiento de adicciones<\/h2>\t\t\t\t<\/div>\n\t\t\t\t<\/div>\n\t\t\t\t<div class=\"elementor-element elementor-element-1c99bbbe elementor-widget elementor-widget-spacer\" data-id=\"1c99bbbe\" data-element_type=\"widget\" data-e-type=\"widget\" data-widget_type=\"spacer.default\">\n\t\t\t\t<div class=\"elementor-widget-container\">\n\t\t\t\t\t\t\t<div class=\"elementor-spacer\">\n\t\t\t<div class=\"elementor-spacer-inner\"><\/div>\n\t\t<\/div>\n\t\t\t\t\t\t<\/div>\n\t\t\t\t<\/div>\n\t\t\t\t<div class=\"elementor-element elementor-element-49262fe5 elementor-widget elementor-widget-text-editor\" data-id=\"49262fe5\" data-element_type=\"widget\" data-e-type=\"widget\" data-widget_type=\"text-editor.default\">\n\t\t\t\t<div class=\"elementor-widget-container\">\n\t\t\t\t\t\t\t\t\t<p>Hemos creado un tratamiento ambulatorio propio en el cual ofrecemos la cobertura necesaria para subsanar dichos problemas y ayudar tanto al paciente como a la familia a superar la adicci\u00f3n. Nos adaptamos a la necesidad del paciente y la familia ofreciendo un abanico amplio y flexible en cuanto a horarios y atenci\u00f3n tanto grupal como personalizada.<\/p><p>\u00a0<\/p><p>La adicci\u00f3n es muy similar a otras enfermedades, como las enfermedades card\u00edacas. Ambas perturban el funcionamiento normal y saludable del \u00f3rgano subyacente, tienen serias consecuencias nocivas y son evitables y tratables. Pero en caso de no tratarlas, pueden durar toda la vida. Por lo tanto hablamos de una enfermedad cr\u00f3nica.<\/p><p>\u00a0<\/p><p>La adicci\u00f3n es una enfermedad primaria, cr\u00f3nica y biopsicosocial que afecta a todos los aspectos de la persona: f\u00edsico, mental, emocional, existencial y social, por lo que requiere de un abordaje que integre e intervenga sobre todos estos aspectos en un tratamiento hol\u00edstico.<\/p>\t\t\t\t\t\t\t\t<\/div>\n\t\t\t\t<\/div>\n\t\t\t\t\t<\/div>\n\t\t<\/div>\n\t\t\t\t\t<\/div>\n\t\t<\/section>\n\t\t\t\t<section class=\"elementor-section elementor-top-section elementor-element elementor-element-601196df elementor-section-full_width elementor-section-content-middle elementor-section-stretched elementor-section-height-default elementor-section-height-default qodef-elementor-content-no\" data-id=\"601196df\" data-element_type=\"section\" data-e-type=\"section\" data-settings=\"{&quot;stretch_section&quot;:&quot;section-stretched&quot;}\">\n\t\t\t\t\t\t<div class=\"elementor-container elementor-column-gap-narrow\">\n\t\t\t\t\t<div class=\"elementor-column elementor-col-50 elementor-top-column elementor-element elementor-element-12c4aac7\" data-id=\"12c4aac7\" data-element_type=\"column\" data-e-type=\"column\">\n\t\t\t<div class=\"elementor-widget-wrap elementor-element-populated\">\n\t\t\t\t\t\t<div class=\"elementor-element elementor-element-13ac68cb elementor-invisible elementor-widget elementor-widget-image\" data-id=\"13ac68cb\" data-element_type=\"widget\" data-e-type=\"widget\" data-settings=\"{&quot;_animation&quot;:&quot;fadeInLeft&quot;}\" data-widget_type=\"image.default\">\n\t\t\t\t<div class=\"elementor-widget-container\">\n\t\t\t\t\t\t\t\t\t\t\t\t\t\t\t<img fetchpriority=\"high\" decoding=\"async\" width=\"712\" height=\"796\" src=\"https:\/\/forummontau.com\/valencia\/wp-content\/uploads\/sites\/14\/2023\/05\/home-imageamb-2.png\" class=\"attachment-full size-full wp-image-1925\" alt=\"\" srcset=\"https:\/\/forummontau.com\/valencia\/wp-content\/uploads\/sites\/14\/2023\/05\/home-imageamb-2.png 712w, https:\/\/forummontau.com\/valencia\/wp-content\/uploads\/sites\/14\/2023\/05\/home-imageamb-2-268x300.png 268w\" sizes=\"(max-width: 712px) 100vw, 712px\" \/>\t\t\t\t\t\t\t\t\t\t\t\t\t\t\t<\/div>\n\t\t\t\t<\/div>\n\t\t\t\t\t<\/div>\n\t\t<\/div>\n\t\t\t\t<div class=\"elementor-column elementor-col-50 elementor-top-column elementor-element elementor-element-2440c5bb elementor-invisible\" data-id=\"2440c5bb\" data-element_type=\"column\" data-e-type=\"column\" data-settings=\"{&quot;animation&quot;:&quot;fadeInRight&quot;}\">\n\t\t\t<div class=\"elementor-widget-wrap elementor-element-populated\">\n\t\t\t\t\t\t<div class=\"elementor-element elementor-element-72dea162 elementor-widget elementor-widget-heading\" data-id=\"72dea162\" data-element_type=\"widget\" data-e-type=\"widget\" data-widget_type=\"heading.default\">\n\t\t\t\t<div class=\"elementor-widget-container\">\n\t\t\t\t\t<h2 class=\"elementor-heading-title elementor-size-default\">Forum Salud Mental Valencia<\/h2>\t\t\t\t<\/div>\n\t\t\t\t<\/div>\n\t\t\t\t<div class=\"elementor-element elementor-element-1ead5809 elementor-widget elementor-widget-text-editor\" data-id=\"1ead5809\" data-element_type=\"widget\" data-e-type=\"widget\" data-widget_type=\"text-editor.default\">\n\t\t\t\t<div class=\"elementor-widget-container\">\n\t\t\t\t\t\t\t\t\t<p>Abordamos la adicci\u00f3n desde un punto biopsicosocial dejando atr\u00e1s falsos mitos y ofreciendo el mejor tratamiento ambulatorio para esta enfermedad.<\/p><p>\u00a0<\/p><p>Nuestro Modelo Integrador incluye un abordaje continuo, desarrollado y estructurado como red de apoyo para el adicto. La metodolog\u00eda que utilizamos est\u00e1 a la vanguardia de los mejores tratamientos que existen actualmente a nivel mundial basando nuestras t\u00e9cnicas en las empleadas desde hace m\u00e1s de 50 a\u00f1os en EEUU.<\/p><p>\u00a0<\/p><p>Basamos nuestra intervenci\u00f3n en un m\u00e9todo propio pionero e innovador que tiene como referencia dos modelos: el modelo Minessota y el CRA, Aproximaci\u00f3n de Reforzamiento Comunitario (<a href=\"https:\/\/en.wikipedia.org\/wiki\/Community_reinforcement_approach_and_family_training\">Community Reinforcement Approach<\/a>).<\/p>\t\t\t\t\t\t\t\t<\/div>\n\t\t\t\t<\/div>\n\t\t\t\t\t<\/div>\n\t\t<\/div>\n\t\t\t\t\t<\/div>\n\t\t<\/section>\n\t\t\t\t<\/div>\n\t\t","protected":false},"excerpt":{"rendered":"<p>Centro Ambulatorio para el Tratamiento de las Adicciones en Valencia Cobertura necesaria para subsanar problemas de adicci\u00f3n y ayudar tanto al paciente como a la familia. Da el primer paso 900 802 408 1\u00aa Visita gratuita Expertos en el tratamiento de adicciones Hemos creado un tratamiento ambulatorio propio en el cual ofrecemos la cobertura necesaria [&hellip;]<\/p>\n","protected":false},"author":2,"featured_media":0,"parent":0,"menu_order":0,"comment_status":"closed","ping_status":"closed","template":"","meta":{"ocean_post_layout":"full-screen","ocean_both_sidebars_style":"","ocean_both_sidebars_content_width":0,"ocean_both_sidebars_sidebars_width":0,"ocean_sidebar":"0","ocean_second_sidebar":"0","ocean_disable_margins":"enable","ocean_add_body_class":"","ocean_shortcode_before_top_bar":"","ocean_shortcode_after_top_bar":"","ocean_shortcode_before_header":"","ocean_shortcode_after_header":"","ocean_has_shortcode":"","ocean_shortcode_after_title":"","ocean_shortcode_before_footer_widgets":"","ocean_shortcode_after_footer_widgets":"","ocean_shortcode_before_footer_bottom":"","ocean_shortcode_after_footer_bottom":"","ocean_display_top_bar":"default","ocean_display_header":"default","ocean_header_style":"","ocean_center_header_left_menu":"0","ocean_custom_header_template":"0","ocean_custom_logo":0,"ocean_custom_retina_logo":0,"ocean_custom_logo_max_width":0,"ocean_custom_logo_tablet_max_width":0,"ocean_custom_logo_mobile_max_width":0,"ocean_custom_logo_max_height":0,"ocean_custom_logo_tablet_max_height":0,"ocean_custom_logo_mobile_max_height":0,"ocean_header_custom_menu":"0","ocean_menu_typo_font_family":"0","ocean_menu_typo_font_subset":"","ocean_menu_typo_font_size":0,"ocean_menu_typo_font_size_tablet":0,"ocean_menu_typo_font_size_mobile":0,"ocean_menu_typo_font_size_unit":"px","ocean_menu_typo_font_weight":"","ocean_menu_typo_font_weight_tablet":"","ocean_menu_typo_font_weight_mobile":"","ocean_menu_typo_transform":"","ocean_menu_typo_transform_tablet":"","ocean_menu_typo_transform_mobile":"","ocean_menu_typo_line_height":0,"ocean_menu_typo_line_height_tablet":0,"ocean_menu_typo_line_height_mobile":0,"ocean_menu_typo_line_height_unit":"","ocean_menu_typo_spacing":0,"ocean_menu_typo_spacing_tablet":0,"ocean_menu_typo_spacing_mobile":0,"ocean_menu_typo_spacing_unit":"","ocean_menu_link_color":"","ocean_menu_link_color_hover":"","ocean_menu_link_color_active":"","ocean_menu_link_background":"","ocean_menu_link_hover_background":"","ocean_menu_link_active_background":"","ocean_menu_social_links_bg":"","ocean_menu_social_hover_links_bg":"","ocean_menu_social_links_color":"","ocean_menu_social_hover_links_color":"","ocean_disable_title":"on","ocean_disable_heading":"default","ocean_post_title":"","ocean_post_subheading":"","ocean_post_title_style":"","ocean_post_title_background_color":"","ocean_post_title_background":0,"ocean_post_title_bg_image_position":"","ocean_post_title_bg_image_attachment":"","ocean_post_title_bg_image_repeat":"","ocean_post_title_bg_image_size":"","ocean_post_title_height":0,"ocean_post_title_bg_overlay":0.5,"ocean_post_title_bg_overlay_color":"","ocean_disable_breadcrumbs":"default","ocean_breadcrumbs_color":"","ocean_breadcrumbs_separator_color":"","ocean_breadcrumbs_links_color":"","ocean_breadcrumbs_links_hover_color":"","ocean_display_footer_widgets":"default","ocean_display_footer_bottom":"default","ocean_custom_footer_template":"0","footnotes":""},"class_list":["post-2093","page","type-page","status-publish","hentry","entry"],"yoast_head":"<!-- This site is optimized with the Yoast SEO plugin v27.3 - https:\/\/yoast.com\/product\/yoast-seo-wordpress\/ -->\n<title>Tratamiento Ambulatorio - Forum Salud Mental Valencia<\/title>\n<meta name=\"description\" content=\"Tratamiento ambulatorio propio dando cobertura para subsanar problemas y ayudar tanto al paciente como a la familia a superar la adicci\u00f3n. Nos adaptamos a la necesidad del paciente y la familia ofreciendo un abanico amplio y flexible en cuanto a horarios y atenci\u00f3n tanto grupal como personalizada.\" \/>\n<meta name=\"robots\" content=\"index, follow, max-snippet:-1, max-image-preview:large, max-video-preview:-1\" \/>\n<link rel=\"canonical\" href=\"https:\/\/forummontau.com\/valencia\/tratamiento-ambulatorio\/\" \/>\n<meta property=\"og:locale\" content=\"es_ES\" \/>\n<meta property=\"og:type\" content=\"article\" \/>\n<meta property=\"og:title\" content=\"Tratamiento Ambulatorio - Forum Salud Mental Valencia\" \/>\n<meta property=\"og:description\" content=\"Tratamiento ambulatorio propio dando cobertura para subsanar problemas y ayudar tanto al paciente como a la familia a superar la adicci\u00f3n. Nos adaptamos a la necesidad del paciente y la familia ofreciendo un abanico amplio y flexible en cuanto a horarios y atenci\u00f3n tanto grupal como personalizada.\" \/>\n<meta property=\"og:url\" content=\"https:\/\/forummontau.com\/valencia\/tratamiento-ambulatorio\/\" \/>\n<meta property=\"og:site_name\" content=\"Forum Salud Mental Valencia\" \/>\n<meta property=\"article:modified_time\" content=\"2023-11-30T14:45:19+00:00\" \/>\n<meta property=\"og:image\" content=\"https:\/\/forummontau.com\/valencia\/wp-content\/uploads\/sites\/14\/2023\/05\/home-imageamb-2.png\" \/>\n<meta name=\"twitter:card\" content=\"summary_large_image\" \/>\n<meta name=\"twitter:label1\" content=\"Tiempo de lectura\" \/>\n\t<meta name=\"twitter:data1\" content=\"2 minutos\" \/>\n<script type=\"application\/ld+json\" class=\"yoast-schema-graph\">{\"@context\":\"https:\\\/\\\/schema.org\",\"@graph\":[{\"@type\":\"WebPage\",\"@id\":\"https:\\\/\\\/forummontau.com\\\/valencia\\\/tratamiento-ambulatorio\\\/\",\"url\":\"https:\\\/\\\/forummontau.com\\\/valencia\\\/tratamiento-ambulatorio\\\/\",\"name\":\"Tratamiento Ambulatorio - Forum Salud Mental Valencia\",\"isPartOf\":{\"@id\":\"https:\\\/\\\/forummontau.com\\\/valencia\\\/#website\"},\"primaryImageOfPage\":{\"@id\":\"https:\\\/\\\/forummontau.com\\\/valencia\\\/tratamiento-ambulatorio\\\/#primaryimage\"},\"image\":{\"@id\":\"https:\\\/\\\/forummontau.com\\\/valencia\\\/tratamiento-ambulatorio\\\/#primaryimage\"},\"thumbnailUrl\":\"https:\\\/\\\/forummontau.com\\\/valencia\\\/wp-content\\\/uploads\\\/sites\\\/14\\\/2023\\\/05\\\/home-imageamb-2.png\",\"datePublished\":\"2023-05-16T14:26:16+00:00\",\"dateModified\":\"2023-11-30T14:45:19+00:00\",\"description\":\"Tratamiento ambulatorio propio dando cobertura para subsanar problemas y ayudar tanto al paciente como a la familia a superar la adicci\u00f3n. Nos adaptamos a la necesidad del paciente y la familia ofreciendo un abanico amplio y flexible en cuanto a horarios y atenci\u00f3n tanto grupal como personalizada.\",\"breadcrumb\":{\"@id\":\"https:\\\/\\\/forummontau.com\\\/valencia\\\/tratamiento-ambulatorio\\\/#breadcrumb\"},\"inLanguage\":\"es\",\"potentialAction\":[{\"@type\":\"ReadAction\",\"target\":[\"https:\\\/\\\/forummontau.com\\\/valencia\\\/tratamiento-ambulatorio\\\/\"]}]},{\"@type\":\"ImageObject\",\"inLanguage\":\"es\",\"@id\":\"https:\\\/\\\/forummontau.com\\\/valencia\\\/tratamiento-ambulatorio\\\/#primaryimage\",\"url\":\"https:\\\/\\\/forummontau.com\\\/valencia\\\/wp-content\\\/uploads\\\/sites\\\/14\\\/2023\\\/05\\\/home-imageamb-2.png\",\"contentUrl\":\"https:\\\/\\\/forummontau.com\\\/valencia\\\/wp-content\\\/uploads\\\/sites\\\/14\\\/2023\\\/05\\\/home-imageamb-2.png\",\"width\":712,\"height\":796},{\"@type\":\"BreadcrumbList\",\"@id\":\"https:\\\/\\\/forummontau.com\\\/valencia\\\/tratamiento-ambulatorio\\\/#breadcrumb\",\"itemListElement\":[{\"@type\":\"ListItem\",\"position\":1,\"name\":\"Portada\",\"item\":\"https:\\\/\\\/forummontau.com\\\/valencia\\\/\"},{\"@type\":\"ListItem\",\"position\":2,\"name\":\"Tratamiento Ambulatorio\"}]},{\"@type\":\"WebSite\",\"@id\":\"https:\\\/\\\/forummontau.com\\\/valencia\\\/#website\",\"url\":\"https:\\\/\\\/forummontau.com\\\/valencia\\\/\",\"name\":\"Forum Salud Mental Valencia\",\"description\":\"Centro Desintoxicaci\u00f3n y Adicciones en Valencia\",\"publisher\":{\"@id\":\"https:\\\/\\\/forummontau.com\\\/valencia\\\/#organization\"},\"potentialAction\":[{\"@type\":\"SearchAction\",\"target\":{\"@type\":\"EntryPoint\",\"urlTemplate\":\"https:\\\/\\\/forummontau.com\\\/valencia\\\/?s={search_term_string}\"},\"query-input\":{\"@type\":\"PropertyValueSpecification\",\"valueRequired\":true,\"valueName\":\"search_term_string\"}}],\"inLanguage\":\"es\"},{\"@type\":\"Organization\",\"@id\":\"https:\\\/\\\/forummontau.com\\\/valencia\\\/#organization\",\"name\":\"Forum Salud Mental Valencia\",\"url\":\"https:\\\/\\\/forummontau.com\\\/valencia\\\/\",\"logo\":{\"@type\":\"ImageObject\",\"inLanguage\":\"es\",\"@id\":\"https:\\\/\\\/forummontau.com\\\/valencia\\\/#\\\/schema\\\/logo\\\/image\\\/\",\"url\":\"https:\\\/\\\/forummontau.com\\\/valencia\\\/wp-content\\\/uploads\\\/sites\\\/14\\\/2023\\\/07\\\/valencia.png\",\"contentUrl\":\"https:\\\/\\\/forummontau.com\\\/valencia\\\/wp-content\\\/uploads\\\/sites\\\/14\\\/2023\\\/07\\\/valencia.png\",\"width\":214,\"height\":119,\"caption\":\"Forum Salud Mental Valencia\"},\"image\":{\"@id\":\"https:\\\/\\\/forummontau.com\\\/valencia\\\/#\\\/schema\\\/logo\\\/image\\\/\"}}]}<\/script>\n<!-- \/ Yoast SEO plugin. -->","yoast_head_json":{"title":"Tratamiento Ambulatorio - Forum Salud Mental Valencia","description":"Tratamiento ambulatorio propio dando cobertura para subsanar problemas y ayudar tanto al paciente como a la familia a superar la adicci\u00f3n. Nos adaptamos a la necesidad del paciente y la familia ofreciendo un abanico amplio y flexible en cuanto a horarios y atenci\u00f3n tanto grupal como personalizada.","robots":{"index":"index","follow":"follow","max-snippet":"max-snippet:-1","max-image-preview":"max-image-preview:large","max-video-preview":"max-video-preview:-1"},"canonical":"https:\/\/forummontau.com\/valencia\/tratamiento-ambulatorio\/","og_locale":"es_ES","og_type":"article","og_title":"Tratamiento Ambulatorio - Forum Salud Mental Valencia","og_description":"Tratamiento ambulatorio propio dando cobertura para subsanar problemas y ayudar tanto al paciente como a la familia a superar la adicci\u00f3n. Nos adaptamos a la necesidad del paciente y la familia ofreciendo un abanico amplio y flexible en cuanto a horarios y atenci\u00f3n tanto grupal como personalizada.","og_url":"https:\/\/forummontau.com\/valencia\/tratamiento-ambulatorio\/","og_site_name":"Forum Salud Mental Valencia","article_modified_time":"2023-11-30T14:45:19+00:00","og_image":[{"url":"https:\/\/forummontau.com\/valencia\/wp-content\/uploads\/sites\/14\/2023\/05\/home-imageamb-2.png","type":"","width":"","height":""}],"twitter_card":"summary_large_image","twitter_misc":{"Tiempo de lectura":"2 minutos"},"schema":{"@context":"https:\/\/schema.org","@graph":[{"@type":"WebPage","@id":"https:\/\/forummontau.com\/valencia\/tratamiento-ambulatorio\/","url":"https:\/\/forummontau.com\/valencia\/tratamiento-ambulatorio\/","name":"Tratamiento Ambulatorio - Forum Salud Mental Valencia","isPartOf":{"@id":"https:\/\/forummontau.com\/valencia\/#website"},"primaryImageOfPage":{"@id":"https:\/\/forummontau.com\/valencia\/tratamiento-ambulatorio\/#primaryimage"},"image":{"@id":"https:\/\/forummontau.com\/valencia\/tratamiento-ambulatorio\/#primaryimage"},"thumbnailUrl":"https:\/\/forummontau.com\/valencia\/wp-content\/uploads\/sites\/14\/2023\/05\/home-imageamb-2.png","datePublished":"2023-05-16T14:26:16+00:00","dateModified":"2023-11-30T14:45:19+00:00","description":"Tratamiento ambulatorio propio dando cobertura para subsanar problemas y ayudar tanto al paciente como a la familia a superar la adicci\u00f3n. Nos adaptamos a la necesidad del paciente y la familia ofreciendo un abanico amplio y flexible en cuanto a horarios y atenci\u00f3n tanto grupal como personalizada.","breadcrumb":{"@id":"https:\/\/forummontau.com\/valencia\/tratamiento-ambulatorio\/#breadcrumb"},"inLanguage":"es","potentialAction":[{"@type":"ReadAction","target":["https:\/\/forummontau.com\/valencia\/tratamiento-ambulatorio\/"]}]},{"@type":"ImageObject","inLanguage":"es","@id":"https:\/\/forummontau.com\/valencia\/tratamiento-ambulatorio\/#primaryimage","url":"https:\/\/forummontau.com\/valencia\/wp-content\/uploads\/sites\/14\/2023\/05\/home-imageamb-2.png","contentUrl":"https:\/\/forummontau.com\/valencia\/wp-content\/uploads\/sites\/14\/2023\/05\/home-imageamb-2.png","width":712,"height":796},{"@type":"BreadcrumbList","@id":"https:\/\/forummontau.com\/valencia\/tratamiento-ambulatorio\/#breadcrumb","itemListElement":[{"@type":"ListItem","position":1,"name":"Portada","item":"https:\/\/forummontau.com\/valencia\/"},{"@type":"ListItem","position":2,"name":"Tratamiento Ambulatorio"}]},{"@type":"WebSite","@id":"https:\/\/forummontau.com\/valencia\/#website","url":"https:\/\/forummontau.com\/valencia\/","name":"Forum Salud Mental Valencia","description":"Centro Desintoxicaci\u00f3n y Adicciones en Valencia","publisher":{"@id":"https:\/\/forummontau.com\/valencia\/#organization"},"potentialAction":[{"@type":"SearchAction","target":{"@type":"EntryPoint","urlTemplate":"https:\/\/forummontau.com\/valencia\/?s={search_term_string}"},"query-input":{"@type":"PropertyValueSpecification","valueRequired":true,"valueName":"search_term_string"}}],"inLanguage":"es"},{"@type":"Organization","@id":"https:\/\/forummontau.com\/valencia\/#organization","name":"Forum Salud Mental Valencia","url":"https:\/\/forummontau.com\/valencia\/","logo":{"@type":"ImageObject","inLanguage":"es","@id":"https:\/\/forummontau.com\/valencia\/#\/schema\/logo\/image\/","url":"https:\/\/forummontau.com\/valencia\/wp-content\/uploads\/sites\/14\/2023\/07\/valencia.png","contentUrl":"https:\/\/forummontau.com\/valencia\/wp-content\/uploads\/sites\/14\/2023\/07\/valencia.png","width":214,"height":119,"caption":"Forum Salud Mental Valencia"},"image":{"@id":"https:\/\/forummontau.com\/valencia\/#\/schema\/logo\/image\/"}}]}},"_links":{"self":[{"href":"https:\/\/forummontau.com\/valencia\/wp-json\/wp\/v2\/pages\/2093","targetHints":{"allow":["GET"]}}],"collection":[{"href":"https:\/\/forummontau.com\/valencia\/wp-json\/wp\/v2\/pages"}],"about":[{"href":"https:\/\/forummontau.com\/valencia\/wp-json\/wp\/v2\/types\/page"}],"author":[{"embeddable":true,"href":"https:\/\/forummontau.com\/valencia\/wp-json\/wp\/v2\/users\/2"}],"replies":[{"embeddable":true,"href":"https:\/\/forummontau.com\/valencia\/wp-json\/wp\/v2\/comments?post=2093"}],"version-history":[{"count":21,"href":"https:\/\/forummontau.com\/valencia\/wp-json\/wp\/v2\/pages\/2093\/revisions"}],"predecessor-version":[{"id":3297,"href":"https:\/\/forummontau.com\/valencia\/wp-json\/wp\/v2\/pages\/2093\/revisions\/3297"}],"wp:attachment":[{"href":"https:\/\/forummontau.com\/valencia\/wp-json\/wp\/v2\/media?parent=2093"}],"curies":[{"name":"wp","href":"https:\/\/api.w.org\/{rel}","templated":true}]}}